{"id":42013,"date":"2020-02-05T13:22:16","date_gmt":"2020-02-05T12:22:16","guid":{"rendered":"https:\/\/cigarquality.com\/?post_type=product&#038;p=32249"},"modified":"2026-01-10T17:30:33","modified_gmt":"2026-01-10T16:30:33","slug":"s-t-dupont-briquet-defi-xxtreme-noir-et-rouge-mat","status":"publish","type":"product","link":"https:\/\/cigarquality.com\/ja\/boutique\/accessoires-cigares\/briquets\/s-t-dupont\/defi-xxtreme\/s-t-dupont-briquet-defi-xxtreme-noir-et-rouge-mat\/","title":{"rendered":"\u30e9\u30a4\u30bf\u30fc S.T.\u30c7\u30e5\u30dd\u30f3 \u30c7\u30d5\u30a3 \u30a8\u30af\u30b9\u30c8\u30ea\u30fc\u30e0 \u30d6\u30e9\u30c3\u30af\uff06\u30de\u30c3\u30c8\u30ec\u30c3\u30c9"},"content":{"rendered":"<p>Le briquet S.T. Dupont D\u00e9fi Xxtreme noir et rouge mat est le briquet pour les aventuriers modernes. Avec sa puissante double flamme, il r\u00e9siste m\u00eame aux conditions les plus extr\u00eames ! Le S.T. Dupont D\u00e9fi Xxtreme noir et rouge mat vous accompagnera dans vos aventures les plus extraordinaires.<\/p>","protected":false},"excerpt":{"rendered":"<p>\u30b8\u30a7\u30c3\u30c8\u30c7\u30e5\u30a2\u30eb\u30d5\u30ec\u30fc\u30e0\u30e9\u30a4\u30bf\u30fc\u3002.<\/p>","protected":false},"featured_media":42015,"template":"","meta":{"_acf_changed":false},"product_brand":[],"product_cat":[21754,21984,39882,21986],"product_tag":[],"class_list":{"0":"post-42013","1":"product","2":"type-product","3":"status-publish","4":"has-post-thumbnail","6":"product_cat-accessoires-cigares","7":"product_cat-briquets","8":"product_cat-defi-xxtreme","9":"product_cat-s-t-dupont","10":"product_shipping_class-briquet","12":"first","13":"instock","14":"taxable","15":"shipping-taxable","16":"purchasable","17":"product-type-simple"},"acf":[],"_links":{"self":[{"href":"https:\/\/cigarquality.com\/ja\/wp-json\/wp\/v2\/product\/42013","targetHints":{"allow":["GET"]}}],"collection":[{"href":"https:\/\/cigarquality.com\/ja\/wp-json\/wp\/v2\/product"}],"about":[{"href":"https:\/\/cigarquality.com\/ja\/wp-json\/wp\/v2\/types\/product"}],"wp:featuredmedia":[{"embeddable":true,"href":"https:\/\/cigarquality.com\/ja\/wp-json\/wp\/v2\/media\/42015"}],"wp:attachment":[{"href":"https:\/\/cigarquality.com\/ja\/wp-json\/wp\/v2\/media?parent=42013"}],"wp:term":[{"taxonomy":"product_brand","embeddable":true,"href":"https:\/\/cigarquality.com\/ja\/wp-json\/wp\/v2\/product_brand?post=42013"},{"taxonomy":"product_cat","embeddable":true,"href":"https:\/\/cigarquality.com\/ja\/wp-json\/wp\/v2\/product_cat?post=42013"},{"taxonomy":"product_tag","embeddable":true,"href":"https:\/\/cigarquality.com\/ja\/wp-json\/wp\/v2\/product_tag?post=42013"}],"curies":[{"name":"wp","href":"https:\/\/api.w.org\/{rel}","templated":true}]}}