{"id":41521,"date":"2020-02-20T13:26:54","date_gmt":"2020-02-20T12:26:54","guid":{"rendered":"https:\/\/cigarquality.com\/?post_type=product&#038;p=32971"},"modified":"2025-12-01T10:09:26","modified_gmt":"2025-12-01T09:09:26","slug":"le-petit-wood-padouk-coupe-cigare-les-fines-lames","status":"publish","type":"product","link":"https:\/\/cigarquality.com\/ja\/boutique\/accessoires-cigares\/coupe-cigares\/les-fines-lames\/le-petit-wood-padouk-coupe-cigare-les-fines-lames\/","title":{"rendered":"\u30b7\u30ac\u30fc\u30ab\u30c3\u30bf\u30fc \u30ec\u30fb\u30d5\u30a3\u30fc\u30cc\u30fb\u30e9\u30e0\u30b9 \u30eb\u30fb\u30d7\u30c6\u30a3\u30fb\u30a6\u30c3\u30c9\u30fb\u30d1\u30c9\u30a5\u30fc\u30af"},"content":{"rendered":"<p>\u767a\u898b <strong>Le Petit Wood Padouk coupe cigare by Les Fines Lames,<\/strong> \u611b\u597d\u5bb6\u306e\u305f\u3081\u306e\u7a76\u6975\u306e\u30dd\u30b1\u30c3\u30c8\u30ca\u30a4\u30d5\u3002.<br \/>\n\u8449\u5dfb\u3092\u30ab\u30c3\u30c8\u3059\u308b\u306e\u306b\u3082\u4f7f\u3048\u308b\u3001\u591a\u6a5f\u80fd\u3067\u30b9\u30de\u30fc\u30c8\u3001\u305d\u3057\u3066\u5927\u80c6\u306a\u30dd\u30b1\u30c3\u30c8\u578b\u306e\u6298\u308a\u305f\u305f\u307f\u5f0f\u30b7\u30ac\u30fc\u30ab\u30c3\u30bf\u30fc\u3002.<\/p>\n<p><strong>Naturellement rouge<\/strong><br \/>\nDurable et rigide, dot\u00e9 d&rsquo;une stabilit\u00e9 exceptionnelle, le Petit Wood Padouk a une couleur rouge-orang\u00e9e absolument unique. Sensible aux UV, le bois prendra une superbe patine avec le temps et une couleur tirant sur un rouge plus fonc\u00e9. C&rsquo;est un processus qu&rsquo;il est possible d&rsquo;\u00e9viter en conservant au maximum son couteau dans son \u00e9tui (non fourni).<\/p>\n<p class=\"page-product-heading\"><strong>\u958b\u53e3\u90e8\u306e\u76f4\u5f84\uff1a<\/strong> 23mm (7\/8\u2033)<\/p>","protected":false},"excerpt":{"rendered":"<p>\u8449\u5dfb\u5207\u308a\u30ca\u30a4\u30d5\u3002.<\/p>","protected":false},"featured_media":41531,"template":"","meta":{"_acf_changed":false},"product_brand":[],"product_cat":[21754,21757,22090],"product_tag":[],"class_list":{"0":"post-41521","1":"product","2":"type-product","3":"status-publish","4":"has-post-thumbnail","6":"product_cat-accessoires-cigares","7":"product_cat-coupe-cigares","8":"product_cat-les-fines-lames","9":"product_shipping_class-divers","11":"first","12":"instock","13":"taxable","14":"shipping-taxable","15":"purchasable","16":"product-type-simple"},"acf":[],"_links":{"self":[{"href":"https:\/\/cigarquality.com\/ja\/wp-json\/wp\/v2\/product\/41521","targetHints":{"allow":["GET"]}}],"collection":[{"href":"https:\/\/cigarquality.com\/ja\/wp-json\/wp\/v2\/product"}],"about":[{"href":"https:\/\/cigarquality.com\/ja\/wp-json\/wp\/v2\/types\/product"}],"wp:featuredmedia":[{"embeddable":true,"href":"https:\/\/cigarquality.com\/ja\/wp-json\/wp\/v2\/media\/41531"}],"wp:attachment":[{"href":"https:\/\/cigarquality.com\/ja\/wp-json\/wp\/v2\/media?parent=41521"}],"wp:term":[{"taxonomy":"product_brand","embeddable":true,"href":"https:\/\/cigarquality.com\/ja\/wp-json\/wp\/v2\/product_brand?post=41521"},{"taxonomy":"product_cat","embeddable":true,"href":"https:\/\/cigarquality.com\/ja\/wp-json\/wp\/v2\/product_cat?post=41521"},{"taxonomy":"product_tag","embeddable":true,"href":"https:\/\/cigarquality.com\/ja\/wp-json\/wp\/v2\/product_tag?post=41521"}],"curies":[{"name":"wp","href":"https:\/\/api.w.org\/{rel}","templated":true}]}}