{"id":41509,"date":"2020-02-20T13:41:32","date_gmt":"2020-02-20T12:41:32","guid":{"rendered":"https:\/\/cigarquality.com\/?post_type=product&#038;p=32977"},"modified":"2025-07-25T13:31:25","modified_gmt":"2025-07-25T11:31:25","slug":"le-petit-wood-ebony-coupe-cigare-les-fines-lames","status":"publish","type":"product","link":"https:\/\/cigarquality.com\/ja\/boutique\/accessoires-cigares\/coupe-cigares\/les-fines-lames\/le-petit-wood-ebony-coupe-cigare-les-fines-lames\/","title":{"rendered":"\u30b7\u30ac\u30fc\u30ab\u30c3\u30bf\u30fc \u30ec\u30fb\u30d5\u30a3\u30fc\u30cc\u30fb\u30e9\u30e0\u30b9 \u30eb\u30fb\u30d7\u30c6\u30a3 \u30a6\u30c3\u30c9 \u9ed2\u6a80"},"content":{"rendered":"<p>\u767a\u898b <strong>Le Petit Wood Ebony (\u00e9b\u00e8ne) coupe cigare by Les Fines Lames,<\/strong> \u611b\u597d\u5bb6\u306e\u305f\u3081\u306e\u7a76\u6975\u306e\u30dd\u30b1\u30c3\u30c8\u30ca\u30a4\u30d5\u3002.<br \/>\n\u8449\u5dfb\u3092\u30ab\u30c3\u30c8\u3059\u308b\u306e\u306b\u3082\u4f7f\u3048\u308b\u3001\u591a\u6a5f\u80fd\u3067\u30b9\u30de\u30fc\u30c8\u3001\u305d\u3057\u3066\u5927\u80c6\u306a\u30dd\u30b1\u30c3\u30c8\u578b\u306e\u6298\u308a\u305f\u305f\u307f\u5f0f\u30b7\u30ac\u30fc\u30ab\u30c3\u30bf\u30fc\u3002.<\/p>\n<p><strong>Noir c&rsquo;est noir<\/strong><br \/>\nUn bois (\u00e9b\u00e8ne) noir tr\u00e8s durable, d&rsquo;une densit\u00e9 extr\u00eamement \u00e9lev\u00e9e avec peu de variation et de grain. Occasionnellement, certaines pi\u00e8ces peuvent pr\u00e9senter des stries d&rsquo;un marron ou gris sombre, donnant un caract\u00e8re additionnel au bois.<\/p>\n<p class=\"page-product-heading\"><strong>\u958b\u53e3\u90e8\u306e\u76f4\u5f84\uff1a<\/strong> 23mm (7\/8\u2033)<\/p>","protected":false},"excerpt":{"rendered":"<p>\u8449\u5dfb\u5207\u308a\u30ca\u30a4\u30d5\u3002.<\/p>","protected":false},"featured_media":41519,"template":"","meta":{"_acf_changed":false},"product_brand":[],"product_cat":[21754,21757,22090],"product_tag":[],"class_list":{"0":"post-41509","1":"product","2":"type-product","3":"status-publish","4":"has-post-thumbnail","6":"product_cat-accessoires-cigares","7":"product_cat-coupe-cigares","8":"product_cat-les-fines-lames","9":"product_shipping_class-divers","11":"first","12":"instock","13":"taxable","14":"shipping-taxable","15":"purchasable","16":"product-type-simple"},"acf":[],"_links":{"self":[{"href":"https:\/\/cigarquality.com\/ja\/wp-json\/wp\/v2\/product\/41509","targetHints":{"allow":["GET"]}}],"collection":[{"href":"https:\/\/cigarquality.com\/ja\/wp-json\/wp\/v2\/product"}],"about":[{"href":"https:\/\/cigarquality.com\/ja\/wp-json\/wp\/v2\/types\/product"}],"wp:featuredmedia":[{"embeddable":true,"href":"https:\/\/cigarquality.com\/ja\/wp-json\/wp\/v2\/media\/41519"}],"wp:attachment":[{"href":"https:\/\/cigarquality.com\/ja\/wp-json\/wp\/v2\/media?parent=41509"}],"wp:term":[{"taxonomy":"product_brand","embeddable":true,"href":"https:\/\/cigarquality.com\/ja\/wp-json\/wp\/v2\/product_brand?post=41509"},{"taxonomy":"product_cat","embeddable":true,"href":"https:\/\/cigarquality.com\/ja\/wp-json\/wp\/v2\/product_cat?post=41509"},{"taxonomy":"product_tag","embeddable":true,"href":"https:\/\/cigarquality.com\/ja\/wp-json\/wp\/v2\/product_tag?post=41509"}],"curies":[{"name":"wp","href":"https:\/\/api.w.org\/{rel}","templated":true}]}}