{"id":41373,"date":"2020-02-21T14:44:43","date_gmt":"2020-02-21T13:44:43","guid":{"rendered":"https:\/\/cigarquality.com\/?post_type=product&#038;p=33064"},"modified":"2025-07-25T13:56:56","modified_gmt":"2025-07-25T11:56:56","slug":"s-t-dupont-briquet-minijet-chrome-brosse","status":"publish","type":"product","link":"https:\/\/cigarquality.com\/ja\/boutique\/accessoires-cigares\/briquets\/s-t-dupont\/minijet\/s-t-dupont-briquet-minijet-chrome-brosse\/","title":{"rendered":"\u30e9\u30a4\u30bf\u30fc S.T.\u30c7\u30e5\u30dd\u30f3 \u30df\u30cb\u30b8\u30a7\u30c3\u30c8 \u30d6\u30e9\u30c3\u30b7\u30e5\u30c9\u30af\u30ed\u30fc\u30e0"},"content":{"rendered":"<p><strong>D\u00e9couvrez le nouveau S.T. Dupont briquet Minijet Chrome Bross\u00e9,<\/strong> un concentr\u00e9 d&rsquo;\u00e9l\u00e9gance, de sophistication et de haute performance. Ce miniJet aux d\u00e9tails chrom\u00e9s se r\u00e9v\u00e8lera \u00eatre un accessoire utile et pratique en toutes circonstances gr\u00e2ce \u00e0 sa puissante flamme torche bleue.<\/p>","protected":false},"excerpt":{"rendered":"<p>\u5358\u767a\u5f0f\u30b8\u30a7\u30c3\u30c8\u30e9\u30a4\u30bf\u30fc\u3002.<\/p>","protected":false},"featured_media":33065,"template":"","meta":{"_acf_changed":false},"product_brand":[],"product_cat":[21754,21984,21988,21986],"product_tag":[],"class_list":{"0":"post-41373","1":"product","2":"type-product","3":"status-publish","4":"has-post-thumbnail","6":"product_cat-accessoires-cigares","7":"product_cat-briquets","8":"product_cat-minijet","9":"product_cat-s-t-dupont","10":"product_shipping_class-briquet","12":"first","13":"outofstock","14":"taxable","15":"shipping-taxable","16":"purchasable","17":"product-type-simple"},"acf":[],"_links":{"self":[{"href":"https:\/\/cigarquality.com\/ja\/wp-json\/wp\/v2\/product\/41373","targetHints":{"allow":["GET"]}}],"collection":[{"href":"https:\/\/cigarquality.com\/ja\/wp-json\/wp\/v2\/product"}],"about":[{"href":"https:\/\/cigarquality.com\/ja\/wp-json\/wp\/v2\/types\/product"}],"wp:featuredmedia":[{"embeddable":true,"href":"https:\/\/cigarquality.com\/ja\/wp-json\/wp\/v2\/media\/33065"}],"wp:attachment":[{"href":"https:\/\/cigarquality.com\/ja\/wp-json\/wp\/v2\/media?parent=41373"}],"wp:term":[{"taxonomy":"product_brand","embeddable":true,"href":"https:\/\/cigarquality.com\/ja\/wp-json\/wp\/v2\/product_brand?post=41373"},{"taxonomy":"product_cat","embeddable":true,"href":"https:\/\/cigarquality.com\/ja\/wp-json\/wp\/v2\/product_cat?post=41373"},{"taxonomy":"product_tag","embeddable":true,"href":"https:\/\/cigarquality.com\/ja\/wp-json\/wp\/v2\/product_tag?post=41373"}],"curies":[{"name":"wp","href":"https:\/\/api.w.org\/{rel}","templated":true}]}}