{"id":41317,"date":"2020-02-24T17:01:01","date_gmt":"2020-02-24T16:01:01","guid":{"rendered":"https:\/\/cigarquality.com\/?post_type=product&#038;p=33267"},"modified":"2026-01-23T15:30:23","modified_gmt":"2026-01-23T14:30:23","slug":"langatun-jabobs-dram-cp","status":"publish","type":"product","link":"https:\/\/cigarquality.com\/ja\/boutique\/alcools\/whisky\/langatun\/langatun-jabobs-dram-cp\/","title":{"rendered":"\u30b8\u30a7\u30a4\u30b3\u30d6\u30ba\u30fb\u30c9\u30e9\u30e0 \u30e9\u30f3\u30ac\u30c8\u30a5\u30f3\u30fb\u30b7\u30f3\u30b0\u30eb\u30e2\u30eb\u30c8\u30fb\u30a6\u30a4\u30b9\u30ad\u30fc"},"content":{"rendered":"<p>Nous avons d\u00e9di\u00e9 cette mise en bouteille sp\u00e9ciale au fondateur de la dynastie des distillateurs LANGATUN.<\/p>\n<p>Le Langatun \u00ab\u00a0Jacob&rsquo;s Dram\u00a0\u00bb est stock\u00e9 dans des f\u00fbts s\u00e9lectionn\u00e9s de Pinot Noir pendant toute la p\u00e9riode de maturation. Ce stockage donne au whisky sa complexit\u00e9 merveilleusement cors\u00e9e. En 2016, la distillerie Langatun a m\u00eame pu accepter le titre de <strong>\u00abMeilleur single malt europ\u00e9en\u00bb<\/strong> de Jim Murray avec l&#8217;embouteillage d&rsquo;un baril fr\u00e8re.<\/p>\n<p><strong>Pour rappel :<\/strong> le choix des f\u00fbts est extr\u00eamement important, car il en r\u00e9sulte environ <strong>60% du go\u00fbt.<\/strong><\/p>\n<p>Ce magnifique single malt contient une \u00e9norme intensit\u00e9 d&rsquo;ar\u00f4mes.\u00a0Des ar\u00f4mes intenses de fruits forts se combinent avec un malt doux pour former un produit sup\u00e9rieur complexe et cors\u00e9.<\/p>\n<p><strong>En tant que r\u00e9sistance au baril avec environ 62% d&rsquo;Alc.\u00a0Vol.<\/strong> Ce whisky single malt est-il une v\u00e9ritable bombe gustative.\u00a0Les ar\u00f4mes ravissent le palais et restent <strong>\u00e9tonnamment longs.<\/strong><\/p>\n<p><strong>La bouteille est livr\u00e9e dans une bo\u00eete en bois Langatun.<\/strong><\/p>","protected":false},"excerpt":{"rendered":"<p>50cl\u30dc\u30c8\u30eb\u3002.<\/p>","protected":false},"featured_media":41319,"template":"","meta":{"_acf_changed":false},"product_brand":[],"product_cat":[21852,21857,21855],"product_tag":[],"class_list":{"0":"post-41317","1":"product","2":"type-product","3":"status-publish","4":"has-post-thumbnail","6":"product_cat-alcools","7":"product_cat-langatun","8":"product_cat-whisky","9":"product_shipping_class-alcool","11":"first","12":"outofstock","13":"taxable","14":"shipping-taxable","15":"purchasable","16":"product-type-simple"},"acf":[],"_links":{"self":[{"href":"https:\/\/cigarquality.com\/ja\/wp-json\/wp\/v2\/product\/41317","targetHints":{"allow":["GET"]}}],"collection":[{"href":"https:\/\/cigarquality.com\/ja\/wp-json\/wp\/v2\/product"}],"about":[{"href":"https:\/\/cigarquality.com\/ja\/wp-json\/wp\/v2\/types\/product"}],"wp:featuredmedia":[{"embeddable":true,"href":"https:\/\/cigarquality.com\/ja\/wp-json\/wp\/v2\/media\/41319"}],"wp:attachment":[{"href":"https:\/\/cigarquality.com\/ja\/wp-json\/wp\/v2\/media?parent=41317"}],"wp:term":[{"taxonomy":"product_brand","embeddable":true,"href":"https:\/\/cigarquality.com\/ja\/wp-json\/wp\/v2\/product_brand?post=41317"},{"taxonomy":"product_cat","embeddable":true,"href":"https:\/\/cigarquality.com\/ja\/wp-json\/wp\/v2\/product_cat?post=41317"},{"taxonomy":"product_tag","embeddable":true,"href":"https:\/\/cigarquality.com\/ja\/wp-json\/wp\/v2\/product_tag?post=41317"}],"curies":[{"name":"wp","href":"https:\/\/api.w.org\/{rel}","templated":true}]}}