{"id":41189,"date":"2018-03-29T10:28:45","date_gmt":"2018-03-29T09:28:45","guid":{"rendered":"https:\/\/mkulcarx.preview.infomaniak.website\/produit\/jose-l-piedra-conservas-25-2\/"},"modified":"2026-03-04T00:06:08","modified_gmt":"2026-03-03T23:06:08","slug":"jose-l-piedra-conservas-25","status":"publish","type":"product","link":"https:\/\/cigarquality.com\/ja\/boutique\/cigares-cubains\/jose-l-piedra\/jose-l-piedra-conservas-25\/","title":{"rendered":"\u30db\u30bb\u30fbL\u30fb\u30d4\u30a8\u30c9\u30e9\u30fb\u30b3\u30f3\u30bb\u30eb\u30d0\u30b9 (25)"},"content":{"rendered":"<p>\u306b\u3064\u3044\u3066 <strong>Jose L. Piedra Conservas<\/strong> d\u00e9gagent un ar\u00f4me terreux complet qui se poursuit dans la saveur, avec du c\u00e8dre et des touches de douceur et de poivre. La fum\u00e9e est g\u00e9n\u00e9reuse d\u00e8s le d\u00e9but, et quelques saveurs d&rsquo;\u00e9pices \u00e0 p\u00e2tisserie et des notes sucr\u00e9es prennent le dessus dans la seconde moiti\u00e9.<\/p>\n<p>Ce cigare Grand Corona fait un excellent cigare de tous les jours, sans pr\u00e9tention et est parfait pour distribuer \u00e0 vos amis qui veulent essayer un cubain traditionnel. Ceux-ci se marient parfaitement avec un double expresso pour bien commencer la journ\u00e9e, attendez-vous \u00e0 un temps de fumage de 45 minutes.<br \/>\nJose L Piedra Cazadores porte le nom de sa vitole, qui mesure 140 mm de long avec un diam\u00e8tre de 17,46mm. Ces cigares sont remplis de tabac de Remedios, dans la r\u00e9gion de Vuelta Arriba \u00e0 Cuba. Il est disponible en bo\u00eete de 12 cigares et de 25 cigares, en \u00e9tui de 5 cigares ou en cartouche de 5&#215;5.<\/p>\n<p>Tous les cigares de la gamme Jose L. Piedra sont Tripa Corta, Totalmente a Mano &#8211; Short Filler, Handmade, en cons\u00e9quence directe de cela, les cigares JLP sont d&rsquo;un rapport qualit\u00e9-prix incroyable. Leurs bandes blanches de marque sont appliqu\u00e9es \u00e0 la main et le contraste appara\u00eet avec la couleur de la riche feuille de tabac, elles sont finies avec une casquette cubaine traditionnelle.<\/p>","protected":false},"excerpt":{"rendered":"<p>25\u672c\u5165\u308a\u3002.<\/p>","protected":false},"featured_media":17872,"template":"","meta":{"_acf_changed":false},"product_brand":[],"product_cat":[19809,19845,21409],"product_tag":[2878,2352,2299],"class_list":{"0":"post-41189","1":"product","2":"type-product","3":"status-publish","4":"has-post-thumbnail","6":"product_cat-cigares","7":"product_cat-cigares-cubains","8":"product_cat-jose-l-piedra","9":"product_tag-bois-precieux","10":"product_tag-cafe-torrefie","11":"product_tag-pain-grille","12":"product_shipping_class-cigares","14":"first","15":"outofstock","16":"taxable","17":"shipping-taxable","18":"purchasable","19":"product-type-simple"},"acf":[],"_links":{"self":[{"href":"https:\/\/cigarquality.com\/ja\/wp-json\/wp\/v2\/product\/41189","targetHints":{"allow":["GET"]}}],"collection":[{"href":"https:\/\/cigarquality.com\/ja\/wp-json\/wp\/v2\/product"}],"about":[{"href":"https:\/\/cigarquality.com\/ja\/wp-json\/wp\/v2\/types\/product"}],"wp:featuredmedia":[{"embeddable":true,"href":"https:\/\/cigarquality.com\/ja\/wp-json\/wp\/v2\/media\/17872"}],"wp:attachment":[{"href":"https:\/\/cigarquality.com\/ja\/wp-json\/wp\/v2\/media?parent=41189"}],"wp:term":[{"taxonomy":"product_brand","embeddable":true,"href":"https:\/\/cigarquality.com\/ja\/wp-json\/wp\/v2\/product_brand?post=41189"},{"taxonomy":"product_cat","embeddable":true,"href":"https:\/\/cigarquality.com\/ja\/wp-json\/wp\/v2\/product_cat?post=41189"},{"taxonomy":"product_tag","embeddable":true,"href":"https:\/\/cigarquality.com\/ja\/wp-json\/wp\/v2\/product_tag?post=41189"}],"curies":[{"name":"wp","href":"https:\/\/api.w.org\/{rel}","templated":true}]}}