{"id":41181,"date":"2018-03-29T10:28:45","date_gmt":"2018-03-29T09:28:45","guid":{"rendered":"https:\/\/mkulcarx.preview.infomaniak.website\/produit\/jose-l-piedra-cremas-25-2\/"},"modified":"2026-03-04T00:07:07","modified_gmt":"2026-03-03T23:07:07","slug":"jose-l-piedra-cremas-25","status":"publish","type":"product","link":"https:\/\/cigarquality.com\/ja\/boutique\/cigares-cubains\/jose-l-piedra\/jose-l-piedra-cremas-25\/","title":{"rendered":"\u30db\u30bb\u30fbL\u30fb\u30d4\u30a8\u30c9\u30e9\u30fb\u30af\u30ec\u30de\u30b9\uff0825\uff09"},"content":{"rendered":"<p>\u30eb <strong>Jos\u00e9 L. Piedra Cremas (25) <\/strong>est un petit panatella d\u2019apparence un peu approximative, les premi\u00e8res impressions sont sans agressivit\u00e9 et encouragent \u00e0 poursuivre.<br \/>\nLe tirage est g\u00e9n\u00e9reux et la mont\u00e9e en puissance un peu lente mais ma\u00eetris\u00e9e. Des pointes d\u2019\u00e9pices et de caf\u00e9 apparaissent alors, sans tourner au br\u00fbl\u00e9 ni \u00e0 l\u2019\u00e2cre.<br \/>\nUn petit havane \u00e0 d\u00e9couvrir.<\/p>\n<p>\u8449\u5dfb<strong> Jos\u00e9 L. Piedra Cremas (25)<\/strong> sont vendus en boite de 25 cigares et sont disponible \u00e9galement en 5 boites individuelles de 5 cigares.<\/p>","protected":false},"excerpt":{"rendered":"<p>25\u672c\u5165\u308a\u3002.<\/p>","protected":false},"featured_media":41183,"template":"","meta":{"_acf_changed":false},"product_brand":[],"product_cat":[19809,19845,21409],"product_tag":[],"class_list":{"0":"post-41181","1":"product","2":"type-product","3":"status-publish","4":"has-post-thumbnail","6":"product_cat-cigares","7":"product_cat-cigares-cubains","8":"product_cat-jose-l-piedra","9":"product_shipping_class-cigares","11":"first","12":"outofstock","13":"taxable","14":"shipping-taxable","15":"purchasable","16":"product-type-simple"},"acf":[],"_links":{"self":[{"href":"https:\/\/cigarquality.com\/ja\/wp-json\/wp\/v2\/product\/41181","targetHints":{"allow":["GET"]}}],"collection":[{"href":"https:\/\/cigarquality.com\/ja\/wp-json\/wp\/v2\/product"}],"about":[{"href":"https:\/\/cigarquality.com\/ja\/wp-json\/wp\/v2\/types\/product"}],"wp:featuredmedia":[{"embeddable":true,"href":"https:\/\/cigarquality.com\/ja\/wp-json\/wp\/v2\/media\/41183"}],"wp:attachment":[{"href":"https:\/\/cigarquality.com\/ja\/wp-json\/wp\/v2\/media?parent=41181"}],"wp:term":[{"taxonomy":"product_brand","embeddable":true,"href":"https:\/\/cigarquality.com\/ja\/wp-json\/wp\/v2\/product_brand?post=41181"},{"taxonomy":"product_cat","embeddable":true,"href":"https:\/\/cigarquality.com\/ja\/wp-json\/wp\/v2\/product_cat?post=41181"},{"taxonomy":"product_tag","embeddable":true,"href":"https:\/\/cigarquality.com\/ja\/wp-json\/wp\/v2\/product_tag?post=41181"}],"curies":[{"name":"wp","href":"https:\/\/api.w.org\/{rel}","templated":true}]}}