{"id":41177,"date":"2018-03-29T10:28:45","date_gmt":"2018-03-29T09:28:45","guid":{"rendered":"https:\/\/mkulcarx.preview.infomaniak.website\/produit\/jose-l-piedra-petit-cazadores-25-2\/"},"modified":"2026-03-04T00:07:07","modified_gmt":"2026-03-03T23:07:07","slug":"jose-l-piedra-petit-cazadores-25","status":"publish","type":"product","link":"https:\/\/cigarquality.com\/ja\/boutique\/cigares-cubains\/jose-l-piedra\/jose-l-piedra-petit-cazadores-25\/","title":{"rendered":"\u30db\u30bb\u30fbL\u30fb\u30d4\u30a8\u30c9\u30e9\u30fb\u30d7\u30c1\u30fb\u30ab\u30b6\u30c9\u30fc\u30eb (25)"},"content":{"rendered":"<p>Le Jose L. Piedra Petit Cazadores a du punch et de l&rsquo;allant. Ses saveurs franches et terreuses \u00e0 l&rsquo;allumage lui conf\u00e8rent une ind\u00e9niable et agr\u00e9able rusticit\u00e9. Au fil de la d\u00e9gustation, son ardeur va crescendo. Il conserve jusqu&rsquo;au bout cette humeur constante. La puissance est correcte et la vitole progresse \u00e0 un bon rythme.<\/p>","protected":false},"excerpt":{"rendered":"<p>25\u672c\u5165\u308a\u3002.<\/p>","protected":false},"featured_media":6619,"template":"","meta":{"_acf_changed":false},"product_brand":[],"product_cat":[19809,19845,21409],"product_tag":[],"class_list":{"0":"post-41177","1":"product","2":"type-product","3":"status-publish","4":"has-post-thumbnail","6":"product_cat-cigares","7":"product_cat-cigares-cubains","8":"product_cat-jose-l-piedra","9":"product_shipping_class-cigares","11":"first","12":"outofstock","13":"taxable","14":"shipping-taxable","15":"purchasable","16":"product-type-simple"},"acf":[],"_links":{"self":[{"href":"https:\/\/cigarquality.com\/ja\/wp-json\/wp\/v2\/product\/41177","targetHints":{"allow":["GET"]}}],"collection":[{"href":"https:\/\/cigarquality.com\/ja\/wp-json\/wp\/v2\/product"}],"about":[{"href":"https:\/\/cigarquality.com\/ja\/wp-json\/wp\/v2\/types\/product"}],"wp:featuredmedia":[{"embeddable":true,"href":"https:\/\/cigarquality.com\/ja\/wp-json\/wp\/v2\/media\/6619"}],"wp:attachment":[{"href":"https:\/\/cigarquality.com\/ja\/wp-json\/wp\/v2\/media?parent=41177"}],"wp:term":[{"taxonomy":"product_brand","embeddable":true,"href":"https:\/\/cigarquality.com\/ja\/wp-json\/wp\/v2\/product_brand?post=41177"},{"taxonomy":"product_cat","embeddable":true,"href":"https:\/\/cigarquality.com\/ja\/wp-json\/wp\/v2\/product_cat?post=41177"},{"taxonomy":"product_tag","embeddable":true,"href":"https:\/\/cigarquality.com\/ja\/wp-json\/wp\/v2\/product_tag?post=41177"}],"curies":[{"name":"wp","href":"https:\/\/api.w.org\/{rel}","templated":true}]}}