{"id":41165,"date":"2020-08-26T13:07:38","date_gmt":"2020-08-26T12:07:38","guid":{"rendered":"https:\/\/cigarquality.com\/?post_type=product&#038;p=39483"},"modified":"2026-04-15T06:19:50","modified_gmt":"2026-04-15T04:19:50","slug":"jose-l-piedra-petit-caballeros-12","status":"publish","type":"product","link":"https:\/\/cigarquality.com\/ja\/boutique\/cigares-cubains\/jose-l-piedra\/jose-l-piedra-petit-caballeros-12\/","title":{"rendered":"\u30db\u30bb\u30fbL\u30fb\u30d4\u30a8\u30c9\u30e9 \u30d7\u30c1\u30fb\u30ab\u30d0\u30b8\u30a7\u30ed\u30b9 (12)"},"content":{"rendered":"<p>Habanos S.A. pr\u00e9sente, avec le lancement des Jose L Piedra Petit Caballeros, une version retravaill\u00e9e du design de la marque, pour l\u2019instant les bagues restent inchang\u00e9es mais il est pr\u00e9vu par la suite que les bagues soient \u00e0 leur tour retravaill\u00e9es. De plus pour s\u2019adapter \u00e0 la demande du march\u00e9, les bundles de 25 cigares de la marque Jos\u00e9 L Piedra vont \u00eatre remplac\u00e9s par des Bundle de 12 cigares. Les Jose L Piedra Petit Caballeros sont les premiers cigares de la marque \u00e0 proposer ce packaging avec 12 cigares.<\/p>","protected":false},"excerpt":{"rendered":"<p>12\u672c\u5165\u308a\u3002.<\/p>","protected":false},"featured_media":41167,"template":"","meta":{"_acf_changed":false},"product_brand":[],"product_cat":[19809,19845,21409],"product_tag":[],"class_list":{"0":"post-41165","1":"product","2":"type-product","3":"status-publish","4":"has-post-thumbnail","6":"product_cat-cigares","7":"product_cat-cigares-cubains","8":"product_cat-jose-l-piedra","9":"product_shipping_class-cigares","11":"first","12":"instock","13":"taxable","14":"shipping-taxable","15":"purchasable","16":"product-type-simple"},"acf":[],"_links":{"self":[{"href":"https:\/\/cigarquality.com\/ja\/wp-json\/wp\/v2\/product\/41165","targetHints":{"allow":["GET"]}}],"collection":[{"href":"https:\/\/cigarquality.com\/ja\/wp-json\/wp\/v2\/product"}],"about":[{"href":"https:\/\/cigarquality.com\/ja\/wp-json\/wp\/v2\/types\/product"}],"wp:featuredmedia":[{"embeddable":true,"href":"https:\/\/cigarquality.com\/ja\/wp-json\/wp\/v2\/media\/41167"}],"wp:attachment":[{"href":"https:\/\/cigarquality.com\/ja\/wp-json\/wp\/v2\/media?parent=41165"}],"wp:term":[{"taxonomy":"product_brand","embeddable":true,"href":"https:\/\/cigarquality.com\/ja\/wp-json\/wp\/v2\/product_brand?post=41165"},{"taxonomy":"product_cat","embeddable":true,"href":"https:\/\/cigarquality.com\/ja\/wp-json\/wp\/v2\/product_cat?post=41165"},{"taxonomy":"product_tag","embeddable":true,"href":"https:\/\/cigarquality.com\/ja\/wp-json\/wp\/v2\/product_tag?post=41165"}],"curies":[{"name":"wp","href":"https:\/\/api.w.org\/{rel}","templated":true}]}}