{"id":41145,"date":"2018-03-29T11:27:29","date_gmt":"2018-03-29T09:27:29","guid":{"rendered":"https:\/\/mkulcarx.preview.infomaniak.website\/produit\/hoyo-de-m-epicure-especial-a-t-3\/"},"modified":"2026-04-02T09:24:37","modified_gmt":"2026-04-02T07:24:37","slug":"hoyo-de-monterrey-epicure-especial-a-t-3","status":"publish","type":"product","link":"https:\/\/cigarquality.com\/ja\/boutique\/cigares-cubains\/hoyo-de-monterrey\/hoyo-de-monterrey-epicure\/hoyo-de-monterrey-epicure-especial-a-t-3\/","title":{"rendered":"Hoyo de Monterrey Epicure Especial Tubos (3)"},"content":{"rendered":"<p>Le Hoyo De Monterrey Epicure Especial A\/T est l\u2019union des deux plus grands succ\u00e8s de Hoyo de Monterrey, l\u2019Epicure No.1 et l\u2019Epicure No.2, il a le format du premier et le diam\u00e8tre du second. Le cigare \u00e9volue sur des ar\u00f4mes bois\u00e9s. Sa combustion r\u00e9guli\u00e8re offre au palais des nuances de noisette grill\u00e9e sur fond de notes grasses. Si le premier tiers est relativement facile, la seconde partie donne le tempo en d\u00e9veloppant des go\u00fbts plus riches et plus complexes sans jamais cependant \u00eatre trop fort.<\/p>\n<p>Un cigare qui se conservera tr\u00e8s bien quelques ann\u00e9es.<\/p>","protected":false},"excerpt":{"rendered":"<p>\u30c1\u30e5\u30fc\u30d6\u5165\u308a\u8449\u5dfb3\u672c\u5165\u308a\u3002.<\/p>","protected":false},"featured_media":41146,"template":"","meta":{"_acf_changed":false},"product_brand":[],"product_cat":[19809,19845,20969,45387,16866],"product_tag":[],"class_list":{"0":"post-41145","1":"product","2":"type-product","3":"status-publish","4":"has-post-thumbnail","6":"product_cat-cigares","7":"product_cat-cigares-cubains","8":"product_cat-hoyo-de-monterrey","9":"product_cat-hoyo-de-monterrey-epicure","10":"product_cat-les-meilleurs-cigares","11":"product_shipping_class-cigares","13":"first","14":"outofstock","15":"taxable","16":"shipping-taxable","17":"purchasable","18":"product-type-simple"},"acf":[],"_links":{"self":[{"href":"https:\/\/cigarquality.com\/ja\/wp-json\/wp\/v2\/product\/41145","targetHints":{"allow":["GET"]}}],"collection":[{"href":"https:\/\/cigarquality.com\/ja\/wp-json\/wp\/v2\/product"}],"about":[{"href":"https:\/\/cigarquality.com\/ja\/wp-json\/wp\/v2\/types\/product"}],"wp:featuredmedia":[{"embeddable":true,"href":"https:\/\/cigarquality.com\/ja\/wp-json\/wp\/v2\/media\/41146"}],"wp:attachment":[{"href":"https:\/\/cigarquality.com\/ja\/wp-json\/wp\/v2\/media?parent=41145"}],"wp:term":[{"taxonomy":"product_brand","embeddable":true,"href":"https:\/\/cigarquality.com\/ja\/wp-json\/wp\/v2\/product_brand?post=41145"},{"taxonomy":"product_cat","embeddable":true,"href":"https:\/\/cigarquality.com\/ja\/wp-json\/wp\/v2\/product_cat?post=41145"},{"taxonomy":"product_tag","embeddable":true,"href":"https:\/\/cigarquality.com\/ja\/wp-json\/wp\/v2\/product_tag?post=41145"}],"curies":[{"name":"wp","href":"https:\/\/api.w.org\/{rel}","templated":true}]}}