{"id":41115,"date":"2018-03-29T11:27:37","date_gmt":"2018-03-29T09:27:37","guid":{"rendered":"https:\/\/mkulcarx.preview.infomaniak.website\/produit\/hoyo-de-m-epicure-no-1-a-t-3\/"},"modified":"2026-01-05T16:27:04","modified_gmt":"2026-01-05T15:27:04","slug":"hoyo-de-m-epicure-no-1-a-t-3","status":"publish","type":"product","link":"https:\/\/cigarquality.com\/ja\/boutique\/cigares-cubains\/hoyo-de-monterrey\/hoyo-de-monterrey-epicure\/hoyo-de-m-epicure-no-1-a-t-3\/","title":{"rendered":"Hoyo de Monterrey Epicure No. 1 Tubos (3)"},"content":{"rendered":"<p>Pour le fumeur, le plaisir de la d\u00e9gustation d&rsquo;un Hoyo De Monterrey Epicure No. 1 dure en moyenne 70 minutes soit 30 minutes pour les plus rapides et 90 minutes si l\u2019on souhaite prendre le temps d\u2019appr\u00e9cier.<\/p>\n<p>Le cigare est tr\u00e8s bien fait et affiche une belle apparence : velouteux au toucher, l\u00e9gers reflets brillants, aucune veine sur la cape. Cette derni\u00e8re est faite de trois feuilles impeccablement roul\u00e9es. Le test de compacit\u00e9 se conclue sur une bonne fermet\u00e9 du cigare. Les torcedores roulent \u00e0 la main chaque Epicure No. 1 en utilisant des feuilles de tabac de la Vuelta Abajo. Au passage, il est \u00e0 souligner qu\u2019il s\u2019agit d\u2019un puro \u00e0 tripe longue.<\/p>\n<p>Les amateurs de Habanos l\u00e9gers trouveront plaisir \u00e0 savourer l\u2019Epicure No. 1 car il s\u2019agit d\u2019un cigare doux avec un d\u00e9veloppement moyen de ses ar\u00f4mes. Avant son allumage, la cape d\u00e9livre une odeur de cuir et de foin. Une note terreuse se d\u00e9veloppe au niveau du pied. Dans son ensemble, le cigare concentre un go\u00fbt de tisane ainsi qu\u2019un parfum de c\u00e8dre et de foin.<\/p>\n<p>L\u2019allumage pr\u00e9c\u00e8de un v\u00e9ritable enchantement. Le 1er\u00a0tiers est blind\u00e9 en effluves d\u2019intensit\u00e9 diverse\u00a0: foin, c\u00e8dre, terre, noix, cuir, poivre, cacao, th\u00e9 sucr\u00e9, charbon de bois. On retrouve ces m\u00eames ar\u00f4mes dans le 2e tiers, mais leur intensit\u00e9 est modifi\u00e9e. Deux nouvelles senteurs font leur apparition, \u00e0 savoir, le citron et le clou de girofle. Le cigare prend fin sur des notes dominantes de tabac, de cuir, de c\u00e8dre, de terre et de caf\u00e9.<\/p>","protected":false},"excerpt":{"rendered":"<p>\u30c1\u30e5\u30fc\u30d6\u5165\u308a\u8449\u5dfb3\u672c\u5165\u308a\u3002.<\/p>","protected":false},"featured_media":6443,"template":"","meta":{"_acf_changed":false},"product_brand":[],"product_cat":[19809,19845,20969,45387,16866],"product_tag":[],"class_list":{"0":"post-41115","1":"product","2":"type-product","3":"status-publish","4":"has-post-thumbnail","6":"product_cat-cigares","7":"product_cat-cigares-cubains","8":"product_cat-hoyo-de-monterrey","9":"product_cat-hoyo-de-monterrey-epicure","10":"product_cat-les-meilleurs-cigares","11":"product_shipping_class-cigares","13":"first","14":"outofstock","15":"taxable","16":"shipping-taxable","17":"purchasable","18":"product-type-simple"},"acf":[],"_links":{"self":[{"href":"https:\/\/cigarquality.com\/ja\/wp-json\/wp\/v2\/product\/41115","targetHints":{"allow":["GET"]}}],"collection":[{"href":"https:\/\/cigarquality.com\/ja\/wp-json\/wp\/v2\/product"}],"about":[{"href":"https:\/\/cigarquality.com\/ja\/wp-json\/wp\/v2\/types\/product"}],"wp:featuredmedia":[{"embeddable":true,"href":"https:\/\/cigarquality.com\/ja\/wp-json\/wp\/v2\/media\/6443"}],"wp:attachment":[{"href":"https:\/\/cigarquality.com\/ja\/wp-json\/wp\/v2\/media?parent=41115"}],"wp:term":[{"taxonomy":"product_brand","embeddable":true,"href":"https:\/\/cigarquality.com\/ja\/wp-json\/wp\/v2\/product_brand?post=41115"},{"taxonomy":"product_cat","embeddable":true,"href":"https:\/\/cigarquality.com\/ja\/wp-json\/wp\/v2\/product_cat?post=41115"},{"taxonomy":"product_tag","embeddable":true,"href":"https:\/\/cigarquality.com\/ja\/wp-json\/wp\/v2\/product_tag?post=41115"}],"curies":[{"name":"wp","href":"https:\/\/api.w.org\/{rel}","templated":true}]}}