{"id":41095,"date":"2018-03-29T11:27:37","date_gmt":"2018-03-29T09:27:37","guid":{"rendered":"https:\/\/mkulcarx.preview.infomaniak.website\/produit\/hoyo-de-m-epicure-no-2-a-t-3\/"},"modified":"2026-01-05T16:26:55","modified_gmt":"2026-01-05T15:26:55","slug":"hoyo-de-monterrey-epicure-no-2-tubos-3","status":"publish","type":"product","link":"https:\/\/cigarquality.com\/ja\/boutique\/cigares-cubains\/hoyo-de-monterrey\/hoyo-de-monterrey-epicure\/hoyo-de-monterrey-epicure-no-2-tubos-3\/","title":{"rendered":"Hoyo de Monterrey Epicure No. 2 Tubos (3)"},"content":{"rendered":"<p>Le Hoyo De Monterrey Epicure No. 2 Tubos est un Robusto, ce cigare est plus qu&rsquo;agr\u00e9able, il a gagn\u00e9 sa r\u00e9putation gr\u00e2ce \u00e0 ses nuances florales subtilement saupoudr\u00e9es de gingembre et d&rsquo;\u00e9pices l\u00e9g\u00e8res. <strong>Une vraie d\u00e9licatesse.<\/strong><\/p>","protected":false},"excerpt":{"rendered":"<p>\u30c1\u30e5\u30fc\u30d6\u5165\u308a3\u672c\u5165\u308a\u30b1\u30fc\u30b9\u3002.<\/p>","protected":false},"featured_media":6444,"template":"","meta":{"_acf_changed":false},"product_brand":[],"product_cat":[19809,19845,20969,45387,16866],"product_tag":[10823],"class_list":{"0":"post-41095","1":"product","2":"type-product","3":"status-publish","4":"has-post-thumbnail","6":"product_cat-cigares","7":"product_cat-cigares-cubains","8":"product_cat-hoyo-de-monterrey","9":"product_cat-hoyo-de-monterrey-epicure","10":"product_cat-les-meilleurs-cigares","11":"product_tag-gingembre","12":"product_shipping_class-cigares","14":"first","15":"outofstock","16":"taxable","17":"shipping-taxable","18":"purchasable","19":"product-type-simple"},"acf":[],"_links":{"self":[{"href":"https:\/\/cigarquality.com\/ja\/wp-json\/wp\/v2\/product\/41095","targetHints":{"allow":["GET"]}}],"collection":[{"href":"https:\/\/cigarquality.com\/ja\/wp-json\/wp\/v2\/product"}],"about":[{"href":"https:\/\/cigarquality.com\/ja\/wp-json\/wp\/v2\/types\/product"}],"wp:featuredmedia":[{"embeddable":true,"href":"https:\/\/cigarquality.com\/ja\/wp-json\/wp\/v2\/media\/6444"}],"wp:attachment":[{"href":"https:\/\/cigarquality.com\/ja\/wp-json\/wp\/v2\/media?parent=41095"}],"wp:term":[{"taxonomy":"product_brand","embeddable":true,"href":"https:\/\/cigarquality.com\/ja\/wp-json\/wp\/v2\/product_brand?post=41095"},{"taxonomy":"product_cat","embeddable":true,"href":"https:\/\/cigarquality.com\/ja\/wp-json\/wp\/v2\/product_cat?post=41095"},{"taxonomy":"product_tag","embeddable":true,"href":"https:\/\/cigarquality.com\/ja\/wp-json\/wp\/v2\/product_tag?post=41095"}],"curies":[{"name":"wp","href":"https:\/\/api.w.org\/{rel}","templated":true}]}}