{"id":41061,"date":"2018-10-31T09:23:32","date_gmt":"2018-10-31T08:23:32","guid":{"rendered":"https:\/\/cigarquality.com\/?post_type=product&#038;p=9383"},"modified":"2025-10-29T16:09:26","modified_gmt":"2025-10-29T15:09:26","slug":"humidor-hoyo-de-monterrey-petit-robusto-25","status":"publish","type":"product","link":"https:\/\/cigarquality.com\/ja\/boutique\/cigares-cubains\/hoyo-de-monterrey\/hoyo-de-monterrey-linea-clasica\/humidor-hoyo-de-monterrey-petit-robusto-25\/","title":{"rendered":"\u30d2\u30e5\u30df\u30c9\u30fc\u30eb\u30fb\u30aa\u30e8\u30fb\u30c7\u30fb\u30e2\u30f3\u30c6\u30ec\u30a4\u30fb\u30d7\u30c6\u30a3\u30fb\u30ed\u30d6\u30b9\u30c8 (25)"},"content":{"rendered":"<p><strong>La bo\u00eete est pr\u00e9par\u00e9e de mani\u00e8re \u00e0 prot\u00e9ger au mieux les cigares du dess\u00e8chement.\u00a0<\/strong><\/p>\n<p><strong>Le Hoyo De Monterrey Humidor Petit Robusto<\/strong> montre de mani\u00e8re impressionnante que <strong>le plaisir n&rsquo;a rien \u00e0 voir avec la longueur.<\/strong>\u00a0Ce cigare a d\u00e9j\u00e0 trouv\u00e9 un nombre consid\u00e9rable d&rsquo;amoureux.<\/p>\n<p>Au cours du fumage, des notes \u00e9l\u00e9gantes de cuir et de bois se r\u00e9v\u00e8lent, int\u00e9gr\u00e9es dans une force harmonieuse. Les cigares sont accentu\u00e9s par une fra\u00eecheur l\u00e9g\u00e8rement poivr\u00e9e.\u00a0N\u00e9anmoins, des notes claires de cacao et de r\u00e9glisse sont \u00e9galement \u00e9videntes sur le chemin menant au final \u00e9pic\u00e9.\u00a0Avec son format baroque, le Hoyo De Monterrey Petit Robusto s&rsquo;inscrit dans la tendance du tabac moderne.<\/p>\n<p>Le Hoyo De Monterrey offre une exp\u00e9rience de plaisir harmonieuse et ronde avec une courte dur\u00e9e de fum\u00e9e (environ une demi-heure).\u00a0Ce Habano, peut-\u00eatre par exemple, un compagnon id\u00e9al pour un expresso en milieu d&rsquo;apr\u00e8s-midi.<\/p>","protected":false},"excerpt":{"rendered":"<p>\u8449\u5dfb25\u672c\u5165\u308a\u3002.<\/p>","protected":false},"featured_media":41065,"template":"","meta":{"_acf_changed":false},"product_brand":[],"product_cat":[19809,19845,20969,45385],"product_tag":[2353,626,1849,2389,2354],"class_list":{"0":"post-41061","1":"product","2":"type-product","3":"status-publish","4":"has-post-thumbnail","6":"product_cat-cigares","7":"product_cat-cigares-cubains","8":"product_cat-hoyo-de-monterrey","9":"product_cat-hoyo-de-monterrey-linea-clasica","10":"product_tag-bois","11":"product_tag-cacao","12":"product_tag-cuir","13":"product_tag-legerement-poivree","14":"product_tag-reglisse","15":"product_shipping_class-cigares","17":"first","18":"outofstock","19":"taxable","20":"shipping-taxable","21":"purchasable","22":"product-type-simple"},"acf":[],"_links":{"self":[{"href":"https:\/\/cigarquality.com\/ja\/wp-json\/wp\/v2\/product\/41061","targetHints":{"allow":["GET"]}}],"collection":[{"href":"https:\/\/cigarquality.com\/ja\/wp-json\/wp\/v2\/product"}],"about":[{"href":"https:\/\/cigarquality.com\/ja\/wp-json\/wp\/v2\/types\/product"}],"wp:featuredmedia":[{"embeddable":true,"href":"https:\/\/cigarquality.com\/ja\/wp-json\/wp\/v2\/media\/41065"}],"wp:attachment":[{"href":"https:\/\/cigarquality.com\/ja\/wp-json\/wp\/v2\/media?parent=41061"}],"wp:term":[{"taxonomy":"product_brand","embeddable":true,"href":"https:\/\/cigarquality.com\/ja\/wp-json\/wp\/v2\/product_brand?post=41061"},{"taxonomy":"product_cat","embeddable":true,"href":"https:\/\/cigarquality.com\/ja\/wp-json\/wp\/v2\/product_cat?post=41061"},{"taxonomy":"product_tag","embeddable":true,"href":"https:\/\/cigarquality.com\/ja\/wp-json\/wp\/v2\/product_tag?post=41061"}],"curies":[{"name":"wp","href":"https:\/\/api.w.org\/{rel}","templated":true}]}}