{"id":41047,"date":"2018-11-12T15:45:10","date_gmt":"2018-11-12T14:45:10","guid":{"rendered":"https:\/\/cigarquality.com\/?post_type=product&#038;p=9583"},"modified":"2026-04-10T14:41:55","modified_gmt":"2026-04-10T12:41:55","slug":"hoyo-de-monterrey-le-hoyo-de-rio-seco-slb-10","status":"publish","type":"product","link":"https:\/\/cigarquality.com\/ja\/boutique\/cigares-cubains\/hoyo-de-monterrey\/hoyo-de-monterrey-le-hoyo\/hoyo-de-monterrey-le-hoyo-de-rio-seco-slb-10\/","title":{"rendered":"Hoyo de Monterrey le Hoyo de R\u00edo Seco SLB (10)"},"content":{"rendered":"<p><strong>Le Hoyo de Monterrey de R\u00edo Seco,<\/strong> la nouvelle vitole de la marque Hoyo de Monterrey rejoint la s\u00e9rie Le Hoyo pour \u00e9tendre la gamme des cigares \u00e0 gros diam\u00e8tre. Comme les autres cigares de la marque, le Hoyo de Rio Seco est fabriqu\u00e9 <strong>\u00ab\u00a0Totalmente a Mano con Tripa Larga\u00a0&#8211; totalement \u00e0 la main avec une longue tripe\u00a0\u00bb<\/strong> &#8211; par de talentueux torcedores (rouleurs de cigares) cubains.<\/p>\n<p><strong>Le nouveau Hoyo de Monterrey de R\u00edo Seco r\u00e9jouira \u00e0 coup sur les amateurs de havanes d\u00e9licats, aromatiques et l\u00e9gers.\u00a0<\/strong><\/p>\n<p>&nbsp;<\/p>","protected":false},"excerpt":{"rendered":"<p>\u8449\u5dfb10\u672c\u5165\u308a\u3002.<\/p>","protected":false},"featured_media":41056,"template":"","meta":{"_acf_changed":false},"product_brand":[],"product_cat":[19809,19845,20969,45388],"product_tag":[2493],"class_list":{"0":"post-41047","1":"product","2":"type-product","3":"status-publish","4":"has-post-thumbnail","6":"product_cat-cigares","7":"product_cat-cigares-cubains","8":"product_cat-hoyo-de-monterrey","9":"product_cat-hoyo-de-monterrey-le-hoyo","10":"product_tag-aromosos","11":"product_shipping_class-cigares","13":"first","14":"outofstock","15":"taxable","16":"shipping-taxable","17":"purchasable","18":"product-type-simple"},"acf":[],"_links":{"self":[{"href":"https:\/\/cigarquality.com\/ja\/wp-json\/wp\/v2\/product\/41047","targetHints":{"allow":["GET"]}}],"collection":[{"href":"https:\/\/cigarquality.com\/ja\/wp-json\/wp\/v2\/product"}],"about":[{"href":"https:\/\/cigarquality.com\/ja\/wp-json\/wp\/v2\/types\/product"}],"wp:featuredmedia":[{"embeddable":true,"href":"https:\/\/cigarquality.com\/ja\/wp-json\/wp\/v2\/media\/41056"}],"wp:attachment":[{"href":"https:\/\/cigarquality.com\/ja\/wp-json\/wp\/v2\/media?parent=41047"}],"wp:term":[{"taxonomy":"product_brand","embeddable":true,"href":"https:\/\/cigarquality.com\/ja\/wp-json\/wp\/v2\/product_brand?post=41047"},{"taxonomy":"product_cat","embeddable":true,"href":"https:\/\/cigarquality.com\/ja\/wp-json\/wp\/v2\/product_cat?post=41047"},{"taxonomy":"product_tag","embeddable":true,"href":"https:\/\/cigarquality.com\/ja\/wp-json\/wp\/v2\/product_tag?post=41047"}],"curies":[{"name":"wp","href":"https:\/\/api.w.org\/{rel}","templated":true}]}}