{"id":41025,"date":"2019-06-11T10:31:51","date_gmt":"2019-06-11T09:31:51","guid":{"rendered":"https:\/\/cigarquality.com\/?post_type=product&#038;p=14790"},"modified":"2026-01-05T16:03:26","modified_gmt":"2026-01-05T15:03:26","slug":"hoyo-de-monterrey-du-maire-25","status":"publish","type":"product","link":"https:\/\/cigarquality.com\/ja\/boutique\/cigares-cubains\/hoyo-de-monterrey\/hoyo-de-monterrey-le-hoyo\/hoyo-de-monterrey-du-maire-25\/","title":{"rendered":"Hoyo de Monterrey Le Hoyo du Maire SLB (25)"},"content":{"rendered":"<p>Le Hoyo de Monterrey Du Maire est un mini Panatela au tirage facile et \u00e0 la combustion sans reproche. Une int\u00e9ressante palette aromatique d\u2019herbe mouill\u00e9e et de mousse. Au fil des bouff\u00e9es, les tonalit\u00e9s \u00e9voluent vers des notes d\u2019\u00e9corce de c\u00e8dre.\u00a0<strong>La puissance est bien ma\u00eetris\u00e9e durant toute la phase de d\u00e9gustation.<\/strong><\/p>","protected":false},"excerpt":{"rendered":"<p>\u8449\u5dfb25\u672c\u5165\u308a\u3002.<\/p>","protected":false},"featured_media":41027,"template":"","meta":{"_acf_changed":false},"product_brand":[],"product_cat":[19809,19845,20969,45388],"product_tag":[11189,11190,11169],"class_list":{"0":"post-41025","1":"product","2":"type-product","3":"status-publish","4":"has-post-thumbnail","6":"product_cat-cigares","7":"product_cat-cigares-cubains","8":"product_cat-hoyo-de-monterrey","9":"product_cat-hoyo-de-monterrey-le-hoyo","10":"product_tag-ecorce-de-cedre","11":"product_tag-herbe-mouillee","12":"product_tag-mousse","13":"product_shipping_class-cigares","15":"first","16":"outofstock","17":"sale","18":"taxable","19":"shipping-taxable","20":"purchasable","21":"product-type-simple"},"acf":[],"_links":{"self":[{"href":"https:\/\/cigarquality.com\/ja\/wp-json\/wp\/v2\/product\/41025","targetHints":{"allow":["GET"]}}],"collection":[{"href":"https:\/\/cigarquality.com\/ja\/wp-json\/wp\/v2\/product"}],"about":[{"href":"https:\/\/cigarquality.com\/ja\/wp-json\/wp\/v2\/types\/product"}],"wp:featuredmedia":[{"embeddable":true,"href":"https:\/\/cigarquality.com\/ja\/wp-json\/wp\/v2\/media\/41027"}],"wp:attachment":[{"href":"https:\/\/cigarquality.com\/ja\/wp-json\/wp\/v2\/media?parent=41025"}],"wp:term":[{"taxonomy":"product_brand","embeddable":true,"href":"https:\/\/cigarquality.com\/ja\/wp-json\/wp\/v2\/product_brand?post=41025"},{"taxonomy":"product_cat","embeddable":true,"href":"https:\/\/cigarquality.com\/ja\/wp-json\/wp\/v2\/product_cat?post=41025"},{"taxonomy":"product_tag","embeddable":true,"href":"https:\/\/cigarquality.com\/ja\/wp-json\/wp\/v2\/product_tag?post=41025"}],"curies":[{"name":"wp","href":"https:\/\/api.w.org\/{rel}","templated":true}]}}