{"id":40961,"date":"2019-06-30T11:28:23","date_gmt":"2019-06-30T09:28:23","guid":{"rendered":"https:\/\/mkulcarx.preview.infomaniak.website\/produit\/romeo-regalias-de-londres-25-2\/"},"modified":"2026-04-12T22:11:32","modified_gmt":"2026-04-12T20:11:32","slug":"romeo-regalias-de-londres-25","status":"publish","type":"product","link":"https:\/\/cigarquality.com\/ja\/boutique\/cigares-cubains\/romeo-y-julieta-cigares-cubains\/romeo-regalias-de-londres-25\/","title":{"rendered":"Romeo y Julieta Regalias de Londres (25)"},"content":{"rendered":"<p><strong>Les cigares Romeo Y Julieta Regalias<\/strong> de Londres sont appel\u00e9es Coronitas car ce sont des petits Coronas avec un calibre 40 (diam\u00e8tre 15.87 mm) et une longueur de 117 mm. C&rsquo;est \u00e9galement l&rsquo;un des formats les moins chers. Il n\u00e9cessitera 20 \u00e0 30 minutes pour \u00eatre consommer.<\/p>\n<p>Ce petit Corona est id\u00e9al pour commencer. Il n&rsquo;est pas trop fort, mais pas trop doux, avec les ar\u00f4mes typiques du caf\u00e9 torr\u00e9fi\u00e9, des noix et de la cr\u00e8me, l\u00e9g\u00e8rement terreux.<\/p>\n<p>Les Romeo y Julieta Regalias de Londres sont disponibles dans la bo\u00eete classique de 25 cigares. Les formats comparables sont H. Upmann Coronas Minor ou Partag\u00e1s Coronas Junior.<\/p>","protected":false},"excerpt":{"rendered":"<p>\u8449\u5dfb25\u672c\u5165\u308a\u3002.<\/p>","protected":false},"featured_media":6572,"template":"","meta":{"_acf_changed":false},"product_brand":[],"product_cat":[19809,19845,20927],"product_tag":[],"class_list":{"0":"post-40961","1":"product","2":"type-product","3":"status-publish","4":"has-post-thumbnail","6":"product_cat-cigares","7":"product_cat-cigares-cubains","8":"product_cat-romeo-y-julieta-cigares-cubains","9":"product_shipping_class-cigares","11":"first","12":"instock","13":"taxable","14":"shipping-taxable","15":"purchasable","16":"product-type-simple"},"acf":[],"_links":{"self":[{"href":"https:\/\/cigarquality.com\/ja\/wp-json\/wp\/v2\/product\/40961","targetHints":{"allow":["GET"]}}],"collection":[{"href":"https:\/\/cigarquality.com\/ja\/wp-json\/wp\/v2\/product"}],"about":[{"href":"https:\/\/cigarquality.com\/ja\/wp-json\/wp\/v2\/types\/product"}],"wp:featuredmedia":[{"embeddable":true,"href":"https:\/\/cigarquality.com\/ja\/wp-json\/wp\/v2\/media\/6572"}],"wp:attachment":[{"href":"https:\/\/cigarquality.com\/ja\/wp-json\/wp\/v2\/media?parent=40961"}],"wp:term":[{"taxonomy":"product_brand","embeddable":true,"href":"https:\/\/cigarquality.com\/ja\/wp-json\/wp\/v2\/product_brand?post=40961"},{"taxonomy":"product_cat","embeddable":true,"href":"https:\/\/cigarquality.com\/ja\/wp-json\/wp\/v2\/product_cat?post=40961"},{"taxonomy":"product_tag","embeddable":true,"href":"https:\/\/cigarquality.com\/ja\/wp-json\/wp\/v2\/product_tag?post=40961"}],"curies":[{"name":"wp","href":"https:\/\/api.w.org\/{rel}","templated":true}]}}