{"id":40957,"date":"2019-07-01T16:47:17","date_gmt":"2019-07-01T14:47:17","guid":{"rendered":"https:\/\/cigarquality.com\/?post_type=product&#038;p=8048"},"modified":"2026-04-14T09:16:29","modified_gmt":"2026-04-14T07:16:29","slug":"romeo-y-julieta-petit-royales-25","status":"publish","type":"product","link":"https:\/\/cigarquality.com\/ja\/boutique\/cigares-cubains\/romeo-y-julieta-cigares-cubains\/romeo-y-julieta-petit-royales-25\/","title":{"rendered":"\u30ed\u30e1\u30aa\u30fb\u30a4\u30fb\u30d5\u30ea\u30a8\u30bf\u30fb\u30d7\u30c6\u30a3\u30fb\u30ed\u30ef\u30a4\u30e4\u30eb (25)"},"content":{"rendered":"<p>D\u00e9sormais, il il y a un nouveau cigare parmi les \u201cpetits\u201d, le <strong>\u30ed\u30e1\u30aa\u30fb\u30a4\u30fb\u30d5\u30ea\u30a8\u30bf\u30fb\u30d7\u30c6\u30a3\u30fb\u30ed\u30ef\u30a4\u30e4\u30eb<\/strong> avec une bague de 47 (18.65 mm de diam\u00e8tre) pour une longueur de 95 mm. <strong>Les \u201cShort Smokes\u201d<\/strong> sont de plus en plus appr\u00e9ci\u00e9s, ce sont de petits formats qui offrent pourtant <strong>une riche exp\u00e9rience de d\u00e9gustation.<\/strong><\/p>","protected":false},"excerpt":{"rendered":"<p>\u8449\u5dfb25\u672c\u5165\u308a\u3002.<\/p>","protected":false},"featured_media":55006,"template":"","meta":{"_acf_changed":false},"product_brand":[],"product_cat":[19809,19845,20927],"product_tag":[],"class_list":{"0":"post-40957","1":"product","2":"type-product","3":"status-publish","4":"has-post-thumbnail","6":"product_cat-cigares","7":"product_cat-cigares-cubains","8":"product_cat-romeo-y-julieta-cigares-cubains","9":"product_shipping_class-cigares","11":"first","12":"instock","13":"taxable","14":"shipping-taxable","15":"purchasable","16":"product-type-simple"},"acf":[],"_links":{"self":[{"href":"https:\/\/cigarquality.com\/ja\/wp-json\/wp\/v2\/product\/40957","targetHints":{"allow":["GET"]}}],"collection":[{"href":"https:\/\/cigarquality.com\/ja\/wp-json\/wp\/v2\/product"}],"about":[{"href":"https:\/\/cigarquality.com\/ja\/wp-json\/wp\/v2\/types\/product"}],"wp:featuredmedia":[{"embeddable":true,"href":"https:\/\/cigarquality.com\/ja\/wp-json\/wp\/v2\/media\/55006"}],"wp:attachment":[{"href":"https:\/\/cigarquality.com\/ja\/wp-json\/wp\/v2\/media?parent=40957"}],"wp:term":[{"taxonomy":"product_brand","embeddable":true,"href":"https:\/\/cigarquality.com\/ja\/wp-json\/wp\/v2\/product_brand?post=40957"},{"taxonomy":"product_cat","embeddable":true,"href":"https:\/\/cigarquality.com\/ja\/wp-json\/wp\/v2\/product_cat?post=40957"},{"taxonomy":"product_tag","embeddable":true,"href":"https:\/\/cigarquality.com\/ja\/wp-json\/wp\/v2\/product_tag?post=40957"}],"curies":[{"name":"wp","href":"https:\/\/api.w.org\/{rel}","templated":true}]}}