{"id":40945,"date":"2019-07-04T11:28:31","date_gmt":"2019-07-04T09:28:31","guid":{"rendered":"https:\/\/mkulcarx.preview.infomaniak.website\/produit\/romeo-petit-churchills-a-t-3\/"},"modified":"2026-02-16T09:41:00","modified_gmt":"2026-02-16T08:41:00","slug":"romeo-y-julieta-petit-churchills-tubos-3","status":"publish","type":"product","link":"https:\/\/cigarquality.com\/ja\/boutique\/cigares-cubains\/romeo-y-julieta-cigares-cubains\/romeo-y-julieta-petit-churchills-tubos-3\/","title":{"rendered":"Romeo y Julieta Petit Churchills Tubos (3)"},"content":{"rendered":"<p>La construction du Romeo Y Julieta Petit Churchills est souple et soyeux en bouche. Les ar\u00f4mes essentiellement bois\u00e9s et chocolat\u00e9s se succ\u00e8dent lors de la premi\u00e8re partie du fumage. Quelques bouff\u00e9es plus tard, on d\u00e9couvre un cigare de caract\u00e8re, laissant appara\u00eetre plus de nerf. Le final gagne encore en force et en complexit\u00e9.\u00a0<strong>Une r\u00e9ussite dans la gamme des Churchills de Romeo.<\/strong><\/p>","protected":false},"excerpt":{"rendered":"<p>\u30c1\u30e5\u30fc\u30d6\u5165\u308a3\u672c\u5165\u308a\u30b1\u30fc\u30b9\u3002.<\/p>","protected":false},"featured_media":6575,"template":"","meta":{"_acf_changed":false},"product_brand":[],"product_cat":[19809,19845,20927],"product_tag":[],"class_list":{"0":"post-40945","1":"product","2":"type-product","3":"status-publish","4":"has-post-thumbnail","6":"product_cat-cigares","7":"product_cat-cigares-cubains","8":"product_cat-romeo-y-julieta-cigares-cubains","9":"product_shipping_class-cigares","11":"first","12":"outofstock","13":"taxable","14":"shipping-taxable","15":"purchasable","16":"product-type-simple"},"acf":[],"_links":{"self":[{"href":"https:\/\/cigarquality.com\/ja\/wp-json\/wp\/v2\/product\/40945","targetHints":{"allow":["GET"]}}],"collection":[{"href":"https:\/\/cigarquality.com\/ja\/wp-json\/wp\/v2\/product"}],"about":[{"href":"https:\/\/cigarquality.com\/ja\/wp-json\/wp\/v2\/types\/product"}],"wp:featuredmedia":[{"embeddable":true,"href":"https:\/\/cigarquality.com\/ja\/wp-json\/wp\/v2\/media\/6575"}],"wp:attachment":[{"href":"https:\/\/cigarquality.com\/ja\/wp-json\/wp\/v2\/media?parent=40945"}],"wp:term":[{"taxonomy":"product_brand","embeddable":true,"href":"https:\/\/cigarquality.com\/ja\/wp-json\/wp\/v2\/product_brand?post=40945"},{"taxonomy":"product_cat","embeddable":true,"href":"https:\/\/cigarquality.com\/ja\/wp-json\/wp\/v2\/product_cat?post=40945"},{"taxonomy":"product_tag","embeddable":true,"href":"https:\/\/cigarquality.com\/ja\/wp-json\/wp\/v2\/product_tag?post=40945"}],"curies":[{"name":"wp","href":"https:\/\/api.w.org\/{rel}","templated":true}]}}