{"id":40913,"date":"2019-07-11T11:28:23","date_gmt":"2019-07-11T09:28:23","guid":{"rendered":"https:\/\/mkulcarx.preview.infomaniak.website\/produit\/romeo-no-2-a-t-25\/"},"modified":"2026-02-28T13:51:02","modified_gmt":"2026-02-28T12:51:02","slug":"romeo-y-julieta-no-2-tubos-25","status":"publish","type":"product","link":"https:\/\/cigarquality.com\/ja\/boutique\/cigares-cubains\/romeo-y-julieta-cigares-cubains\/romeo-y-julieta-no-2-tubos-25\/","title":{"rendered":"Romeo y Julieta No. 2 Tubos (25)"},"content":{"rendered":"<p>\u30eb <strong>Romeo y Julieta n\u00b02 Tubos<\/strong> est un Petit Corona, module roi autrefois. D&rsquo;une longueur de 129 mm pour un diam\u00e8tre de 16,67 mm, il n\u00e9cessitera une petite demi-heure pour \u00eatre pleinement appr\u00e9ci\u00e9 par l&rsquo;aficionado qui aura port\u00e9 son extr\u00e9mit\u00e9 \u00e0 l&rsquo;incandescence.<\/p>\n<p>Souple, agr\u00e9able et facile, une aromatique d\u00e9licate et assez gourmande le caract\u00e9rise.<\/p>\n<p>Des notes l\u00e9g\u00e8rement bois\u00e9e et torr\u00e9fi\u00e9e ainsi qu&rsquo;une constance tr\u00e8s agr\u00e9able au niveau de l&rsquo;intensit\u00e9 feront de ce cigare un alli\u00e9 en toutes circonstances.<\/p>\n<p>Le Romeo y Julieta n\u00b02 Tubos est disponible en bo\u00eete de 10 et 25 cigares, en \u00e9tui de 3 cigares, et en cartouche de 5&#215;3, 5&#215;5 et 10&#215;5 cigares.<\/p>\n<p>La marque Romeo y Julieta fut fond\u00e9e \u00e0 La Havane en 1875 par deux Espagnols, Inocensio Alvarez Rodriguez et Jos\u00e9 Manin Garcia. Trente ans plus tard, la fabrique est rachet\u00e9e par Jos\u00e9 Rodriguez, dit \u00ab\u00a0Don Pepin\u00a0\u00bb, qui va consid\u00e9rablement d\u00e9velopper la marque notamment \u00e0 l&rsquo;export et ira jusqu&rsquo;\u00e0 acheter le Palais des Capulet\u00e0 \u00e0 V\u00e9rone dans lequel il installera une boutique de cigares.<\/p>\n<p>Romeo y Julieta se distinguera, jusqu&rsquo;\u00e0 la seconde guerre mondiale, par une production essentiellement de \u00ab\u00a0figurados\u00a0\u00bb, des cigares roul\u00e9s en pointe \u00e0 leurs deux extr\u00e9mit\u00e9s ainsi que la personnalisation de la bague, de sorte que quiconque puisse avoir des cigares fabriqu\u00e9s \u00e0 son nom. Aujourd&rsquo;hui, Romeo y Julieta est la deuxi\u00e8me marque Cubaine la plus diffus\u00e9e dans le monde derri\u00e8re Montecristo,<\/p>","protected":false},"excerpt":{"rendered":"<p>\u30c1\u30e5\u30fc\u30d6\u5165\u308a\u8449\u5dfb25\u672c\u5165\u308a\u3002.<\/p>","protected":false},"featured_media":18481,"template":"","meta":{"_acf_changed":false},"product_brand":[],"product_cat":[19809,19845,20927],"product_tag":[],"class_list":{"0":"post-40913","1":"product","2":"type-product","3":"status-publish","4":"has-post-thumbnail","6":"product_cat-cigares","7":"product_cat-cigares-cubains","8":"product_cat-romeo-y-julieta-cigares-cubains","9":"product_shipping_class-cigares","11":"first","12":"outofstock","13":"taxable","14":"shipping-taxable","15":"purchasable","16":"product-type-simple"},"acf":[],"_links":{"self":[{"href":"https:\/\/cigarquality.com\/ja\/wp-json\/wp\/v2\/product\/40913","targetHints":{"allow":["GET"]}}],"collection":[{"href":"https:\/\/cigarquality.com\/ja\/wp-json\/wp\/v2\/product"}],"about":[{"href":"https:\/\/cigarquality.com\/ja\/wp-json\/wp\/v2\/types\/product"}],"wp:featuredmedia":[{"embeddable":true,"href":"https:\/\/cigarquality.com\/ja\/wp-json\/wp\/v2\/media\/18481"}],"wp:attachment":[{"href":"https:\/\/cigarquality.com\/ja\/wp-json\/wp\/v2\/media?parent=40913"}],"wp:term":[{"taxonomy":"product_brand","embeddable":true,"href":"https:\/\/cigarquality.com\/ja\/wp-json\/wp\/v2\/product_brand?post=40913"},{"taxonomy":"product_cat","embeddable":true,"href":"https:\/\/cigarquality.com\/ja\/wp-json\/wp\/v2\/product_cat?post=40913"},{"taxonomy":"product_tag","embeddable":true,"href":"https:\/\/cigarquality.com\/ja\/wp-json\/wp\/v2\/product_tag?post=40913"}],"curies":[{"name":"wp","href":"https:\/\/api.w.org\/{rel}","templated":true}]}}