{"id":40897,"date":"2019-07-14T11:28:23","date_gmt":"2019-07-14T09:28:23","guid":{"rendered":"https:\/\/mkulcarx.preview.infomaniak.website\/produit\/romeo-no-1-a-t-25\/"},"modified":"2026-03-11T12:45:06","modified_gmt":"2026-03-11T11:45:06","slug":"romeo-y-julieta-no-1-tubos-25","status":"publish","type":"product","link":"https:\/\/cigarquality.com\/ja\/boutique\/cigares-cubains\/romeo-y-julieta-cigares-cubains\/romeo-y-julieta-no-1-tubos-25\/","title":{"rendered":"Romeo y Julieta No. 1 Tubos (25)"},"content":{"rendered":"<p>\u30eb <strong>Romeo y Julieta n\u00b01 Tubos<\/strong> est un Cremas, module un peu moins courant de 140 mm de longueur pour un diam\u00e8tre de 15,87 mm. Cigare souple et \u00e9quilibr\u00e9, il sera parfaitement adapt\u00e9 \u00e0 l&rsquo;after lunch ou lors d&rsquo;un petit break dans l&rsquo;apr\u00e8s-midi, lorsqu&rsquo;une pause de 30 \u00e0 40 minutes pourra lui \u00eatre accord\u00e9e.<\/p>\n<p>D&rsquo;une aromatique assez d\u00e9licate, \u00e9voluant sur des notes de bois exotique et de noisettes grill\u00e9es, il s&rsquo;accordera parfaitement avec un expresso serr\u00e9 et un chocolat noir grand cru.<\/p>\n<p>Ce cigare est disponible en bo\u00eete de 10 cigares et en bo\u00eete de 25 cigares ainsi qu&rsquo;en \u00e9tui de 3 cigares et 5&#215;3 cigares.<\/p>\n<p>La marque Romeo y Julieta fut fond\u00e9e \u00e0 La Havane en 1875 par deux Espagnols, Inocensio Alvarez Rodriguez et Jos\u00e9 Manin Garcia. Trente ans plus tard, la fabrique est rachet\u00e9e par Jos\u00e9 Rodriguez, dit \u00ab\u00a0Don Pepin\u00a0\u00bb, qui va consid\u00e9rablement d\u00e9velopper la marque notamment \u00e0 l&rsquo;export et ira jusqu&rsquo;\u00e0 acheter le Palais des Capulet\u00e0 \u00e0 V\u00e9rone dans lequel il installera une boutique de cigares. Romeo y Julieta se distinguera, jusqu&rsquo;\u00e0 la seconde guerre mondiale, par une production essentiellement de \u00ab\u00a0figurados\u00a0\u00bb, des cigares roul\u00e9s en pointe \u00e0 leurs deux extr\u00e9mit\u00e9s ainsi que la personnalisation de la bague, de sorte que quiconque puisse avoir des cigares fabriqu\u00e9s \u00e0 son nom.<\/p>\n<p>Aujourd&rsquo;hui, Romeo y Julieta est la deuxi\u00e8me marque Cubaine la plus diffus\u00e9e dans le monde derri\u00e8re Montecristo.<\/p>","protected":false},"excerpt":{"rendered":"<p>\u30c1\u30e5\u30fc\u30d6\u5165\u308a\u8449\u5dfb25\u672c\u5165\u308a\u3002.<\/p>","protected":false},"featured_media":6569,"template":"","meta":{"_acf_changed":false},"product_brand":[],"product_cat":[19809,19845,20927],"product_tag":[],"class_list":{"0":"post-40897","1":"product","2":"type-product","3":"status-publish","4":"has-post-thumbnail","6":"product_cat-cigares","7":"product_cat-cigares-cubains","8":"product_cat-romeo-y-julieta-cigares-cubains","9":"product_shipping_class-cigares","11":"first","12":"instock","13":"taxable","14":"shipping-taxable","15":"purchasable","16":"product-type-simple"},"acf":[],"_links":{"self":[{"href":"https:\/\/cigarquality.com\/ja\/wp-json\/wp\/v2\/product\/40897","targetHints":{"allow":["GET"]}}],"collection":[{"href":"https:\/\/cigarquality.com\/ja\/wp-json\/wp\/v2\/product"}],"about":[{"href":"https:\/\/cigarquality.com\/ja\/wp-json\/wp\/v2\/types\/product"}],"wp:featuredmedia":[{"embeddable":true,"href":"https:\/\/cigarquality.com\/ja\/wp-json\/wp\/v2\/media\/6569"}],"wp:attachment":[{"href":"https:\/\/cigarquality.com\/ja\/wp-json\/wp\/v2\/media?parent=40897"}],"wp:term":[{"taxonomy":"product_brand","embeddable":true,"href":"https:\/\/cigarquality.com\/ja\/wp-json\/wp\/v2\/product_brand?post=40897"},{"taxonomy":"product_cat","embeddable":true,"href":"https:\/\/cigarquality.com\/ja\/wp-json\/wp\/v2\/product_cat?post=40897"},{"taxonomy":"product_tag","embeddable":true,"href":"https:\/\/cigarquality.com\/ja\/wp-json\/wp\/v2\/product_tag?post=40897"}],"curies":[{"name":"wp","href":"https:\/\/api.w.org\/{rel}","templated":true}]}}