{"id":40833,"date":"2019-07-26T11:28:23","date_gmt":"2019-07-26T09:28:23","guid":{"rendered":"https:\/\/mkulcarx.preview.infomaniak.website\/produit\/romeo-cedros-de-luxe-no-3-25-2\/"},"modified":"2026-02-16T09:42:13","modified_gmt":"2026-02-16T08:42:13","slug":"romeo-cedros-de-luxe-no-3-25","status":"publish","type":"product","link":"https:\/\/cigarquality.com\/ja\/boutique\/cigares-cubains\/romeo-y-julieta-cigares-cubains\/romeo-cedros-de-luxe-no-3-25\/","title":{"rendered":"Romeo y Julieta Cedros de Luxe No. 3 (25)"},"content":{"rendered":"<p>Une pr\u00e9sentation inhabituelle pour la gamme Cedros de Luxe : une fine feuille de bois de c\u00e8dre recouvre la cape grasse et maduro du <strong>Romeo Y Julieta Cedros de Luxe No. 3.<\/strong> Les notes de bois pr\u00e9cieux et de caf\u00e9 se succ\u00e8dent en bouche, la puissance progresse assez rapidement. <strong>Une vitole int\u00e9ressante, tr\u00e8s aromatique.<\/strong><\/p>","protected":false},"excerpt":{"rendered":"<p>\u30c1\u30e5\u30fc\u30d6\u5165\u308a\u8449\u5dfb25\u672c\u5165\u308a\u3002.<\/p>","protected":false},"featured_media":6560,"template":"","meta":{"_acf_changed":false},"product_brand":[],"product_cat":[19809,19845,20927],"product_tag":[2878,942],"class_list":{"0":"post-40833","1":"product","2":"type-product","3":"status-publish","4":"has-post-thumbnail","6":"product_cat-cigares","7":"product_cat-cigares-cubains","8":"product_cat-romeo-y-julieta-cigares-cubains","9":"product_tag-bois-precieux","10":"product_tag-cafe","11":"product_shipping_class-cigares","13":"first","14":"outofstock","15":"taxable","16":"shipping-taxable","17":"purchasable","18":"product-type-simple"},"acf":[],"_links":{"self":[{"href":"https:\/\/cigarquality.com\/ja\/wp-json\/wp\/v2\/product\/40833","targetHints":{"allow":["GET"]}}],"collection":[{"href":"https:\/\/cigarquality.com\/ja\/wp-json\/wp\/v2\/product"}],"about":[{"href":"https:\/\/cigarquality.com\/ja\/wp-json\/wp\/v2\/types\/product"}],"wp:featuredmedia":[{"embeddable":true,"href":"https:\/\/cigarquality.com\/ja\/wp-json\/wp\/v2\/media\/6560"}],"wp:attachment":[{"href":"https:\/\/cigarquality.com\/ja\/wp-json\/wp\/v2\/media?parent=40833"}],"wp:term":[{"taxonomy":"product_brand","embeddable":true,"href":"https:\/\/cigarquality.com\/ja\/wp-json\/wp\/v2\/product_brand?post=40833"},{"taxonomy":"product_cat","embeddable":true,"href":"https:\/\/cigarquality.com\/ja\/wp-json\/wp\/v2\/product_cat?post=40833"},{"taxonomy":"product_tag","embeddable":true,"href":"https:\/\/cigarquality.com\/ja\/wp-json\/wp\/v2\/product_tag?post=40833"}],"curies":[{"name":"wp","href":"https:\/\/api.w.org\/{rel}","templated":true}]}}