{"id":40827,"date":"2019-07-27T11:28:23","date_gmt":"2019-07-27T09:28:23","guid":{"rendered":"https:\/\/mkulcarx.preview.infomaniak.website\/produit\/romeo-cedros-de-luxe-no-2-25-2\/"},"modified":"2026-02-16T09:42:16","modified_gmt":"2026-02-16T08:42:16","slug":"romeo-cedros-de-luxe-no-2-25","status":"publish","type":"product","link":"https:\/\/cigarquality.com\/ja\/boutique\/cigares-cubains\/romeo-y-julieta-cigares-cubains\/romeo-cedros-de-luxe-no-2-25\/","title":{"rendered":"Romeo y Julieta Cedros de Luxe No. 2 (25)"},"content":{"rendered":"<p>Traditionnellement enrob\u00e9 dans sa feuille de c\u00e8dre, le Romeo Y Julieta Cedros de Luxe No. 2, une fois extrait de son \u00e9crin, d\u00e9gage des ar\u00f4mes bois\u00e9s et \u00e9pic\u00e9s. Les premi\u00e8res bouff\u00e9es sont attrayantes, des pointes de cuir et de bois pr\u00e9cieux se succ\u00e8dent. Les deuxi\u00e8me et troisi\u00e8me tiers sont relativement similaires.<\/p>","protected":false},"excerpt":{"rendered":"<p>\u30c1\u30e5\u30fc\u30d6\u5165\u308a\u8449\u5dfb25\u672c\u5165\u308a\u3002.<\/p>","protected":false},"featured_media":18360,"template":"","meta":{"_acf_changed":false},"product_brand":[],"product_cat":[19809,19845,20927],"product_tag":[],"class_list":{"0":"post-40827","1":"product","2":"type-product","3":"status-publish","4":"has-post-thumbnail","6":"product_cat-cigares","7":"product_cat-cigares-cubains","8":"product_cat-romeo-y-julieta-cigares-cubains","9":"product_shipping_class-cigares","11":"first","12":"outofstock","13":"taxable","14":"shipping-taxable","15":"purchasable","16":"product-type-simple"},"acf":[],"_links":{"self":[{"href":"https:\/\/cigarquality.com\/ja\/wp-json\/wp\/v2\/product\/40827","targetHints":{"allow":["GET"]}}],"collection":[{"href":"https:\/\/cigarquality.com\/ja\/wp-json\/wp\/v2\/product"}],"about":[{"href":"https:\/\/cigarquality.com\/ja\/wp-json\/wp\/v2\/types\/product"}],"wp:featuredmedia":[{"embeddable":true,"href":"https:\/\/cigarquality.com\/ja\/wp-json\/wp\/v2\/media\/18360"}],"wp:attachment":[{"href":"https:\/\/cigarquality.com\/ja\/wp-json\/wp\/v2\/media?parent=40827"}],"wp:term":[{"taxonomy":"product_brand","embeddable":true,"href":"https:\/\/cigarquality.com\/ja\/wp-json\/wp\/v2\/product_brand?post=40827"},{"taxonomy":"product_cat","embeddable":true,"href":"https:\/\/cigarquality.com\/ja\/wp-json\/wp\/v2\/product_cat?post=40827"},{"taxonomy":"product_tag","embeddable":true,"href":"https:\/\/cigarquality.com\/ja\/wp-json\/wp\/v2\/product_tag?post=40827"}],"curies":[{"name":"wp","href":"https:\/\/api.w.org\/{rel}","templated":true}]}}