{"id":40773,"date":"2020-02-27T08:58:44","date_gmt":"2020-02-27T07:58:44","guid":{"rendered":"https:\/\/cigarquality.com\/?post_type=product&#038;p=33528"},"modified":"2026-02-16T09:42:34","modified_gmt":"2026-02-16T08:42:34","slug":"romeo-y-julieta-club-kings","status":"publish","type":"product","link":"https:\/\/cigarquality.com\/ja\/boutique\/cigares-cubains\/romeo-y-julieta-cigares-cubains\/romeo-y-julieta-club-kings\/","title":{"rendered":"Romeo y Julieta Club Kings (5)"},"content":{"rendered":"<p>Habanos S.A. <strong>r\u00e9invente le pass\u00e9 avec la L\u00ednea Retro<\/strong> &#8211; les <strong>Romeo Y Julieta Club Kings<\/strong> sont disponibles sur le march\u00e9 Suisse.<\/p>\n<p>Ils sont pr\u00e9sent\u00e9s dans une bo\u00eete en m\u00e9tal, au charme r\u00e9tro, \u00e0 l\u2019esth\u00e9tique intemporelle et n\u00e9anmoins moderne. Le design est incontestablement bas\u00e9 sur les \u00e9tuis \u00e0 cigares de poche, si populaires dans les ann\u00e9es 70. \u00a0De nos jours, ces pi\u00e8ces sont tr\u00e8s appr\u00e9ci\u00e9es et tr\u00e8s recherch\u00e9es par les collectionneurs du monde entier.<\/p>\n<p>Les cigares sont de force moyenne, utilisant le tabac de la r\u00e9gion premium de Vuelta Abajo.<\/p>\n<p>Les \u00e9tuis contiennent 5 cigares dans l&rsquo;un des formats Habanos les plus populaires &#8211; le format Mareva avec une longueur de 129 mm et un diam\u00e8tre de 16,53 mm (bague 42). Il n\u00e9cessitera 30 minutes pour \u00eatre d\u00e9gust\u00e9 convenablement.<\/p>","protected":false},"excerpt":{"rendered":"<p>\u8449\u5dfb5\u672c\u5165\u308a\u3002.<\/p>","protected":false},"featured_media":33533,"template":"","meta":{"_acf_changed":false},"product_brand":[],"product_cat":[19809,19845,20927],"product_tag":[],"class_list":{"0":"post-40773","1":"product","2":"type-product","3":"status-publish","4":"has-post-thumbnail","6":"product_cat-cigares","7":"product_cat-cigares-cubains","8":"product_cat-romeo-y-julieta-cigares-cubains","9":"product_shipping_class-cigares","11":"first","12":"outofstock","13":"taxable","14":"shipping-taxable","15":"purchasable","16":"product-type-simple"},"acf":[],"_links":{"self":[{"href":"https:\/\/cigarquality.com\/ja\/wp-json\/wp\/v2\/product\/40773","targetHints":{"allow":["GET"]}}],"collection":[{"href":"https:\/\/cigarquality.com\/ja\/wp-json\/wp\/v2\/product"}],"about":[{"href":"https:\/\/cigarquality.com\/ja\/wp-json\/wp\/v2\/types\/product"}],"wp:featuredmedia":[{"embeddable":true,"href":"https:\/\/cigarquality.com\/ja\/wp-json\/wp\/v2\/media\/33533"}],"wp:attachment":[{"href":"https:\/\/cigarquality.com\/ja\/wp-json\/wp\/v2\/media?parent=40773"}],"wp:term":[{"taxonomy":"product_brand","embeddable":true,"href":"https:\/\/cigarquality.com\/ja\/wp-json\/wp\/v2\/product_brand?post=40773"},{"taxonomy":"product_cat","embeddable":true,"href":"https:\/\/cigarquality.com\/ja\/wp-json\/wp\/v2\/product_cat?post=40773"},{"taxonomy":"product_tag","embeddable":true,"href":"https:\/\/cigarquality.com\/ja\/wp-json\/wp\/v2\/product_tag?post=40773"}],"curies":[{"name":"wp","href":"https:\/\/api.w.org\/{rel}","templated":true}]}}