{"id":40737,"date":"2018-03-29T10:27:44","date_gmt":"2018-03-29T09:27:44","guid":{"rendered":"https:\/\/mkulcarx.preview.infomaniak.website\/produit\/montecristo-petit-edmundo-sbn-25-2\/"},"modified":"2026-04-10T14:46:27","modified_gmt":"2026-04-10T12:46:27","slug":"montecristo-petit-edmundo-sbn-25","status":"publish","type":"product","link":"https:\/\/cigarquality.com\/ja\/boutique\/cigares-cubains\/montecristo\/montecristo-linea-clasica\/montecristo-petit-edmundo-sbn-25\/","title":{"rendered":"\u30e2\u30f3\u30c6\u30af\u30ea\u30b9\u30c8\u30fb\u30d7\u30c6\u30a3\u30fb\u30a8\u30c9\u30e0\u30f3\u30c9SBN (25)"},"content":{"rendered":"<p><strong>Le Montecristo Petit Edmundo SBN<\/strong> est un magnifique petit Robusto recouvert d&rsquo;une cape grasse et lisse. D\u00e8s l&rsquo;allumage des touches de terre humide de bois pr\u00e9cieux envahissent d\u00e9licatement le palais. Ces ar\u00f4mes \u00e9voluent dans un tempo id\u00e9al vers des notes de caf\u00e9 torr\u00e9fi\u00e9 et d&rsquo;\u00e9pices. La combustion est parfaite et l&rsquo;\u00e9quilibre aromatique excellent. <strong>Une belle r\u00e9ussite dans le monde du havane.<\/strong><\/p>","protected":false},"excerpt":{"rendered":"<p>\u8449\u5dfb25\u672c\u5165\u308a\u3002.<\/p>","protected":false},"featured_media":6475,"template":"","meta":{"_acf_changed":false},"product_brand":[],"product_cat":[19809,19845,20617,20635,20666],"product_tag":[],"class_list":{"0":"post-40737","1":"product","2":"type-product","3":"status-publish","4":"has-post-thumbnail","6":"product_cat-cigares","7":"product_cat-cigares-cubains","8":"product_cat-montecristo","9":"product_cat-montecristo-linea-clasica","10":"product_cat-montecristo-linea-edmundo","11":"product_shipping_class-cigares","13":"first","14":"instock","15":"taxable","16":"shipping-taxable","17":"purchasable","18":"product-type-simple"},"acf":[],"_links":{"self":[{"href":"https:\/\/cigarquality.com\/ja\/wp-json\/wp\/v2\/product\/40737","targetHints":{"allow":["GET"]}}],"collection":[{"href":"https:\/\/cigarquality.com\/ja\/wp-json\/wp\/v2\/product"}],"about":[{"href":"https:\/\/cigarquality.com\/ja\/wp-json\/wp\/v2\/types\/product"}],"wp:featuredmedia":[{"embeddable":true,"href":"https:\/\/cigarquality.com\/ja\/wp-json\/wp\/v2\/media\/6475"}],"wp:attachment":[{"href":"https:\/\/cigarquality.com\/ja\/wp-json\/wp\/v2\/media?parent=40737"}],"wp:term":[{"taxonomy":"product_brand","embeddable":true,"href":"https:\/\/cigarquality.com\/ja\/wp-json\/wp\/v2\/product_brand?post=40737"},{"taxonomy":"product_cat","embeddable":true,"href":"https:\/\/cigarquality.com\/ja\/wp-json\/wp\/v2\/product_cat?post=40737"},{"taxonomy":"product_tag","embeddable":true,"href":"https:\/\/cigarquality.com\/ja\/wp-json\/wp\/v2\/product_tag?post=40737"}],"curies":[{"name":"wp","href":"https:\/\/api.w.org\/{rel}","templated":true}]}}