{"id":40629,"date":"2019-07-09T11:27:52","date_gmt":"2019-07-09T09:27:52","guid":{"rendered":"https:\/\/mkulcarx.preview.infomaniak.website\/produit\/montecristo-petit-no-2-a-t-3\/"},"modified":"2026-02-03T10:24:17","modified_gmt":"2026-02-03T09:24:17","slug":"montecristo-petit-no-2-tubos-3","status":"publish","type":"product","link":"https:\/\/cigarquality.com\/ja\/boutique\/cigares-cubains\/montecristo\/montecristo-linea-clasica\/montecristo-petit-no-2-tubos-3\/","title":{"rendered":"\u30e2\u30f3\u30c6\u30af\u30ea\u30b9\u30c8\u30fb\u30d7\u30c6\u30a3No.2 \u30c1\u30e5\u30fc\u30dc\u30b9\u30fb\u30b1\u30fc\u30b9 (3)"},"content":{"rendered":"<p>La gamme Montecristo classique s&rsquo;\u00e9tend depuis plusieurs ann\u00e9es sur cinq modules, du No. 1 au No. 5. Avec ce Montecristo Petit No.2, Montecristo compl\u00e8te sa gamme d&rsquo;un petit obus pour les amoureux de la marque, vif et puissant, il trouvera sa place comme cigare d&rsquo;apr\u00e8s d\u00e9jeuner.<\/p>","protected":false},"excerpt":{"rendered":"<p>\u30c1\u30e5\u30fc\u30d6\u5165\u308a3\u672c\u5165\u308a\u30b1\u30fc\u30b9\u3002.<\/p>","protected":false},"featured_media":17896,"template":"","meta":{"_acf_changed":false},"product_brand":[],"product_cat":[19809,19845,35059,20617,20635],"product_tag":[],"class_list":{"0":"post-40629","1":"product","2":"type-product","3":"status-publish","4":"has-post-thumbnail","6":"product_cat-cigares","7":"product_cat-cigares-cubains","8":"product_cat-etuis-de-3-a-5-cigares","9":"product_cat-montecristo","10":"product_cat-montecristo-linea-clasica","11":"product_shipping_class-cigares","13":"first","14":"outofstock","15":"taxable","16":"shipping-taxable","17":"purchasable","18":"product-type-simple"},"acf":[],"_links":{"self":[{"href":"https:\/\/cigarquality.com\/ja\/wp-json\/wp\/v2\/product\/40629","targetHints":{"allow":["GET"]}}],"collection":[{"href":"https:\/\/cigarquality.com\/ja\/wp-json\/wp\/v2\/product"}],"about":[{"href":"https:\/\/cigarquality.com\/ja\/wp-json\/wp\/v2\/types\/product"}],"wp:featuredmedia":[{"embeddable":true,"href":"https:\/\/cigarquality.com\/ja\/wp-json\/wp\/v2\/media\/17896"}],"wp:attachment":[{"href":"https:\/\/cigarquality.com\/ja\/wp-json\/wp\/v2\/media?parent=40629"}],"wp:term":[{"taxonomy":"product_brand","embeddable":true,"href":"https:\/\/cigarquality.com\/ja\/wp-json\/wp\/v2\/product_brand?post=40629"},{"taxonomy":"product_cat","embeddable":true,"href":"https:\/\/cigarquality.com\/ja\/wp-json\/wp\/v2\/product_cat?post=40629"},{"taxonomy":"product_tag","embeddable":true,"href":"https:\/\/cigarquality.com\/ja\/wp-json\/wp\/v2\/product_tag?post=40629"}],"curies":[{"name":"wp","href":"https:\/\/api.w.org\/{rel}","templated":true}]}}