{"id":40615,"date":"2019-07-12T10:27:52","date_gmt":"2019-07-12T09:27:52","guid":{"rendered":"https:\/\/mkulcarx.preview.infomaniak.website\/produit\/montecristo-petit-no-2-10-2\/"},"modified":"2026-04-09T11:41:48","modified_gmt":"2026-04-09T09:41:48","slug":"montecristo-petit-no-2-10","status":"publish","type":"product","link":"https:\/\/cigarquality.com\/ja\/boutique\/cigares-cubains\/montecristo\/montecristo-linea-clasica\/montecristo-petit-no-2-10\/","title":{"rendered":"\u30e2\u30f3\u30c6\u30af\u30ea\u30b9\u30c8\u30fb\u30d7\u30c6\u30a3No.2 (10)"},"content":{"rendered":"<p>Le nouveau Montecristo Petit No. 2 est en quelque sorte le petit fr\u00e8re du l\u00e9gendaire Montecristo No. 2. Le Montecristo Petit No. 2 est produit dans un format \u00ab Petit No. 2 \u00bb, <strong>soit un cepo de 52 pour une longueur de 120 mm.<\/strong><\/p>\n<p>Le Montecristo Petit No. 2 <strong>est le deuxi\u00e8me cigare \u00e0 b\u00e9n\u00e9ficier de la nouvelle bague Montecristo et sera disponible en boites de 10<\/strong> et de 25 cigares. Par la suite les Montecristo Petit No. 2 seront \u00e9galement disponibles en \u00e9tuis de 3 cigares.<\/p>","protected":false},"excerpt":{"rendered":"<p>\u8449\u5dfb10\u672c\u5165\u308a\u3002.<\/p>","protected":false},"featured_media":17941,"template":"","meta":{"_acf_changed":false},"product_brand":[],"product_cat":[19809,19845,20617,20635],"product_tag":[],"class_list":{"0":"post-40615","1":"product","2":"type-product","3":"status-publish","4":"has-post-thumbnail","6":"product_cat-cigares","7":"product_cat-cigares-cubains","8":"product_cat-montecristo","9":"product_cat-montecristo-linea-clasica","10":"product_shipping_class-cigares","12":"first","13":"outofstock","14":"taxable","15":"shipping-taxable","16":"purchasable","17":"product-type-simple"},"acf":[],"_links":{"self":[{"href":"https:\/\/cigarquality.com\/ja\/wp-json\/wp\/v2\/product\/40615","targetHints":{"allow":["GET"]}}],"collection":[{"href":"https:\/\/cigarquality.com\/ja\/wp-json\/wp\/v2\/product"}],"about":[{"href":"https:\/\/cigarquality.com\/ja\/wp-json\/wp\/v2\/types\/product"}],"wp:featuredmedia":[{"embeddable":true,"href":"https:\/\/cigarquality.com\/ja\/wp-json\/wp\/v2\/media\/17941"}],"wp:attachment":[{"href":"https:\/\/cigarquality.com\/ja\/wp-json\/wp\/v2\/media?parent=40615"}],"wp:term":[{"taxonomy":"product_brand","embeddable":true,"href":"https:\/\/cigarquality.com\/ja\/wp-json\/wp\/v2\/product_brand?post=40615"},{"taxonomy":"product_cat","embeddable":true,"href":"https:\/\/cigarquality.com\/ja\/wp-json\/wp\/v2\/product_cat?post=40615"},{"taxonomy":"product_tag","embeddable":true,"href":"https:\/\/cigarquality.com\/ja\/wp-json\/wp\/v2\/product_tag?post=40615"}],"curies":[{"name":"wp","href":"https:\/\/api.w.org\/{rel}","templated":true}]}}