{"id":40553,"date":"2019-07-27T10:27:59","date_gmt":"2019-07-27T09:27:59","guid":{"rendered":"https:\/\/mkulcarx.preview.infomaniak.website\/produit\/montecristo-medias-coronas-25-2\/"},"modified":"2026-02-18T16:51:03","modified_gmt":"2026-02-18T15:51:03","slug":"montecristo-media-corona-25","status":"publish","type":"product","link":"https:\/\/cigarquality.com\/ja\/boutique\/cigares-cubains\/montecristo\/montecristo-linea-clasica\/montecristo-media-corona-25\/","title":{"rendered":"Montecristo Media Corona (25)"},"content":{"rendered":"<p>Le Montecristo Media Corona a \u00e9t\u00e9 lanc\u00e9 en 2015. Avec une longueur d&rsquo;\u00e0 peine 90 mm et un diam\u00e8tre de 17,5 mm, ce Corona est le smoke id\u00e9al pour les petits creux. Il ne vous prendra que 30 minutes pour le d\u00e9guster convenablement.<\/p>\n<p>Les ar\u00f4mes du m\u00e9lange typique de Montecristo s&rsquo;intensifient au fil de la fum\u00e9e. Comme tous les cigares Montecristo, la Media Corona porte la nouvelle bague de la marque.<\/p>\n<p>Le Montecristo Media Corona est un nouveau venu dans la gamme Montecristo. Un format bien connu puisqu\u2019il reprend les dimensions du H. Upamnn Half Corona. Une belle r\u00e9alisation, sans surprise pour ce Montecristo plein de saveurs et surtout de puissance. Une personnalit\u00e9 muscl\u00e9e et un tempo sovi\u00e9tique. Un compagnon fort sympathique.<\/p>","protected":false},"excerpt":{"rendered":"<p>\u8449\u5dfb25\u672c\u5165\u308a\u3002.<\/p>","protected":false},"featured_media":17889,"template":"","meta":{"_acf_changed":false},"product_brand":[],"product_cat":[19809,19845,20617,20635],"product_tag":[],"class_list":{"0":"post-40553","1":"product","2":"type-product","3":"status-publish","4":"has-post-thumbnail","6":"product_cat-cigares","7":"product_cat-cigares-cubains","8":"product_cat-montecristo","9":"product_cat-montecristo-linea-clasica","10":"product_shipping_class-cigares","12":"first","13":"outofstock","14":"sale","15":"taxable","16":"shipping-taxable","17":"purchasable","18":"product-type-simple"},"acf":[],"_links":{"self":[{"href":"https:\/\/cigarquality.com\/ja\/wp-json\/wp\/v2\/product\/40553","targetHints":{"allow":["GET"]}}],"collection":[{"href":"https:\/\/cigarquality.com\/ja\/wp-json\/wp\/v2\/product"}],"about":[{"href":"https:\/\/cigarquality.com\/ja\/wp-json\/wp\/v2\/types\/product"}],"wp:featuredmedia":[{"embeddable":true,"href":"https:\/\/cigarquality.com\/ja\/wp-json\/wp\/v2\/media\/17889"}],"wp:attachment":[{"href":"https:\/\/cigarquality.com\/ja\/wp-json\/wp\/v2\/media?parent=40553"}],"wp:term":[{"taxonomy":"product_brand","embeddable":true,"href":"https:\/\/cigarquality.com\/ja\/wp-json\/wp\/v2\/product_brand?post=40553"},{"taxonomy":"product_cat","embeddable":true,"href":"https:\/\/cigarquality.com\/ja\/wp-json\/wp\/v2\/product_cat?post=40553"},{"taxonomy":"product_tag","embeddable":true,"href":"https:\/\/cigarquality.com\/ja\/wp-json\/wp\/v2\/product_tag?post=40553"}],"curies":[{"name":"wp","href":"https:\/\/api.w.org\/{rel}","templated":true}]}}