{"id":40516,"date":"2019-06-07T10:27:21","date_gmt":"2019-06-07T09:27:21","guid":{"rendered":"https:\/\/mkulcarx.preview.infomaniak.website\/produit\/cohiba-siglo-3-slb-25-2\/"},"modified":"2026-02-09T21:12:41","modified_gmt":"2026-02-09T20:12:41","slug":"cohiba-siglo-3-slb-25","status":"publish","type":"product","link":"https:\/\/cigarquality.com\/ja\/boutique\/cigares-cubains\/cohiba\/cohiba-siglo\/cohiba-siglo-3-slb-25\/","title":{"rendered":"\u30b3\u30a4\u30fc\u30d0\u30fb\u30b7\u30b0\u30ed3 SLB (25)"},"content":{"rendered":"<p>Le Cohiba Siglo 3 est magnifiquement drap\u00e9 dans une cape chocolat. Le module est dot\u00e9 d&rsquo;une excellente compacit\u00e9 et affiche une fabrication de qualit\u00e9. \u00c0 cru, il pr\u00e9sente des touches \u00e9pic\u00e9es avec des pointes de cacao. Lors des premi\u00e8res bouff\u00e9es, on remarque rapidement <strong>\u30d3\u30c8\u30e9\u306e\u7d20\u6674\u3089\u3057\u3044\u30c9\u30e9\u30d5\u30c8\u3002.<\/strong> La puissance est contr\u00f4l\u00e9e dans une fum\u00e9e ample et \u00e9quilibr\u00e9e. La palette aromatique \u00e9volue des notes bois\u00e9es \u00e0 des touches de cuir et de r\u00e9glisse. Une vitole parfaitement r\u00e9ussie qui satisfera les plus exigeants.<\/p>","protected":false},"excerpt":{"rendered":"<p>\u8449\u5dfb25\u672c\u5165\u308a\u3002.<\/p>","protected":false},"featured_media":17324,"template":"","meta":{"_acf_changed":false},"product_brand":[],"product_cat":[19809,19845,19885,45381,19793],"product_tag":[1849,2354],"class_list":{"0":"post-40516","1":"product","2":"type-product","3":"status-publish","4":"has-post-thumbnail","6":"product_cat-cigares","7":"product_cat-cigares-cubains","8":"product_cat-cohiba","9":"product_cat-cohiba-siglo","10":"product_cat-hard-to-find","11":"product_tag-cuir","12":"product_tag-reglisse","13":"product_shipping_class-cigares","15":"first","16":"outofstock","17":"taxable","18":"shipping-taxable","19":"purchasable","20":"product-type-simple"},"acf":[],"_links":{"self":[{"href":"https:\/\/cigarquality.com\/ja\/wp-json\/wp\/v2\/product\/40516","targetHints":{"allow":["GET"]}}],"collection":[{"href":"https:\/\/cigarquality.com\/ja\/wp-json\/wp\/v2\/product"}],"about":[{"href":"https:\/\/cigarquality.com\/ja\/wp-json\/wp\/v2\/types\/product"}],"wp:featuredmedia":[{"embeddable":true,"href":"https:\/\/cigarquality.com\/ja\/wp-json\/wp\/v2\/media\/17324"}],"wp:attachment":[{"href":"https:\/\/cigarquality.com\/ja\/wp-json\/wp\/v2\/media?parent=40516"}],"wp:term":[{"taxonomy":"product_brand","embeddable":true,"href":"https:\/\/cigarquality.com\/ja\/wp-json\/wp\/v2\/product_brand?post=40516"},{"taxonomy":"product_cat","embeddable":true,"href":"https:\/\/cigarquality.com\/ja\/wp-json\/wp\/v2\/product_cat?post=40516"},{"taxonomy":"product_tag","embeddable":true,"href":"https:\/\/cigarquality.com\/ja\/wp-json\/wp\/v2\/product_tag?post=40516"}],"curies":[{"name":"wp","href":"https:\/\/api.w.org\/{rel}","templated":true}]}}