{"id":40507,"date":"2019-06-16T23:59:10","date_gmt":"2019-06-16T21:59:10","guid":{"rendered":"https:\/\/cigarquality.com\/?post_type=product&#038;p=9425"},"modified":"2026-04-16T11:16:37","modified_gmt":"2026-04-16T09:16:37","slug":"cohiba-short-10","status":"publish","type":"product","link":"https:\/\/cigarquality.com\/ja\/boutique\/cigares-cubains\/cohiba\/cohiba-linea-clasica\/cohiba-short-10\/","title":{"rendered":"\u30b3\u30a4\u30fc\u30d0\u30fb\u30b7\u30e7\u30fc\u30c81\uff0810\u00d710\uff09"},"content":{"rendered":"<p>Avec une longueur de 82 mm et un diam\u00e8tre de 10.6 mm le nouveau <strong>Cohiba Short est un super cigarillo !<\/strong> Gr\u00e2ce \u00e0 ce nouveau format, le blending Cohiba version cigarillos s&rsquo;exprime encore mieux et offre un intense moment de plaisir. <strong>N&rsquo;h\u00e9sitez pas \u00e0 essayer ce nouveau cigarillo pr\u00e9sent\u00e9 dans un packaging inventif \u00e0 10 cigarillos.<br \/>\n<\/strong>1 Cartouche de 10 paquets contenant 10 cigares.<\/p>\n<p>Compos\u00e9 \u00e0 100% de tabacs cubains. Dur\u00e9e 10-15 minutes.<\/p>","protected":false},"excerpt":{"rendered":"<p>\u8449\u5dfb10\u672c\u5165\u308a10\u7bb1\u3002.<\/p>","protected":false},"featured_media":40403,"template":"","meta":{"_acf_changed":false},"product_brand":[],"product_cat":[19809,19845,20353,19885,45378],"product_tag":[2095],"class_list":{"0":"post-40507","1":"product","2":"type-product","3":"status-publish","4":"has-post-thumbnail","6":"product_cat-cigares","7":"product_cat-cigares-cubains","8":"product_cat-cigares-mini-club","9":"product_cat-cohiba","10":"product_cat-cohiba-linea-clasica","11":"product_tag-epices","12":"product_shipping_class-cigares","14":"first","15":"instock","16":"taxable","17":"shipping-taxable","18":"purchasable","19":"product-type-simple"},"acf":[],"_links":{"self":[{"href":"https:\/\/cigarquality.com\/ja\/wp-json\/wp\/v2\/product\/40507","targetHints":{"allow":["GET"]}}],"collection":[{"href":"https:\/\/cigarquality.com\/ja\/wp-json\/wp\/v2\/product"}],"about":[{"href":"https:\/\/cigarquality.com\/ja\/wp-json\/wp\/v2\/types\/product"}],"wp:featuredmedia":[{"embeddable":true,"href":"https:\/\/cigarquality.com\/ja\/wp-json\/wp\/v2\/media\/40403"}],"wp:attachment":[{"href":"https:\/\/cigarquality.com\/ja\/wp-json\/wp\/v2\/media?parent=40507"}],"wp:term":[{"taxonomy":"product_brand","embeddable":true,"href":"https:\/\/cigarquality.com\/ja\/wp-json\/wp\/v2\/product_brand?post=40507"},{"taxonomy":"product_cat","embeddable":true,"href":"https:\/\/cigarquality.com\/ja\/wp-json\/wp\/v2\/product_cat?post=40507"},{"taxonomy":"product_tag","embeddable":true,"href":"https:\/\/cigarquality.com\/ja\/wp-json\/wp\/v2\/product_tag?post=40507"}],"curies":[{"name":"wp","href":"https:\/\/api.w.org\/{rel}","templated":true}]}}