{"id":40489,"date":"2019-07-03T10:27:29","date_gmt":"2019-07-03T09:27:29","guid":{"rendered":"https:\/\/mkulcarx.preview.infomaniak.website\/produit\/cohiba-maduro-genios-5-bn-10-2\/"},"modified":"2026-04-10T16:51:03","modified_gmt":"2026-04-10T14:51:03","slug":"cohiba-maduro-genios-5-bn-10","status":"publish","type":"product","link":"https:\/\/cigarquality.com\/ja\/boutique\/cigares-cubains\/cohiba\/cohiba-maduro-5\/cohiba-maduro-genios-5-bn-10\/","title":{"rendered":"\u30b3\u30a4\u30fc\u30d0\u30fb\u30de\u30c7\u30e5\u30fc\u30ed\u30fb\u30b8\u30a7\u30cb\u30aa\u30b9 5 BN (10)"},"content":{"rendered":"<p><strong>La ligne Maduro 5 (feuilles de maduro, tabac vieilli 5 ans avant d\u2019\u00eatre roul\u00e9e)<\/strong>\u00a0est le c\u00f4t\u00e9 le plus sombre de Cohiba.\u00a0<strong>Le Cohiba Maduro Genios 5 BN est le plus gros et le plus audacieux de ces cigares.<\/strong> M\u00e9lange plus intense et plus riche que celui des Linea Classica et 1492 Linea, la ligne du Cohiba Maduro Genios 5 BN s\u00e9duira les gros fervents amateurs de cigares noirs. Il faudra un peu de temps \u00e0 ces cigares pour atteindre leur apog\u00e9e, mais le m\u00e9lange envisag\u00e9 devrait donner une forte fum\u00e9e bois\u00e9e.<\/p>","protected":false},"excerpt":{"rendered":"<p>\u8449\u5dfb10\u672c\u5165\u308a\u3002.<\/p>","protected":false},"featured_media":6424,"template":"","meta":{"_acf_changed":false},"product_brand":[],"product_cat":[19809,19845,19885,45380,19793,16866],"product_tag":[],"class_list":{"0":"post-40489","1":"product","2":"type-product","3":"status-publish","4":"has-post-thumbnail","6":"product_cat-cigares","7":"product_cat-cigares-cubains","8":"product_cat-cohiba","9":"product_cat-cohiba-maduro-5","10":"product_cat-hard-to-find","11":"product_cat-les-meilleurs-cigares","12":"product_shipping_class-cigares","14":"first","15":"outofstock","16":"taxable","17":"shipping-taxable","18":"purchasable","19":"product-type-simple"},"acf":[],"_links":{"self":[{"href":"https:\/\/cigarquality.com\/ja\/wp-json\/wp\/v2\/product\/40489","targetHints":{"allow":["GET"]}}],"collection":[{"href":"https:\/\/cigarquality.com\/ja\/wp-json\/wp\/v2\/product"}],"about":[{"href":"https:\/\/cigarquality.com\/ja\/wp-json\/wp\/v2\/types\/product"}],"wp:featuredmedia":[{"embeddable":true,"href":"https:\/\/cigarquality.com\/ja\/wp-json\/wp\/v2\/media\/6424"}],"wp:attachment":[{"href":"https:\/\/cigarquality.com\/ja\/wp-json\/wp\/v2\/media?parent=40489"}],"wp:term":[{"taxonomy":"product_brand","embeddable":true,"href":"https:\/\/cigarquality.com\/ja\/wp-json\/wp\/v2\/product_brand?post=40489"},{"taxonomy":"product_cat","embeddable":true,"href":"https:\/\/cigarquality.com\/ja\/wp-json\/wp\/v2\/product_cat?post=40489"},{"taxonomy":"product_tag","embeddable":true,"href":"https:\/\/cigarquality.com\/ja\/wp-json\/wp\/v2\/product_tag?post=40489"}],"curies":[{"name":"wp","href":"https:\/\/api.w.org\/{rel}","templated":true}]}}