{"id":40485,"date":"2019-07-07T10:27:13","date_gmt":"2019-07-07T09:27:13","guid":{"rendered":"https:\/\/mkulcarx.preview.infomaniak.website\/produit\/cohiba-coronas-especiales-bn-25-2\/"},"modified":"2026-03-11T15:52:12","modified_gmt":"2026-03-11T14:52:12","slug":"cohiba-coronas-especiales-bn-25-2","status":"publish","type":"product","link":"https:\/\/cigarquality.com\/ja\/boutique\/cigares-cubains\/cohiba\/cohiba-linea-clasica\/cohiba-coronas-especiales-bn-25-2\/","title":{"rendered":"\u30b3\u30a4\u30fc\u30d0\u30fb\u30b3\u30ed\u30ca\u30b9\u30fb\u30a8\u30b9\u30da\u30b7\u30a2\u30ec\u30b9BN (25)"},"content":{"rendered":"<p>Le cigare Cohiba Coronas Especiales est un panetela de belle pr\u00e9sentation, roul\u00e9 dans une cape colorado. Il d\u00e9livre \u00e0 cru une rondeur et une subtilit\u00e9 int\u00e9ressante avec toutefois un peu d&rsquo;amertume. La vitole s&#8217;embrasse facilement. La fum\u00e9e ample s&rsquo;enrichit d&rsquo;ar\u00f4mes de bois et de fruits secs. La puissance est raisonnable sans \u00eatre toutefois parfaitement bien ma\u00eetris\u00e9e. Le deuxi\u00e8me tiers \u00e9volue sur des senteurs de bois et de noisette.<\/p>","protected":false},"excerpt":{"rendered":"<p>\u8449\u5dfb25\u672c\u5165\u308a\u3002.<\/p>","protected":false},"featured_media":40309,"template":"","meta":{"_acf_changed":false},"product_brand":[],"product_cat":[19809,19845,19885,45378,19793],"product_tag":[],"class_list":{"0":"post-40485","1":"product","2":"type-product","3":"status-publish","4":"has-post-thumbnail","6":"product_cat-cigares","7":"product_cat-cigares-cubains","8":"product_cat-cohiba","9":"product_cat-cohiba-linea-clasica","10":"product_cat-hard-to-find","11":"product_shipping_class-cigares","13":"first","14":"outofstock","15":"taxable","16":"shipping-taxable","17":"purchasable","18":"product-type-simple"},"acf":[],"_links":{"self":[{"href":"https:\/\/cigarquality.com\/ja\/wp-json\/wp\/v2\/product\/40485","targetHints":{"allow":["GET"]}}],"collection":[{"href":"https:\/\/cigarquality.com\/ja\/wp-json\/wp\/v2\/product"}],"about":[{"href":"https:\/\/cigarquality.com\/ja\/wp-json\/wp\/v2\/types\/product"}],"wp:featuredmedia":[{"embeddable":true,"href":"https:\/\/cigarquality.com\/ja\/wp-json\/wp\/v2\/media\/40309"}],"wp:attachment":[{"href":"https:\/\/cigarquality.com\/ja\/wp-json\/wp\/v2\/media?parent=40485"}],"wp:term":[{"taxonomy":"product_brand","embeddable":true,"href":"https:\/\/cigarquality.com\/ja\/wp-json\/wp\/v2\/product_brand?post=40485"},{"taxonomy":"product_cat","embeddable":true,"href":"https:\/\/cigarquality.com\/ja\/wp-json\/wp\/v2\/product_cat?post=40485"},{"taxonomy":"product_tag","embeddable":true,"href":"https:\/\/cigarquality.com\/ja\/wp-json\/wp\/v2\/product_tag?post=40485"}],"curies":[{"name":"wp","href":"https:\/\/api.w.org\/{rel}","templated":true}]}}