{"id":299564,"date":"2025-04-03T14:22:11","date_gmt":"2025-04-03T12:22:11","guid":{"rendered":"https:\/\/cigarquality.com\/boutique\/non%20class\u00e9\/genepi-traditionnel-des-peres-chartreux-40-70cl\/"},"modified":"2025-07-25T14:15:56","modified_gmt":"2025-07-25T12:15:56","slug":"genepi-traditionnel-des-peres-chartreux-40-70cl","status":"publish","type":"product","link":"https:\/\/cigarquality.com\/ja\/boutique\/alcools\/liqueurs\/peres-chartreux\/genepi-traditionnel-des-peres-chartreux-40-70cl\/","title":{"rendered":"G\u00e9n\u00e9pi Traditionnel des P\u00e8res Chartreux 40% 70cl"},"content":{"rendered":"<p data-start=\"0\" data-end=\"443\">\u30eb <strong>G&eacute;n&eacute;pi Traditionnel des P&egrave;res Chartreux 40% 70cl<\/strong> est une liqueur embl&eacute;matique, issue du savoir-faire ancestral des c&eacute;l&egrave;bres moines de la Grande Chartreuse. Cette liqueur alpine s&eacute;duit par son bouquet v&eacute;g&eacute;tal intense et ses nuances florales raffin&eacute;es, offrant une fra&icirc;cheur unique &agrave; chaque gorg&eacute;e. V&eacute;ritable hommage aux plantes de montagne, elle incarne l&rsquo;&eacute;quilibre subtil entre tradition monastique, puret&eacute; des ingr&eacute;dients naturels et &eacute;l&eacute;gance de la composition.<\/p>\n<p data-start=\"445\" data-end=\"937\">&Eacute;labor&eacute; en France, au c&oelig;ur des Alpes, le <strong>G&eacute;n&eacute;pi Traditionnel des P&egrave;res Chartreux 40% 70cl<\/strong> repose sur une recette tenue secr&egrave;te par les moines chartreux, qui distillent les plantes depuis plus de quatre si&egrave;cles. Le G&eacute;n&eacute;pi b&eacute;n&eacute;ficie d&rsquo;un processus unique associant plusieurs phases de mac&eacute;ration et de distillation. Cette m&eacute;thode permet d&rsquo;extraire la quintessence aromatique des herbes et de restituer toute la complexit&eacute; botanique de la liqueur.<\/p>\n<p data-start=\"939\" data-end=\"1216\" data-is-last-node=\"\" data-is-only-node=\"\">&Agrave; savourer tr&egrave;s frais ou sur glace, le <strong>G&eacute;n&eacute;pi Traditionnel des P&egrave;res Chartreux 40% 70cl<\/strong> r&eacute;v&egrave;le alors toute sa fra&icirc;cheur herbac&eacute;e et ses subtiles notes florales dans une d&eacute;gustation pure. C&rsquo;est une liqueur d&rsquo;une finesse rare, reflet du temps, du silence et du savoir-faire de ceux qui l&rsquo;ont &eacute;labor&eacute;e.<\/p>","protected":false},"excerpt":{"rendered":"<p>70cl\u30dc\u30c8\u30eb\u3002.<\/p>","protected":false},"featured_media":302196,"template":"","meta":{"_acf_changed":false},"product_brand":[],"product_cat":[21852,35374,45187],"product_tag":[],"class_list":{"0":"post-299564","1":"product","2":"type-product","3":"status-publish","4":"has-post-thumbnail","6":"product_cat-alcools","7":"product_cat-liqueurs","8":"product_cat-peres-chartreux","9":"product_shipping_class-alcool","11":"first","12":"instock","13":"taxable","14":"shipping-taxable","15":"purchasable","16":"product-type-simple"},"acf":[],"_links":{"self":[{"href":"https:\/\/cigarquality.com\/ja\/wp-json\/wp\/v2\/product\/299564","targetHints":{"allow":["GET"]}}],"collection":[{"href":"https:\/\/cigarquality.com\/ja\/wp-json\/wp\/v2\/product"}],"about":[{"href":"https:\/\/cigarquality.com\/ja\/wp-json\/wp\/v2\/types\/product"}],"wp:featuredmedia":[{"embeddable":true,"href":"https:\/\/cigarquality.com\/ja\/wp-json\/wp\/v2\/media\/302196"}],"wp:attachment":[{"href":"https:\/\/cigarquality.com\/ja\/wp-json\/wp\/v2\/media?parent=299564"}],"wp:term":[{"taxonomy":"product_brand","embeddable":true,"href":"https:\/\/cigarquality.com\/ja\/wp-json\/wp\/v2\/product_brand?post=299564"},{"taxonomy":"product_cat","embeddable":true,"href":"https:\/\/cigarquality.com\/ja\/wp-json\/wp\/v2\/product_cat?post=299564"},{"taxonomy":"product_tag","embeddable":true,"href":"https:\/\/cigarquality.com\/ja\/wp-json\/wp\/v2\/product_tag?post=299564"}],"curies":[{"name":"wp","href":"https:\/\/api.w.org\/{rel}","templated":true}]}}