{"id":299563,"date":"2025-04-03T14:22:11","date_gmt":"2025-04-03T12:22:11","guid":{"rendered":"https:\/\/cigarquality.com\/boutique\/non%20class\u00e9\/genepi-intense-des-peres-chartreux-40-70cl\/"},"modified":"2025-07-25T14:15:55","modified_gmt":"2025-07-25T12:15:55","slug":"genepi-intense-des-peres-chartreux-40-70cl","status":"publish","type":"product","link":"https:\/\/cigarquality.com\/ja\/boutique\/alcools\/liqueurs\/peres-chartreux\/genepi-intense-des-peres-chartreux-40-70cl\/","title":{"rendered":"G\u00e9n\u00e9pi Intense des P\u00e8res Chartreux 40% 70cl"},"content":{"rendered":"<p class=\"\" data-start=\"0\" data-end=\"441\">\u30eb <strong>G&eacute;n&eacute;pi<\/strong> <strong>Intense des P&egrave;res Chartreux 40% 70cl<\/strong> est une liqueur d&rsquo;exception issue de la tradition alpine. &Eacute;labor&eacute;e par les moines chartreux, elle rend hommage &agrave; la richesse botanique des montagnes en offrant un profil aromatique intense et authentique. Compos&eacute;e exclusivement d&rsquo;ingr&eacute;dients naturels, cette liqueur digestive s&eacute;duit par la puissance de ses ar&ocirc;mes, &eacute;voquant avec justesse les for&ecirc;ts profondes et les herbes sauvages des Alpes.<\/p>\n<p class=\"\" data-start=\"443\" data-end=\"910\">Produit en France, le <strong>G&eacute;n&eacute;pi<\/strong> <strong>Intense des P&egrave;res Chartreux 40% 70cl<\/strong> repose sur une recette secr&egrave;te datant du XVI\u1d49 si&egrave;cle, jalousement pr&eacute;serv&eacute;e par les P&egrave;res Chartreux. La fabrication combine plusieurs &eacute;tapes de mac&eacute;rations et de distillations minutieuses des diff&eacute;rentes vari&eacute;t&eacute;s de g&eacute;n&eacute;pi, r&eacute;colt&eacute;es traditionnellement au mois d&rsquo;ao&ucirc;t. Ce savoir-faire artisanal permet de capturer toute la richesse aromatique de ces plantes embl&eacute;matiques, offrant une liqueur &agrave; l&rsquo;&eacute;quilibre remarquable.<\/p>\n<p class=\"\" data-start=\"912\" data-end=\"1170\">Id&eacute;alement servi en digestif, l&eacute;g&egrave;rement frais, le <strong>G&eacute;n&eacute;pi<\/strong> <strong>Intense des P&egrave;res Chartreux 40% 70cl<\/strong> d&eacute;voile toute la majest&eacute; de ses saveurs puissantes et v&eacute;g&eacute;tales. Cette cr&eacute;ation rare incarne l&rsquo;authenticit&eacute;, la patience et l&rsquo;exigence d&rsquo;un savoir-faire transmis au fil des si&egrave;cles.<\/p>","protected":false},"excerpt":{"rendered":"<p>70cl\u30dc\u30c8\u30eb\u3002.<\/p>","protected":false},"featured_media":302353,"template":"","meta":{"_acf_changed":false},"product_brand":[],"product_cat":[21852,35374,45187],"product_tag":[],"class_list":{"0":"post-299563","1":"product","2":"type-product","3":"status-publish","4":"has-post-thumbnail","6":"product_cat-alcools","7":"product_cat-liqueurs","8":"product_cat-peres-chartreux","9":"product_shipping_class-alcool","11":"first","12":"instock","13":"taxable","14":"shipping-taxable","15":"purchasable","16":"product-type-simple"},"acf":[],"_links":{"self":[{"href":"https:\/\/cigarquality.com\/ja\/wp-json\/wp\/v2\/product\/299563","targetHints":{"allow":["GET"]}}],"collection":[{"href":"https:\/\/cigarquality.com\/ja\/wp-json\/wp\/v2\/product"}],"about":[{"href":"https:\/\/cigarquality.com\/ja\/wp-json\/wp\/v2\/types\/product"}],"wp:featuredmedia":[{"embeddable":true,"href":"https:\/\/cigarquality.com\/ja\/wp-json\/wp\/v2\/media\/302353"}],"wp:attachment":[{"href":"https:\/\/cigarquality.com\/ja\/wp-json\/wp\/v2\/media?parent=299563"}],"wp:term":[{"taxonomy":"product_brand","embeddable":true,"href":"https:\/\/cigarquality.com\/ja\/wp-json\/wp\/v2\/product_brand?post=299563"},{"taxonomy":"product_cat","embeddable":true,"href":"https:\/\/cigarquality.com\/ja\/wp-json\/wp\/v2\/product_cat?post=299563"},{"taxonomy":"product_tag","embeddable":true,"href":"https:\/\/cigarquality.com\/ja\/wp-json\/wp\/v2\/product_tag?post=299563"}],"curies":[{"name":"wp","href":"https:\/\/api.w.org\/{rel}","templated":true}]}}