{"id":285810,"date":"2024-04-22T11:34:30","date_gmt":"2024-04-22T09:34:30","guid":{"rendered":"https:\/\/cigarquality.com\/?post_type=product&#038;p=285810"},"modified":"2026-03-26T13:09:03","modified_gmt":"2026-03-26T12:09:03","slug":"pack-decouverte-cigares-la-selection-du-debutant-6x1","status":"publish","type":"product","link":"https:\/\/cigarquality.com\/ja\/boutique\/pack-decouverte-cigare\/pack-decouverte-cigare-multi-terroir\/pack-decouverte-cigares-la-selection-du-debutant-6x1\/","title":{"rendered":"Pack d\u00e9couverte cigares la S\u00e9lection du D\u00e9butant (6&#215;1)"},"content":{"rendered":"<p class=\"p1\"><strong>L&rsquo;Offre d&eacute;couverte cigares &ldquo;La S&eacute;lection du D&eacute;butant&rdquo; 6&#215;1 comprend :<\/strong><\/p>\n<p class=\"p1\"><strong>1 cigare <\/strong>Arturo Fuente Gran Reserva Rothschild<br \/><strong>1 cigare <\/strong>Gilbert De Montsalvat Classic Robusto<br \/><strong>1 cigare <\/strong>Camacho Connecticut Robusto<br \/><strong>1 cigare <\/strong>Hoyo de Monterrey Epicure N&deg;2<br \/><strong>1 cigare <\/strong>Avo XO Intermezzo<br \/><strong>1 cigare <\/strong>Flor de Selva Anniversario 20 Robusto<\/p>","protected":false},"excerpt":{"rendered":"<p><span>\u8449\u5dfb6\u672c\u5165\u308a\u30d5\u30ec\u30c3\u30b7\u30e5\u30d1\u30c3\u30af\u3002.<\/span><\/p>","protected":false},"featured_media":308481,"template":"","meta":{"_acf_changed":false},"product_brand":[],"product_cat":[19809,34935,42528,42527,45770],"product_tag":[],"class_list":{"0":"post-285810","1":"product","2":"type-product","3":"status-publish","4":"has-post-thumbnail","6":"product_cat-cigares","7":"product_cat-pack-decouverte-cigare","8":"product_cat-pack-decouverte-cigare-multi-terroir","9":"product_cat-pack-decouverte-cigare-par-module","10":"product_cat-pack-decouverte-initiation","11":"product_shipping_class-cigares","13":"first","14":"instock","15":"taxable","16":"shipping-taxable","17":"purchasable","18":"product-type-simple"},"acf":[],"_links":{"self":[{"href":"https:\/\/cigarquality.com\/ja\/wp-json\/wp\/v2\/product\/285810","targetHints":{"allow":["GET"]}}],"collection":[{"href":"https:\/\/cigarquality.com\/ja\/wp-json\/wp\/v2\/product"}],"about":[{"href":"https:\/\/cigarquality.com\/ja\/wp-json\/wp\/v2\/types\/product"}],"wp:featuredmedia":[{"embeddable":true,"href":"https:\/\/cigarquality.com\/ja\/wp-json\/wp\/v2\/media\/308481"}],"wp:attachment":[{"href":"https:\/\/cigarquality.com\/ja\/wp-json\/wp\/v2\/media?parent=285810"}],"wp:term":[{"taxonomy":"product_brand","embeddable":true,"href":"https:\/\/cigarquality.com\/ja\/wp-json\/wp\/v2\/product_brand?post=285810"},{"taxonomy":"product_cat","embeddable":true,"href":"https:\/\/cigarquality.com\/ja\/wp-json\/wp\/v2\/product_cat?post=285810"},{"taxonomy":"product_tag","embeddable":true,"href":"https:\/\/cigarquality.com\/ja\/wp-json\/wp\/v2\/product_tag?post=285810"}],"curies":[{"name":"wp","href":"https:\/\/api.w.org\/{rel}","templated":true}]}}