{"id":88101,"date":"2022-09-26T14:37:17","date_gmt":"2022-09-26T12:37:17","guid":{"rendered":"https:\/\/cigarquality.com\/?post_type=product&#038;p=88101"},"modified":"2025-07-25T13:44:01","modified_gmt":"2025-07-25T11:44:01","slug":"padron-1926-serie-no-9-maduro-24","status":"publish","type":"product","link":"https:\/\/cigarquality.com\/en\/boutique\/cigares-nicaraguayens\/padron\/padron-1926-serie\/padron-1926-serie-no-9-maduro-24\/","title":{"rendered":"Padron 1926 Serie No. 9 Maduro (24)"},"content":{"rendered":"<p>At the tasting<strong> Padr\u00f3n 1926 Anniversary N\u00b0 9 Maduro<\/strong> delivers notes of coffee and walnut as well as slightly earthy flavors. The <strong>Padr\u00f3n 1926 Anniversary N\u00b0 9 Maduro<\/strong> is a puro because all the tobaccos used in the filler, wrapper and binder are grown in Nicaragua. Padr\u00f3n cigars are made in Nicaragua at the factory owned by the Padr\u00f3n family. The Padr\u00f3n 1926 Anniversary line of cigars made its debut in 2002 to mark the 75th birthday of Jos\u00e9 Orlando Padr\u00f3n, the family patriarch. The tobaccos used in the 1926 Anniversary line are aged for a minimum of 7 years, giving the cigars an extraordinary personality. The Padron 1926 Anniversary line includes 8 other modules: N\u00b0 2, N\u00b0 6, N\u00b0 9, N\u00b0 35, N\u00b0 48, N\u00b0 90 in tube, 40th Anniversary and 80th Anniversary. The <strong>Padr\u00f3n 1926 Anniversary N\u00b0 9 Maduro<\/strong> is available in boxes of 24 cigars. The cigar <strong>Padr\u00f3n 1926 Anniversary N\u00b0 9 Maduro<\/strong> is a Robusto Gordo with a length of 133 mm and a diameter of 22.2 mm. The smoking time for this cigar is around 60 minutes.<\/p>","protected":false},"excerpt":{"rendered":"<p>Box of 24 cigars.<\/p>","protected":false},"featured_media":88102,"template":"","meta":{"_acf_changed":false},"product_brand":[],"product_cat":[19809,24833,25449,32746],"product_tag":[],"class_list":{"0":"post-88101","1":"product","2":"type-product","3":"status-publish","4":"has-post-thumbnail","6":"product_cat-cigares","7":"product_cat-cigares-nicaraguayens","8":"product_cat-padron","9":"product_cat-padron-1926-serie","10":"product_shipping_class-cigares","12":"first","13":"instock","14":"taxable","15":"shipping-taxable","16":"purchasable","17":"product-type-simple"},"acf":[],"_links":{"self":[{"href":"https:\/\/cigarquality.com\/en\/wp-json\/wp\/v2\/product\/88101","targetHints":{"allow":["GET"]}}],"collection":[{"href":"https:\/\/cigarquality.com\/en\/wp-json\/wp\/v2\/product"}],"about":[{"href":"https:\/\/cigarquality.com\/en\/wp-json\/wp\/v2\/types\/product"}],"wp:featuredmedia":[{"embeddable":true,"href":"https:\/\/cigarquality.com\/en\/wp-json\/wp\/v2\/media\/88102"}],"wp:attachment":[{"href":"https:\/\/cigarquality.com\/en\/wp-json\/wp\/v2\/media?parent=88101"}],"wp:term":[{"taxonomy":"product_brand","embeddable":true,"href":"https:\/\/cigarquality.com\/en\/wp-json\/wp\/v2\/product_brand?post=88101"},{"taxonomy":"product_cat","embeddable":true,"href":"https:\/\/cigarquality.com\/en\/wp-json\/wp\/v2\/product_cat?post=88101"},{"taxonomy":"product_tag","embeddable":true,"href":"https:\/\/cigarquality.com\/en\/wp-json\/wp\/v2\/product_tag?post=88101"}],"curies":[{"name":"wp","href":"https:\/\/api.w.org\/{rel}","templated":true}]}}