{"id":88094,"date":"2022-09-26T13:26:48","date_gmt":"2022-09-26T12:26:48","guid":{"rendered":"https:\/\/cigarquality.com\/?post_type=product&#038;p=88094"},"modified":"2025-07-25T13:44:00","modified_gmt":"2025-07-25T11:44:00","slug":"padron-1926-serie-no-6-maduro-24","status":"publish","type":"product","link":"https:\/\/cigarquality.com\/en\/boutique\/cigares-nicaraguayens\/padron\/padron-1926-serie\/padron-1926-serie-no-6-maduro-24\/","title":{"rendered":"Padron 1926 Serie No. 6 Maduro (24)"},"content":{"rendered":"<p>At the tasting <strong>Padr\u00f3n 1926 Anniversary N\u00b0 6 Maduro<\/strong> delivers notes of coffee and walnut as well as slightly earthy flavors.<\/p>\n<p>Visit <strong>Padr\u00f3n 1926 Anniversary N\u00b0 6 Maduro<\/strong> is a puro because all the tobaccos used in the filler, wrapper and binder are grown in Nicaragua. Padr\u00f3n cigars are made in Nicaragua at the factory owned by the Padr\u00f3n family.<\/p>\n<p>The Padr\u00f3n 1926 Anniversary cigar line made its debut in 2002 to mark the 75th birthday of Jos\u00e9 Orlando Padr\u00f3n, the family patriarch.<br \/>\nThe tobaccos used in the 1926 Anniversary line are aged for a minimum of 7 years, giving the cigars an extraordinary personality.<\/p>\n<p>The cigar line<strong> Padron 1926 Anniversary <\/strong>includes 8 other modules: No. 2, No. 6, No. 9, No. 35, No. 48, No. 90 in tube, 40th Anniversary and 80th Anniversary.<\/p>\n<p>Visit <strong>Padr\u00f3n 1926 Anniversary N\u00b0 6 Maduro<\/strong> is available in boxes of 24 cigars.<br \/>\nThe cigar <strong>Padr\u00f3n 1926 Anniversary N\u00b0 6 Maduro<\/strong> is a Robusto with a length of 121 mm and a diameter of 19.8 mm. The smoking time for this cigar is approximately 45 minutes.<\/p>","protected":false},"excerpt":{"rendered":"<p>Box of 24 cigars.<\/p>","protected":false},"featured_media":88091,"template":"","meta":{"_acf_changed":false},"product_brand":[],"product_cat":[19809,24833,25449,32746],"product_tag":[],"class_list":{"0":"post-88094","1":"product","2":"type-product","3":"status-publish","4":"has-post-thumbnail","6":"product_cat-cigares","7":"product_cat-cigares-nicaraguayens","8":"product_cat-padron","9":"product_cat-padron-1926-serie","10":"product_shipping_class-cigares","12":"first","13":"instock","14":"taxable","15":"shipping-taxable","16":"purchasable","17":"product-type-simple"},"acf":[],"_links":{"self":[{"href":"https:\/\/cigarquality.com\/en\/wp-json\/wp\/v2\/product\/88094","targetHints":{"allow":["GET"]}}],"collection":[{"href":"https:\/\/cigarquality.com\/en\/wp-json\/wp\/v2\/product"}],"about":[{"href":"https:\/\/cigarquality.com\/en\/wp-json\/wp\/v2\/types\/product"}],"wp:featuredmedia":[{"embeddable":true,"href":"https:\/\/cigarquality.com\/en\/wp-json\/wp\/v2\/media\/88091"}],"wp:attachment":[{"href":"https:\/\/cigarquality.com\/en\/wp-json\/wp\/v2\/media?parent=88094"}],"wp:term":[{"taxonomy":"product_brand","embeddable":true,"href":"https:\/\/cigarquality.com\/en\/wp-json\/wp\/v2\/product_brand?post=88094"},{"taxonomy":"product_cat","embeddable":true,"href":"https:\/\/cigarquality.com\/en\/wp-json\/wp\/v2\/product_cat?post=88094"},{"taxonomy":"product_tag","embeddable":true,"href":"https:\/\/cigarquality.com\/en\/wp-json\/wp\/v2\/product_tag?post=88094"}],"curies":[{"name":"wp","href":"https:\/\/api.w.org\/{rel}","templated":true}]}}