{"id":88071,"date":"2022-09-26T10:59:16","date_gmt":"2022-09-26T09:59:16","guid":{"rendered":"https:\/\/cigarquality.com\/?post_type=product&#038;p=88071"},"modified":"2025-11-17T09:00:32","modified_gmt":"2025-11-17T08:00:32","slug":"padron-1964-anniversary-exclusivo-maduro-25","status":"publish","type":"product","link":"https:\/\/cigarquality.com\/en\/boutique\/cigares-nicaraguayens\/padron\/padron-1964-anniversary\/padron-1964-anniversary-exclusivo-maduro-25\/","title":{"rendered":"Padron 1964 Anniversary Exclusivo Maduro (25)"},"content":{"rendered":"<p>At the tasting <strong>Padr\u00f3n 1964 Anniversary Exclusivo Maduro<\/strong> delivers notes of cedar, coffee and walnut, as well as slightly earthy and herbaceous flavors.<\/p>\n<p>Visit <strong>Padr\u00f3n1964 Anniversary Exclusivo Maduro <\/strong>is a puro because all the tobaccos used in the filler, wrapper and binder are grown in Nicaragua. Padr\u00f3n cigars are made in Nicaragua at the factory owned by the Padr\u00f3n family. The Padr\u00f3n 1964 Anniversary cigar line was launched in 1994 to commemorate the company's 30th anniversary.<br \/>\nThe tobaccos that make up this 1964 Anniversary line are aged for at least 4 years to produce cigars that are very fine yet full of character.<\/p>\n<p>Like Padr\u00f3n Series cigars, Padr\u00f3n 1964 Anniversary cigars are available with either a Natural or Maduro wrapper. This cigar line includes 13 other modules: Imperial, Diplomatico, Exclusivo, Principe, Monarca, Superior, Corona, Pyramid, Hermoso, Presidente, Soberano, N\u00b0 4 and A.<\/p>\n<p>Visit <strong>Padr\u00f3n1964 Anniversary Exclusivo Maduro<\/strong> is available in boxes of 25 cigars.<br \/>\nThe cigar <strong>Padr\u00f3n1964 Anniversary Exclusivo Maduro<\/strong> is a Toro with a length of 140 mm and a diameter of 19.8 mm. The smoking time for this cigar is around 60 minutes.<\/p>","protected":false},"excerpt":{"rendered":"<p>Box of 25 cigars.<\/p>","protected":false},"featured_media":88068,"template":"","meta":{"_acf_changed":false},"product_brand":[],"product_cat":[19809,24833,25449,32703],"product_tag":[],"class_list":{"0":"post-88071","1":"product","2":"type-product","3":"status-publish","4":"has-post-thumbnail","6":"product_cat-cigares","7":"product_cat-cigares-nicaraguayens","8":"product_cat-padron","9":"product_cat-padron-1964-anniversary","10":"product_shipping_class-cigares","12":"first","13":"outofstock","14":"taxable","15":"shipping-taxable","16":"purchasable","17":"product-type-simple"},"acf":[],"_links":{"self":[{"href":"https:\/\/cigarquality.com\/en\/wp-json\/wp\/v2\/product\/88071","targetHints":{"allow":["GET"]}}],"collection":[{"href":"https:\/\/cigarquality.com\/en\/wp-json\/wp\/v2\/product"}],"about":[{"href":"https:\/\/cigarquality.com\/en\/wp-json\/wp\/v2\/types\/product"}],"wp:featuredmedia":[{"embeddable":true,"href":"https:\/\/cigarquality.com\/en\/wp-json\/wp\/v2\/media\/88068"}],"wp:attachment":[{"href":"https:\/\/cigarquality.com\/en\/wp-json\/wp\/v2\/media?parent=88071"}],"wp:term":[{"taxonomy":"product_brand","embeddable":true,"href":"https:\/\/cigarquality.com\/en\/wp-json\/wp\/v2\/product_brand?post=88071"},{"taxonomy":"product_cat","embeddable":true,"href":"https:\/\/cigarquality.com\/en\/wp-json\/wp\/v2\/product_cat?post=88071"},{"taxonomy":"product_tag","embeddable":true,"href":"https:\/\/cigarquality.com\/en\/wp-json\/wp\/v2\/product_tag?post=88071"}],"curies":[{"name":"wp","href":"https:\/\/api.w.org\/{rel}","templated":true}]}}