{"id":88052,"date":"2022-09-26T10:04:03","date_gmt":"2022-09-26T09:04:03","guid":{"rendered":"https:\/\/cigarquality.com\/?post_type=product&#038;p=88052"},"modified":"2025-07-25T14:03:39","modified_gmt":"2025-07-25T12:03:39","slug":"padron-series-5000-maduro-26","status":"publish","type":"product","link":"https:\/\/cigarquality.com\/en\/boutique\/cigares-nicaraguayens\/padron\/padron-series\/padron-series-5000-maduro-26\/","title":{"rendered":"Padron Series 5000 Maduro (26)"},"content":{"rendered":"<p>At the tasting <strong>Padr\u00f3n 5000 Maduro<\/strong> delivers notes of cedar, chocolate, walnut and lightly peppery.<\/p>\n<p>Visit <strong>Padr\u00f3n 5000 Maduro <\/strong>is a puro because all the tobaccos used in the filler, wrapper and binder are grown in Nicaragua. Padr\u00f3n cigars are made in Nicaragua at the factory owned by the Padr\u00f3n family. The Padr\u00f3n factory was founded in 1964 by Jos\u00e9 Orlando Padron and has evolved throughout its history.<\/p>\n<p>The Line <strong>Padr\u00f3n Series<\/strong> includes an assortment of medium to strong cigars. The tobaccos in this line are aged for a minimum of two and a half years before being marketed.<br \/>\nPadr\u00f3n's Series line includes 13 different modules offered either with a Natural cape or a Maduro cape. Other modules include the Magnum, Executive, Churchill, Delicias, Londres, Palmas, 3000, 4000, 5000, 6000, 7000 and Corticos.<\/p>\n<p>The cigar <strong>Padr\u00f3n 5000 Maduro<\/strong> is a Double Robusto with a length of 140 mm and a diameter of 22.2 mm. The smoking time for this cigar is around 60 minutes.<\/p>","protected":false},"excerpt":{"rendered":"<p>Box of 26 cigars.<\/p>","protected":false},"featured_media":88049,"template":"","meta":{"_acf_changed":false},"product_brand":[],"product_cat":[19809,24833,25449,25451],"product_tag":[],"class_list":{"0":"post-88052","1":"product","2":"type-product","3":"status-publish","4":"has-post-thumbnail","6":"product_cat-cigares","7":"product_cat-cigares-nicaraguayens","8":"product_cat-padron","9":"product_cat-padron-series","10":"product_shipping_class-cigares","12":"first","13":"outofstock","14":"taxable","15":"shipping-taxable","16":"purchasable","17":"product-type-simple"},"acf":[],"_links":{"self":[{"href":"https:\/\/cigarquality.com\/en\/wp-json\/wp\/v2\/product\/88052","targetHints":{"allow":["GET"]}}],"collection":[{"href":"https:\/\/cigarquality.com\/en\/wp-json\/wp\/v2\/product"}],"about":[{"href":"https:\/\/cigarquality.com\/en\/wp-json\/wp\/v2\/types\/product"}],"wp:featuredmedia":[{"embeddable":true,"href":"https:\/\/cigarquality.com\/en\/wp-json\/wp\/v2\/media\/88049"}],"wp:attachment":[{"href":"https:\/\/cigarquality.com\/en\/wp-json\/wp\/v2\/media?parent=88052"}],"wp:term":[{"taxonomy":"product_brand","embeddable":true,"href":"https:\/\/cigarquality.com\/en\/wp-json\/wp\/v2\/product_brand?post=88052"},{"taxonomy":"product_cat","embeddable":true,"href":"https:\/\/cigarquality.com\/en\/wp-json\/wp\/v2\/product_cat?post=88052"},{"taxonomy":"product_tag","embeddable":true,"href":"https:\/\/cigarquality.com\/en\/wp-json\/wp\/v2\/product_tag?post=88052"}],"curies":[{"name":"wp","href":"https:\/\/api.w.org\/{rel}","templated":true}]}}