{"id":88044,"date":"2022-09-26T09:53:28","date_gmt":"2022-09-26T08:53:28","guid":{"rendered":"https:\/\/cigarquality.com\/?post_type=product&#038;p=88044"},"modified":"2025-07-25T14:03:38","modified_gmt":"2025-07-25T12:03:38","slug":"padron-series-4000-maduro-26","status":"publish","type":"product","link":"https:\/\/cigarquality.com\/en\/boutique\/cigares-nicaraguayens\/padron\/padron-series\/padron-series-4000-maduro-26\/","title":{"rendered":"Padron Series 4000 Maduro (26)"},"content":{"rendered":"<p>At the tasting <strong>Padr\u00f3n 4000 Maduro<\/strong> delivers notes of cedar, chocolate, walnut and lightly peppery.<\/p>\n<p>Visit <strong>Padr\u00f3n 4000 Maduro <\/strong>is a puro, since all the tobaccos that make up the filler, binder and wrapper are grown in Nicaragua.<br \/>\nPadr\u00f3n cigars are made in Nicaragua at the factory owned by the Padr\u00f3n family. The Padr\u00f3n factory was founded in 1964 by Jos\u00e9 Orlando Padron and has evolved throughout its history.<\/p>\n<p>The Padr\u00f3n Series line comprises an assortment of medium to strong cigars. The tobaccos in this line are aged for a minimum of two and a half years before being marketed.<br \/>\nPadr\u00f3n's Series line includes 13 different modules offered either with a Natural cape or a Maduro cape. Other modules include the Magnum, Executive, Churchill, Delicias, Londres, Palmas, 3000, 4000, 5000, 6000, 7000 and Corticos.<\/p>\n<p>The cigar <strong>Padr\u00f3n 4000 Maduro<\/strong> is a Gran Toro with a length of 165 mm and a diameter of 21.4 mm.<br \/>\nThe smoking time for this cigar is around 75 to 90 minutes.<\/p>","protected":false},"excerpt":{"rendered":"<p>Box of 26 cigars.<\/p>","protected":false},"featured_media":88192,"template":"","meta":{"_acf_changed":false},"product_brand":[],"product_cat":[19809,24833,25449,25451],"product_tag":[],"class_list":{"0":"post-88044","1":"product","2":"type-product","3":"status-publish","4":"has-post-thumbnail","6":"product_cat-cigares","7":"product_cat-cigares-nicaraguayens","8":"product_cat-padron","9":"product_cat-padron-series","10":"product_shipping_class-cigares","12":"first","13":"outofstock","14":"taxable","15":"shipping-taxable","16":"purchasable","17":"product-type-simple"},"acf":[],"_links":{"self":[{"href":"https:\/\/cigarquality.com\/en\/wp-json\/wp\/v2\/product\/88044","targetHints":{"allow":["GET"]}}],"collection":[{"href":"https:\/\/cigarquality.com\/en\/wp-json\/wp\/v2\/product"}],"about":[{"href":"https:\/\/cigarquality.com\/en\/wp-json\/wp\/v2\/types\/product"}],"wp:featuredmedia":[{"embeddable":true,"href":"https:\/\/cigarquality.com\/en\/wp-json\/wp\/v2\/media\/88192"}],"wp:attachment":[{"href":"https:\/\/cigarquality.com\/en\/wp-json\/wp\/v2\/media?parent=88044"}],"wp:term":[{"taxonomy":"product_brand","embeddable":true,"href":"https:\/\/cigarquality.com\/en\/wp-json\/wp\/v2\/product_brand?post=88044"},{"taxonomy":"product_cat","embeddable":true,"href":"https:\/\/cigarquality.com\/en\/wp-json\/wp\/v2\/product_cat?post=88044"},{"taxonomy":"product_tag","embeddable":true,"href":"https:\/\/cigarquality.com\/en\/wp-json\/wp\/v2\/product_tag?post=88044"}],"curies":[{"name":"wp","href":"https:\/\/api.w.org\/{rel}","templated":true}]}}