{"id":86739,"date":"2022-09-15T09:37:22","date_gmt":"2022-09-15T08:37:22","guid":{"rendered":"https:\/\/cigarquality.com\/?post_type=product&#038;p=86739"},"modified":"2025-12-24T10:35:00","modified_gmt":"2025-12-24T09:35:00","slug":"s-t-dupont-briquet-megajet-cohiba-55","status":"publish","type":"product","link":"https:\/\/cigarquality.com\/en\/boutique\/accessoires-cigares\/briquets\/s-t-dupont\/cohiba-55th-anniversary\/s-t-dupont-briquet-megajet-cohiba-55\/","title":{"rendered":"S.T. lighter Dupont Megajet Cohiba 55th Anniversary"},"content":{"rendered":"<p><span data-sheets-value=\"{&quot;1&quot;:2,&quot;2&quot;:&quot;Apr\u00e8s une premi\u00e8re collaboration avec Cohiba en 2003 et la collaboration de l'ann\u00e9e 2020, S.T. Dupont a la fiert\u00e9 de s'associer une nouvelle fois \u00e0 la marque pour f\u00eater leur 55\u00e8me anniversaire.nToute la collection arbore la c\u00e9l\u00e8bre t\u00eate d'Indien de Cohiba ainsi que le logo des 55 ans de la marque.nnRobuste et performant, le Megajet est id\u00e9al pour les amateurs de cigares. Sa flamme torche de 2cm de largeur permet un allumage parfait m\u00eame des gros modules de cigare.nn&quot;}\" data-sheets-userformat=\"{&quot;2&quot;:15357,&quot;3&quot;:{&quot;1&quot;:0},&quot;5&quot;:{&quot;1&quot;:[{&quot;1&quot;:2,&quot;2&quot;:0,&quot;5&quot;:{&quot;1&quot;:2,&quot;2&quot;:0}},{&quot;1&quot;:0,&quot;2&quot;:0,&quot;3&quot;:3},{&quot;1&quot;:1,&quot;2&quot;:0,&quot;4&quot;:1}]},&quot;6&quot;:{&quot;1&quot;:[{&quot;1&quot;:2,&quot;2&quot;:0,&quot;5&quot;:{&quot;1&quot;:2,&quot;2&quot;:0}},{&quot;1&quot;:0,&quot;2&quot;:0,&quot;3&quot;:3},{&quot;1&quot;:1,&quot;2&quot;:0,&quot;4&quot;:1}]},&quot;7&quot;:{&quot;1&quot;:[{&quot;1&quot;:2,&quot;2&quot;:0,&quot;5&quot;:{&quot;1&quot;:2,&quot;2&quot;:0}},{&quot;1&quot;:0,&quot;2&quot;:0,&quot;3&quot;:3},{&quot;1&quot;:1,&quot;2&quot;:0,&quot;4&quot;:1}]},&quot;8&quot;:{&quot;1&quot;:[{&quot;1&quot;:2,&quot;2&quot;:0,&quot;5&quot;:{&quot;1&quot;:2,&quot;2&quot;:0}},{&quot;1&quot;:0,&quot;2&quot;:0,&quot;3&quot;:3},{&quot;1&quot;:1,&quot;2&quot;:0,&quot;4&quot;:1}]},&quot;9&quot;:0,&quot;10&quot;:1,&quot;11&quot;:4,&quot;12&quot;:0,&quot;14&quot;:{&quot;1&quot;:2,&quot;2&quot;:0},&quot;15&quot;:&quot;Calibri&quot;,&quot;16&quot;:10}\">Apr\u00e8s une premi\u00e8re collaboration avec Cohiba en 2003 et la collaboration de l&rsquo;ann\u00e9e 2020, S.T. Dupont a la fiert\u00e9 de s&rsquo;associer une nouvelle fois \u00e0 la marque pour f\u00eater leur 55\u00e8me anniversaire.<br \/>\nToute la collection arbore la c\u00e9l\u00e8bre t\u00eate d&rsquo;Indien de Cohiba ainsi que le logo des 55 ans de la marque.<\/span><\/p>\n<p>Robuste et performant, le Megajet est id\u00e9al pour les amateurs de cigares. Sa flamme torche de 2cm de largeur permet un allumage parfait m\u00eame des gros modules de cigare.<\/p>\n<p>&nbsp;<\/p>\n","protected":false},"excerpt":{"rendered":"<p>Jet single-flame lighter.<\/p>","protected":false},"featured_media":86754,"template":"","meta":{"_acf_changed":false},"product_brand":[],"product_cat":[39871,39969,21754,21984,21986],"product_tag":[],"class_list":{"0":"post-86739","1":"product","2":"type-product","3":"status-publish","4":"has-post-thumbnail","6":"product_cat-cohiba-55th-anniversary","7":"product_cat-megajet","8":"product_cat-accessoires-cigares","9":"product_cat-briquets","10":"product_cat-s-t-dupont","11":"product_shipping_class-briquet","13":"first","14":"outofstock","15":"taxable","16":"shipping-taxable","17":"purchasable","18":"product-type-simple"},"acf":[],"_links":{"self":[{"href":"https:\/\/cigarquality.com\/en\/wp-json\/wp\/v2\/product\/86739","targetHints":{"allow":["GET"]}}],"collection":[{"href":"https:\/\/cigarquality.com\/en\/wp-json\/wp\/v2\/product"}],"about":[{"href":"https:\/\/cigarquality.com\/en\/wp-json\/wp\/v2\/types\/product"}],"wp:featuredmedia":[{"embeddable":true,"href":"https:\/\/cigarquality.com\/en\/wp-json\/wp\/v2\/media\/86754"}],"wp:attachment":[{"href":"https:\/\/cigarquality.com\/en\/wp-json\/wp\/v2\/media?parent=86739"}],"wp:term":[{"taxonomy":"product_brand","embeddable":true,"href":"https:\/\/cigarquality.com\/en\/wp-json\/wp\/v2\/product_brand?post=86739"},{"taxonomy":"product_cat","embeddable":true,"href":"https:\/\/cigarquality.com\/en\/wp-json\/wp\/v2\/product_cat?post=86739"},{"taxonomy":"product_tag","embeddable":true,"href":"https:\/\/cigarquality.com\/en\/wp-json\/wp\/v2\/product_tag?post=86739"}],"curies":[{"name":"wp","href":"https:\/\/api.w.org\/{rel}","templated":true}]}}