{"id":78694,"date":"2022-08-15T12:05:56","date_gmt":"2022-08-15T10:05:56","guid":{"rendered":"https:\/\/cigarquality.com\/boutique\/non%20class\u00e9\/e-p-carrillo-trilogy-triumph-3\/"},"modified":"2025-12-31T09:05:18","modified_gmt":"2025-12-31T08:05:18","slug":"e-p-carrillo-trilogy-triumph-3","status":"publish","type":"product","link":"https:\/\/cigarquality.com\/en\/boutique\/cigares-dominicains\/ernesto-perez-carrillo\/perez-carrillo-series\/e-p-carrillo-encore\/e-p-carrillo-trilogy-triumph-3\/","title":{"rendered":"E.P. Carrillo Trilogy Triumph (3)"},"content":{"rendered":"<p><span data-sheets-value=\"{&quot;1&quot;:2,&quot;2&quot;:&quot;Qu'y a-t-il de mieux que de recevoir l'un des cigares les mieux not\u00e9s d'EP Carrillo ? Obtenir trois de leurs cigares les mieux not\u00e9s dans une bo\u00eete sp\u00e9cialement con\u00e7ue. Chaque bo\u00eete \u00e0 collectionner contient un cigare de chaque cat\u00e9gorie :nn1. Le Pledge Prequel d'EP Carrillo a re\u00e7u une note de 98 points et la premi\u00e8re place dans le Top 25 des cigares de l'ann\u00e9e 2020 de Cigar Aficionado. Le Prequel est un robusto cors\u00e9, press\u00e9 en bo\u00eete, avec une cape maduro des \u00c9tats-Unis d\u00e9licieusement sombre.nn2. Le EP Carrillo Encore Majestic a re\u00e7u une note de 96 points et la premi\u00e8re place dans le Top 25 des cigares de l'ann\u00e9e 2018 de Cigar Aficionado. Le Majestic est un robusto moyennement cors\u00e9 qui est compos\u00e9 de tabac 100% nicaraguayen, de sa s\u00e9duisante cape Colorado jusqu'\u00e0 sa tripe.nn3. Le EP Carrillo La Historia E-III a re\u00e7u une note de 95 points et la deuxi\u00e8me place dans le Top 25 des cigares de l'ann\u00e9e 2014 de Cigar Aficionado. Le E-III est un toro cors\u00e9, press\u00e9 en bo\u00eete, avec une cape mexicaine San Andres huileuse et chocolat\u00e9e fonc\u00e9e.nnCes trois cigares sont fabriqu\u00e9s \u00e0 la main par des experts dans la c\u00e9l\u00e8bre Tabacalera Alianza de Carrillo en R\u00e9publique dominicaine.&quot;}\" data-sheets-userformat=\"{&quot;2&quot;:15357,&quot;3&quot;:{&quot;1&quot;:0},&quot;5&quot;:{&quot;1&quot;:[{&quot;1&quot;:2,&quot;2&quot;:0,&quot;5&quot;:{&quot;1&quot;:2,&quot;2&quot;:0}},{&quot;1&quot;:0,&quot;2&quot;:0,&quot;3&quot;:3},{&quot;1&quot;:1,&quot;2&quot;:0,&quot;4&quot;:1}]},&quot;6&quot;:{&quot;1&quot;:[{&quot;1&quot;:2,&quot;2&quot;:0,&quot;5&quot;:{&quot;1&quot;:2,&quot;2&quot;:0}},{&quot;1&quot;:0,&quot;2&quot;:0,&quot;3&quot;:3},{&quot;1&quot;:1,&quot;2&quot;:0,&quot;4&quot;:1}]},&quot;7&quot;:{&quot;1&quot;:[{&quot;1&quot;:2,&quot;2&quot;:0,&quot;5&quot;:{&quot;1&quot;:2,&quot;2&quot;:0}},{&quot;1&quot;:0,&quot;2&quot;:0,&quot;3&quot;:3},{&quot;1&quot;:1,&quot;2&quot;:0,&quot;4&quot;:1}]},&quot;8&quot;:{&quot;1&quot;:[{&quot;1&quot;:2,&quot;2&quot;:0,&quot;5&quot;:{&quot;1&quot;:2,&quot;2&quot;:0}},{&quot;1&quot;:0,&quot;2&quot;:0,&quot;3&quot;:3},{&quot;1&quot;:1,&quot;2&quot;:0,&quot;4&quot;:1}]},&quot;9&quot;:0,&quot;10&quot;:1,&quot;11&quot;:4,&quot;12&quot;:0,&quot;14&quot;:{&quot;1&quot;:2,&quot;2&quot;:0},&quot;15&quot;:&quot;Calibri&quot;,&quot;16&quot;:10}\">Qu&rsquo;y a-t-il de mieux que de recevoir l&rsquo;un des cigares les mieux not\u00e9s d&rsquo;EP Carrillo ? Obtenir trois de leurs cigares les mieux not\u00e9s dans une bo\u00eete sp\u00e9cialement con\u00e7ue. Chaque bo\u00eete \u00e0 collectionner <strong>E. P. Carrillo Trilogy Triumph<\/strong> contient un cigare de chaque cat\u00e9gorie :<\/span><\/p>\n<p>1. Le Pledge Prequel d&rsquo;EP Carrillo a re\u00e7u une note de 98 points et la premi\u00e8re place dans le Top 25 des cigares de l&rsquo;ann\u00e9e 2020 de Cigar Aficionado. Le Prequel est un robusto cors\u00e9, press\u00e9 en bo\u00eete, avec une cape maduro des \u00c9tats-Unis d\u00e9licieusement sombre.<\/p>\n<p>2. Le EP Carrillo Encore Majestic a re\u00e7u une note de 96 points et la premi\u00e8re place dans le Top 25 des cigares de l&rsquo;ann\u00e9e 2018 de Cigar Aficionado. Le Majestic est un robusto moyennement cors\u00e9 qui est compos\u00e9 de tabac 100% nicaraguayen, de sa s\u00e9duisante cape Colorado jusqu&rsquo;\u00e0 sa tripe.<\/p>\n<p>3. Le EP Carrillo La Historia E-III a re\u00e7u une note de 95 points et la deuxi\u00e8me place dans le Top 25 des cigares de l&rsquo;ann\u00e9e 2014 de Cigar Aficionado. Le E-III est un toro cors\u00e9, press\u00e9 en bo\u00eete, avec une cape mexicaine San Andres huileuse et chocolat\u00e9e fonc\u00e9e.<\/p>\n<p>Ces trois cigares sont fabriqu\u00e9s \u00e0 la main par des experts dans la c\u00e9l\u00e8bre Tabacalera Alianza de Carrillo en R\u00e9publique dominicaine.<\/p>\n","protected":false},"excerpt":{"rendered":"<p>Box of 3 cigars.<\/p>","protected":false},"featured_media":78692,"template":"","meta":{"_acf_changed":false},"product_brand":[],"product_cat":[19809,19812,19790,24386,39892,39894,34797,25259],"product_tag":[],"class_list":{"0":"post-78694","1":"product","2":"type-product","3":"status-publish","4":"has-post-thumbnail","6":"product_cat-cigares","7":"product_cat-cigares-dominicains","8":"product_cat-coffrets-cadeaux","9":"product_cat-ernesto-perez-carrillo","10":"product_cat-e-p-carrillo-encore","11":"product_cat-e-p-carrillo-la-historia","12":"product_cat-e-p-carrillo-pledge","13":"product_cat-perez-carrillo-series","14":"product_shipping_class-cigares","16":"first","17":"instock","18":"sale","19":"taxable","20":"shipping-taxable","21":"purchasable","22":"product-type-simple"},"acf":[],"_links":{"self":[{"href":"https:\/\/cigarquality.com\/en\/wp-json\/wp\/v2\/product\/78694","targetHints":{"allow":["GET"]}}],"collection":[{"href":"https:\/\/cigarquality.com\/en\/wp-json\/wp\/v2\/product"}],"about":[{"href":"https:\/\/cigarquality.com\/en\/wp-json\/wp\/v2\/types\/product"}],"wp:featuredmedia":[{"embeddable":true,"href":"https:\/\/cigarquality.com\/en\/wp-json\/wp\/v2\/media\/78692"}],"wp:attachment":[{"href":"https:\/\/cigarquality.com\/en\/wp-json\/wp\/v2\/media?parent=78694"}],"wp:term":[{"taxonomy":"product_brand","embeddable":true,"href":"https:\/\/cigarquality.com\/en\/wp-json\/wp\/v2\/product_brand?post=78694"},{"taxonomy":"product_cat","embeddable":true,"href":"https:\/\/cigarquality.com\/en\/wp-json\/wp\/v2\/product_cat?post=78694"},{"taxonomy":"product_tag","embeddable":true,"href":"https:\/\/cigarquality.com\/en\/wp-json\/wp\/v2\/product_tag?post=78694"}],"curies":[{"name":"wp","href":"https:\/\/api.w.org\/{rel}","templated":true}]}}