{"id":78165,"date":"2022-08-08T11:03:12","date_gmt":"2022-08-08T09:03:12","guid":{"rendered":"https:\/\/cigarquality.com\/boutique\/non%20class\u00e9\/legend-of-eight-tesoro-25\/"},"modified":"2025-11-14T11:20:34","modified_gmt":"2025-11-14T10:20:34","slug":"legend-of-eight-tesoro-25","status":"publish","type":"product","link":"https:\/\/cigarquality.com\/en\/boutique\/cigares-costariciens\/legend-of-eight\/legend-of-eight-tesoro-25\/","title":{"rendered":"Legend of Eight Tesoro (25)"},"content":{"rendered":"<p><span data-sheets-value=\"{&quot;1&quot;:2,&quot;2&quot;:&quot;Dans la jungle des cigares Robustos de tous les horizons, le Legend of Eight Tesoro est \u00e0 m\u00eame de faire sa place. Sa particularit\u00e9 tient d'un roulage sans faille donc une combustion parfaite. Conceptuel plus qu'original, il reste n\u00e9anmoins un must pour entrer dans l'univers de Legend of Eight. Ce cigare est compos\u00e9 d'un m\u00e9lange de tabac du Costa Rica. C'est le module parfait au quotidien \u00e0 d\u00e9guster \u00e0 tout moment de la journ\u00e9e. Ar\u00f4es de terres avec une note de caf\u00e9 qui s'intensifie \u00e0 partir du 2\u00e8me tiers. Notes de cuir et d'\u00e9pices sur le dernier tiers.nnCe cigare Robusto mesure 120 mm de longueur par 19.69 mm de diam\u00e8tre (bague 50) et vous prendra environ 45 minutes pour le consommer.&quot;}\" data-sheets-userformat=\"{&quot;2&quot;:4477,&quot;3&quot;:{&quot;1&quot;:0},&quot;5&quot;:{&quot;1&quot;:[{&quot;1&quot;:2,&quot;2&quot;:0,&quot;5&quot;:{&quot;1&quot;:2,&quot;2&quot;:0}},{&quot;1&quot;:0,&quot;2&quot;:0,&quot;3&quot;:3},{&quot;1&quot;:1,&quot;2&quot;:0,&quot;4&quot;:1}]},&quot;6&quot;:{&quot;1&quot;:[{&quot;1&quot;:2,&quot;2&quot;:0,&quot;5&quot;:{&quot;1&quot;:2,&quot;2&quot;:0}},{&quot;1&quot;:0,&quot;2&quot;:0,&quot;3&quot;:3},{&quot;1&quot;:1,&quot;2&quot;:0,&quot;4&quot;:1}]},&quot;7&quot;:{&quot;1&quot;:[{&quot;1&quot;:2,&quot;2&quot;:0,&quot;5&quot;:{&quot;1&quot;:2,&quot;2&quot;:0}},{&quot;1&quot;:0,&quot;2&quot;:0,&quot;3&quot;:3},{&quot;1&quot;:1,&quot;2&quot;:0,&quot;4&quot;:1}]},&quot;8&quot;:{&quot;1&quot;:[{&quot;1&quot;:2,&quot;2&quot;:0,&quot;5&quot;:{&quot;1&quot;:2,&quot;2&quot;:0}},{&quot;1&quot;:0,&quot;2&quot;:0,&quot;3&quot;:3},{&quot;1&quot;:1,&quot;2&quot;:0,&quot;4&quot;:1}]},&quot;9&quot;:1,&quot;11&quot;:4,&quot;15&quot;:&quot;Calibri&quot;}\">Dans la jungle des cigares Robustos de tous les horizons, le <strong>Legend of Eight Tesoro<\/strong> est \u00e0 m\u00eame de faire sa place. Sa particularit\u00e9 tient d&rsquo;un roulage sans faille donc une combustion parfaite. Conceptuel plus qu&rsquo;original, il reste n\u00e9anmoins un must pour entrer dans l&rsquo;univers de Legend of Eight. <\/span><\/p>\n<p><span data-sheets-value=\"{&quot;1&quot;:2,&quot;2&quot;:&quot;Dans la jungle des cigares Robustos de tous les horizons, le Legend of Eight Tesoro est \u00e0 m\u00eame de faire sa place. Sa particularit\u00e9 tient d'un roulage sans faille donc une combustion parfaite. Conceptuel plus qu'original, il reste n\u00e9anmoins un must pour entrer dans l'univers de Legend of Eight. Ce cigare est compos\u00e9 d'un m\u00e9lange de tabac du Costa Rica. C'est le module parfait au quotidien \u00e0 d\u00e9guster \u00e0 tout moment de la journ\u00e9e. Ar\u00f4es de terres avec une note de caf\u00e9 qui s'intensifie \u00e0 partir du 2\u00e8me tiers. Notes de cuir et d'\u00e9pices sur le dernier tiers.nnCe cigare Robusto mesure 120 mm de longueur par 19.69 mm de diam\u00e8tre (bague 50) et vous prendra environ 45 minutes pour le consommer.&quot;}\" data-sheets-userformat=\"{&quot;2&quot;:4477,&quot;3&quot;:{&quot;1&quot;:0},&quot;5&quot;:{&quot;1&quot;:[{&quot;1&quot;:2,&quot;2&quot;:0,&quot;5&quot;:{&quot;1&quot;:2,&quot;2&quot;:0}},{&quot;1&quot;:0,&quot;2&quot;:0,&quot;3&quot;:3},{&quot;1&quot;:1,&quot;2&quot;:0,&quot;4&quot;:1}]},&quot;6&quot;:{&quot;1&quot;:[{&quot;1&quot;:2,&quot;2&quot;:0,&quot;5&quot;:{&quot;1&quot;:2,&quot;2&quot;:0}},{&quot;1&quot;:0,&quot;2&quot;:0,&quot;3&quot;:3},{&quot;1&quot;:1,&quot;2&quot;:0,&quot;4&quot;:1}]},&quot;7&quot;:{&quot;1&quot;:[{&quot;1&quot;:2,&quot;2&quot;:0,&quot;5&quot;:{&quot;1&quot;:2,&quot;2&quot;:0}},{&quot;1&quot;:0,&quot;2&quot;:0,&quot;3&quot;:3},{&quot;1&quot;:1,&quot;2&quot;:0,&quot;4&quot;:1}]},&quot;8&quot;:{&quot;1&quot;:[{&quot;1&quot;:2,&quot;2&quot;:0,&quot;5&quot;:{&quot;1&quot;:2,&quot;2&quot;:0}},{&quot;1&quot;:0,&quot;2&quot;:0,&quot;3&quot;:3},{&quot;1&quot;:1,&quot;2&quot;:0,&quot;4&quot;:1}]},&quot;9&quot;:1,&quot;11&quot;:4,&quot;15&quot;:&quot;Calibri&quot;}\">Ce cigare est compos\u00e9 d&rsquo;un m\u00e9lange de tabac du Costa Rica. C&rsquo;est le module parfait au quotidien \u00e0 d\u00e9guster \u00e0 tout moment de la journ\u00e9e avec des ar\u00f4mes de terres avec une note de caf\u00e9 qui s&rsquo;intensifie \u00e0 partir du 2\u00e8me tiers ainsi que des notes de cuir et d&rsquo;\u00e9pices sur le dernier tiers.<\/span><\/p>\n<p>Ce cigare Robusto mesure 120 mm de longueur par 19.69 mm de diam\u00e8tre (bague 50) et vous prendra environ 45 minutes pour le consommer.<\/p>\n","protected":false},"excerpt":{"rendered":"<p>Box of 25 cigars.<\/p>","protected":false},"featured_media":78162,"template":"","meta":{"_acf_changed":false},"product_brand":[],"product_cat":[19809,25624,40665],"product_tag":[],"class_list":{"0":"post-78165","1":"product","2":"type-product","3":"status-publish","4":"has-post-thumbnail","6":"product_cat-cigares","7":"product_cat-cigares-costariciens","8":"product_cat-legend-of-eight","9":"product_shipping_class-cigares","11":"first","12":"outofstock","13":"sale","14":"taxable","15":"shipping-taxable","16":"purchasable","17":"product-type-simple"},"acf":[],"_links":{"self":[{"href":"https:\/\/cigarquality.com\/en\/wp-json\/wp\/v2\/product\/78165","targetHints":{"allow":["GET"]}}],"collection":[{"href":"https:\/\/cigarquality.com\/en\/wp-json\/wp\/v2\/product"}],"about":[{"href":"https:\/\/cigarquality.com\/en\/wp-json\/wp\/v2\/types\/product"}],"wp:featuredmedia":[{"embeddable":true,"href":"https:\/\/cigarquality.com\/en\/wp-json\/wp\/v2\/media\/78162"}],"wp:attachment":[{"href":"https:\/\/cigarquality.com\/en\/wp-json\/wp\/v2\/media?parent=78165"}],"wp:term":[{"taxonomy":"product_brand","embeddable":true,"href":"https:\/\/cigarquality.com\/en\/wp-json\/wp\/v2\/product_brand?post=78165"},{"taxonomy":"product_cat","embeddable":true,"href":"https:\/\/cigarquality.com\/en\/wp-json\/wp\/v2\/product_cat?post=78165"},{"taxonomy":"product_tag","embeddable":true,"href":"https:\/\/cigarquality.com\/en\/wp-json\/wp\/v2\/product_tag?post=78165"}],"curies":[{"name":"wp","href":"https:\/\/api.w.org\/{rel}","templated":true}]}}