{"id":77950,"date":"2022-08-05T16:10:26","date_gmt":"2022-08-05T15:10:26","guid":{"rendered":"https:\/\/cigarquality.com\/boutique\/non%20class\u00e9\/joya-de-nicaragua-clasico-robusto-25\/"},"modified":"2026-02-16T09:35:35","modified_gmt":"2026-02-16T08:35:35","slug":"joya-de-nicaragua-clasico-robusto-25","status":"publish","type":"product","link":"https:\/\/cigarquality.com\/en\/boutique\/cigares-nicaraguayens\/joya-de-nicaragua\/joya-de-nicaragua-clasico\/joya-de-nicaragua-clasico-robusto-25\/","title":{"rendered":"Joya de Nicaragua Clasico Robusto (25)"},"content":{"rendered":"<p><span data-sheets-value=\"{&quot;1&quot;:2,&quot;2&quot;:&quot;Les cigares de la s\u00e9rie Clasico sont les cigares les plus doux et les plus appr\u00e9ci\u00e9s de Joya de Nicaragua. Le go\u00fbt de ces cigares est tr\u00e8s doux, avec de fines notes bois\u00e9es et sucr\u00e9es combin\u00e9es \u00e0 une fin de cigare cr\u00e9meuse.nnLa s\u00e9rie Clasico convient parfaitement aux d\u00e9butants dans le monde du cigare, mais aussi aux fumeurs exp\u00e9riment\u00e9s.nnCe Robusto mesure 127 mm de longueur pour 19,8 mm de diam\u00e8tre (bague 50). Il vous faudra environ 30 \u00e0 50 minutes pour d\u00e9guster ce cigare.&quot;}\" data-sheets-userformat=\"{&quot;2&quot;:4477,&quot;3&quot;:{&quot;1&quot;:0},&quot;5&quot;:{&quot;1&quot;:[{&quot;1&quot;:2,&quot;2&quot;:0,&quot;5&quot;:{&quot;1&quot;:2,&quot;2&quot;:0}},{&quot;1&quot;:0,&quot;2&quot;:0,&quot;3&quot;:3},{&quot;1&quot;:1,&quot;2&quot;:0,&quot;4&quot;:1}]},&quot;6&quot;:{&quot;1&quot;:[{&quot;1&quot;:2,&quot;2&quot;:0,&quot;5&quot;:{&quot;1&quot;:2,&quot;2&quot;:0}},{&quot;1&quot;:0,&quot;2&quot;:0,&quot;3&quot;:3},{&quot;1&quot;:1,&quot;2&quot;:0,&quot;4&quot;:1}]},&quot;7&quot;:{&quot;1&quot;:[{&quot;1&quot;:2,&quot;2&quot;:0,&quot;5&quot;:{&quot;1&quot;:2,&quot;2&quot;:0}},{&quot;1&quot;:0,&quot;2&quot;:0,&quot;3&quot;:3},{&quot;1&quot;:1,&quot;2&quot;:0,&quot;4&quot;:1}]},&quot;8&quot;:{&quot;1&quot;:[{&quot;1&quot;:2,&quot;2&quot;:0,&quot;5&quot;:{&quot;1&quot;:2,&quot;2&quot;:0}},{&quot;1&quot;:0,&quot;2&quot;:0,&quot;3&quot;:3},{&quot;1&quot;:1,&quot;2&quot;:0,&quot;4&quot;:1}]},&quot;9&quot;:1,&quot;11&quot;:4,&quot;15&quot;:&quot;Calibri&quot;}\">Les cigares de la s\u00e9rie Clasico sont les cigares les plus doux et les plus appr\u00e9ci\u00e9s de Joya de Nicaragua. Le go\u00fbt de ces cigares est tr\u00e8s doux, avec de fines notes bois\u00e9es et sucr\u00e9es combin\u00e9es \u00e0 une fin de cigare cr\u00e9meuse.<\/span><\/p>\n<p>Le <strong>Joya de Nicaragua Clasico Robusto<\/strong> convient parfaitement aux d\u00e9butants dans le monde du cigare, mais aussi aux fumeurs exp\u00e9riment\u00e9s.<\/p>\n<p>Ce Robusto mesure 127 mm de longueur pour 19,8 mm de diam\u00e8tre (bague 50). Il vous faudra environ 30 \u00e0 50 minutes pour d\u00e9guster ce cigare.<\/p>\n","protected":false},"excerpt":{"rendered":"<p>Box of 25 cigars.<\/p>","protected":false},"featured_media":77948,"template":"","meta":{"_acf_changed":false},"product_brand":[],"product_cat":[19809,24833,39934,39939],"product_tag":[],"class_list":{"0":"post-77950","1":"product","2":"type-product","3":"status-publish","4":"has-post-thumbnail","6":"product_cat-cigares","7":"product_cat-cigares-nicaraguayens","8":"product_cat-joya-de-nicaragua","9":"product_cat-joya-de-nicaragua-clasico","10":"product_shipping_class-cigares","12":"first","13":"instock","14":"sale","15":"taxable","16":"shipping-taxable","17":"purchasable","18":"product-type-simple"},"acf":[],"_links":{"self":[{"href":"https:\/\/cigarquality.com\/en\/wp-json\/wp\/v2\/product\/77950","targetHints":{"allow":["GET"]}}],"collection":[{"href":"https:\/\/cigarquality.com\/en\/wp-json\/wp\/v2\/product"}],"about":[{"href":"https:\/\/cigarquality.com\/en\/wp-json\/wp\/v2\/types\/product"}],"wp:featuredmedia":[{"embeddable":true,"href":"https:\/\/cigarquality.com\/en\/wp-json\/wp\/v2\/media\/77948"}],"wp:attachment":[{"href":"https:\/\/cigarquality.com\/en\/wp-json\/wp\/v2\/media?parent=77950"}],"wp:term":[{"taxonomy":"product_brand","embeddable":true,"href":"https:\/\/cigarquality.com\/en\/wp-json\/wp\/v2\/product_brand?post=77950"},{"taxonomy":"product_cat","embeddable":true,"href":"https:\/\/cigarquality.com\/en\/wp-json\/wp\/v2\/product_cat?post=77950"},{"taxonomy":"product_tag","embeddable":true,"href":"https:\/\/cigarquality.com\/en\/wp-json\/wp\/v2\/product_tag?post=77950"}],"curies":[{"name":"wp","href":"https:\/\/api.w.org\/{rel}","templated":true}]}}