{"id":77861,"date":"2022-08-05T11:28:32","date_gmt":"2022-08-05T09:28:32","guid":{"rendered":"https:\/\/cigarquality.com\/boutique\/non%20class\u00e9\/offre-decouverte-cigares-la-selection-du-debutant-6-x-3\/"},"modified":"2026-03-26T13:09:03","modified_gmt":"2026-03-26T12:09:03","slug":"pack-decouverte-cigares-la-selection-du-debutant-6-x-3","status":"publish","type":"product","link":"https:\/\/cigarquality.com\/en\/boutique\/pack-decouverte-cigare\/pack-decouverte-cigare-multi-terroir\/pack-decouverte-cigares-la-selection-du-debutant-6-x-3\/","title":{"rendered":"La S\u00e9lection du D\u00e9butant cigar sampler (6\u00d73)"},"content":{"rendered":"<p><span data-sheets-value=\"{&quot;1&quot;:2,&quot;2&quot;:&quot;L&rsquo;offre d&eacute;couverte &laquo; s&eacute;lection du d&eacute;butant &raquo; est compos&eacute;e de 6 cigares diff&eacute;rents en format Robusto.nLe premier cigare de l&rsquo;offre est le Hoyo de Monterrey Epicure N&deg; 2, il s&rsquo;agit d&rsquo; un Robusto qui mesure 124 mm de longueur pour un diam&egrave;tre de 19.8 mm. Il s&rsquo;agit d&rsquo;un puro cubain car tous les tabacs qui le composent viennent de Cuba. Son temps, de fum&eacute;e est d&rsquo;environ 45 minutes.nnLe deuxi&egrave;me cigare de l&rsquo;offre est le AVO XO Intermezzo, il s&rsquo;agit d&rsquo;un Robusto qui mesure 127 mm de longueur pour un diam&egrave;tre de 19.8 mm. Le AVO XO Intermezzo est produit en R&eacute;publique Dominicaine par le groupe Davidoff. Les tabacs utilis&eacute;s pour la cape sont cultiv&eacute;s en Equateur tandis que la sous-cape et le tripe sont compos&eacute;es de tabacs cultiv&eacute;s en R&eacute;publique Dominicaine. Le temps de fum&eacute;e de ce cigare est d&rsquo;environ 45 minutes.nnLe troisi&egrave;me cigare de l&rsquo;offre est le Arturo Fuente Ch&acirc;teau Fuente, c&rsquo;est un Petit Robusto d&rsquo; une longueur de 114 mm pour un diam&egrave;tre de 19.8 mm. Le Arturo Fuente Ch&acirc;teau Fuente est produit en R&eacute;publique Dominicaine par la Tabacalera A. Fuente. Ce cigare est compos&eacute; de tabacs de R&eacute;publique Dominicaine pour la sous-cape et la tripe et est envelopp&eacute; dans une cape connecticut. Le temps de fum&eacute;e de ce cigare est d&rsquo;environ 35 minutes.nnLe quatri&egrave;me cigare de l&rsquo;offre est le Flor De Selva 20 Aniversario Robusto. C&rsquo;est un Robusto qui mesure 121 mm de longueur pour un diam&egrave;tre de 19.8 mm. ce cigare est compos&eacute; &agrave; 100 % de tabacs du Honduras. Il est fabriqu&eacute; au Honduras. Le temps de fum&eacute;e du Flor De Selva 20 Aniversario Robusto est d&rsquo;environ 45 minutes.nnLe cinqui&egrave;me cigare de l&rsquo;offre est le Gilbert de Montsalvat classic Robusto. C&rsquo;est un Robusto qui mesure 127 mm de longueur pour un diam&egrave;tre de 19.8 mm. Le Gilbert de Montsalvat classic Robusto est produit au Nicaragua avec une feuille de cape cultiv&eacute;e en Equateur et des tabacs du Nicaragua pour la sous-cape et un m&eacute;lange de tabacs du Nicaragua et du Panama pour la tripe. Le temps de fum&eacute;e de ce cigare est de 45 minutes.nnLe sixi&egrave;me cigare de l&rsquo;offre est le Camacho Connecticut Robusto. C&rsquo;est un Robusto qui mesure 127 mm de longueur pour un diam&egrave;tre de 19.8 mm. Le Camacho Connecticut Robusto est roul&eacute; dans une manufacture filiale du groupe Davidoff au Honduras. Ce cigare est envelopp&eacute; d&rsquo;une cape connecticut cultiv&eacute;e en Equateur, d&rsquo; une sous-cape du Honduras et d&rsquo;une tripe compos&eacute;e de tabacs de R&eacute;publique Dominicaine et du Honduras. Le temps de fum&eacute;e de ce cigare est de 45 minutes.&quot;}\" data-sheets-userformat=\"{&quot;2&quot;:15357,&quot;3&quot;:{&quot;1&quot;:0},&quot;5&quot;:{&quot;1&quot;:[{&quot;1&quot;:2,&quot;2&quot;:0,&quot;5&quot;:{&quot;1&quot;:2,&quot;2&quot;:0}},{&quot;1&quot;:0,&quot;2&quot;:0,&quot;3&quot;:3},{&quot;1&quot;:1,&quot;2&quot;:0,&quot;4&quot;:1}]},&quot;6&quot;:{&quot;1&quot;:[{&quot;1&quot;:2,&quot;2&quot;:0,&quot;5&quot;:{&quot;1&quot;:2,&quot;2&quot;:0}},{&quot;1&quot;:0,&quot;2&quot;:0,&quot;3&quot;:3},{&quot;1&quot;:1,&quot;2&quot;:0,&quot;4&quot;:1}]},&quot;7&quot;:{&quot;1&quot;:[{&quot;1&quot;:2,&quot;2&quot;:0,&quot;5&quot;:{&quot;1&quot;:2,&quot;2&quot;:0}},{&quot;1&quot;:0,&quot;2&quot;:0,&quot;3&quot;:3},{&quot;1&quot;:1,&quot;2&quot;:0,&quot;4&quot;:1}]},&quot;8&quot;:{&quot;1&quot;:[{&quot;1&quot;:2,&quot;2&quot;:0,&quot;5&quot;:{&quot;1&quot;:2,&quot;2&quot;:0}},{&quot;1&quot;:0,&quot;2&quot;:0,&quot;3&quot;:3},{&quot;1&quot;:1,&quot;2&quot;:0,&quot;4&quot;:1}]},&quot;9&quot;:0,&quot;10&quot;:1,&quot;11&quot;:4,&quot;12&quot;:0,&quot;14&quot;:{&quot;1&quot;:2,&quot;2&quot;:0},&quot;15&quot;:&quot;Calibri&quot;,&quot;16&quot;:10}\"><strong>L&rsquo;offre d&eacute;couverte &laquo; s&eacute;lection du d&eacute;butant &raquo; <\/strong>est compos&eacute;e de 6 cigares diff&eacute;rents en format Robusto.<\/span><\/p>\n<p><span data-sheets-value=\"{&quot;1&quot;:2,&quot;2&quot;:&quot;L&rsquo;offre d&eacute;couverte &laquo; s&eacute;lection du d&eacute;butant &raquo; est compos&eacute;e de 6 cigares diff&eacute;rents en format Robusto.nLe premier cigare de l&rsquo;offre est le Hoyo de Monterrey Epicure N&deg; 2, il s&rsquo;agit d&rsquo; un Robusto qui mesure 124 mm de longueur pour un diam&egrave;tre de 19.8 mm. Il s&rsquo;agit d&rsquo;un puro cubain car tous les tabacs qui le composent viennent de Cuba. Son temps, de fum&eacute;e est d&rsquo;environ 45 minutes.nnLe deuxi&egrave;me cigare de l&rsquo;offre est le AVO XO Intermezzo, il s&rsquo;agit d&rsquo;un Robusto qui mesure 127 mm de longueur pour un diam&egrave;tre de 19.8 mm. Le AVO XO Intermezzo est produit en R&eacute;publique Dominicaine par le groupe Davidoff. Les tabacs utilis&eacute;s pour la cape sont cultiv&eacute;s en Equateur tandis que la sous-cape et le tripe sont compos&eacute;es de tabacs cultiv&eacute;s en R&eacute;publique Dominicaine. Le temps de fum&eacute;e de ce cigare est d&rsquo;environ 45 minutes.nnLe troisi&egrave;me cigare de l&rsquo;offre est le Arturo Fuente Ch&acirc;teau Fuente, c&rsquo;est un Petit Robusto d&rsquo; une longueur de 114 mm pour un diam&egrave;tre de 19.8 mm. Le Arturo Fuente Ch&acirc;teau Fuente est produit en R&eacute;publique Dominicaine par la Tabacalera A. Fuente. Ce cigare est compos&eacute; de tabacs de R&eacute;publique Dominicaine pour la sous-cape et la tripe et est envelopp&eacute; dans une cape connecticut. Le temps de fum&eacute;e de ce cigare est d&rsquo;environ 35 minutes.nnLe quatri&egrave;me cigare de l&rsquo;offre est le Flor De Selva 20 Aniversario Robusto. C&rsquo;est un Robusto qui mesure 121 mm de longueur pour un diam&egrave;tre de 19.8 mm. ce cigare est compos&eacute; &agrave; 100 % de tabacs du Honduras. Il est fabriqu&eacute; au Honduras. Le temps de fum&eacute;e du Flor De Selva 20 Aniversario Robusto est d&rsquo;environ 45 minutes.nnLe cinqui&egrave;me cigare de l&rsquo;offre est le Gilbert de Montsalvat classic Robusto. C&rsquo;est un Robusto qui mesure 127 mm de longueur pour un diam&egrave;tre de 19.8 mm. Le Gilbert de Montsalvat classic Robusto est produit au Nicaragua avec une feuille de cape cultiv&eacute;e en Equateur et des tabacs du Nicaragua pour la sous-cape et un m&eacute;lange de tabacs du Nicaragua et du Panama pour la tripe. Le temps de fum&eacute;e de ce cigare est de 45 minutes.nnLe sixi&egrave;me cigare de l&rsquo;offre est le Camacho Connecticut Robusto. C&rsquo;est un Robusto qui mesure 127 mm de longueur pour un diam&egrave;tre de 19.8 mm. Le Camacho Connecticut Robusto est roul&eacute; dans une manufacture filiale du groupe Davidoff au Honduras. Ce cigare est envelopp&eacute; d&rsquo;une cape connecticut cultiv&eacute;e en Equateur, d&rsquo; une sous-cape du Honduras et d&rsquo;une tripe compos&eacute;e de tabacs de R&eacute;publique Dominicaine et du Honduras. Le temps de fum&eacute;e de ce cigare est de 45 minutes.&quot;}\" data-sheets-userformat=\"{&quot;2&quot;:15357,&quot;3&quot;:{&quot;1&quot;:0},&quot;5&quot;:{&quot;1&quot;:[{&quot;1&quot;:2,&quot;2&quot;:0,&quot;5&quot;:{&quot;1&quot;:2,&quot;2&quot;:0}},{&quot;1&quot;:0,&quot;2&quot;:0,&quot;3&quot;:3},{&quot;1&quot;:1,&quot;2&quot;:0,&quot;4&quot;:1}]},&quot;6&quot;:{&quot;1&quot;:[{&quot;1&quot;:2,&quot;2&quot;:0,&quot;5&quot;:{&quot;1&quot;:2,&quot;2&quot;:0}},{&quot;1&quot;:0,&quot;2&quot;:0,&quot;3&quot;:3},{&quot;1&quot;:1,&quot;2&quot;:0,&quot;4&quot;:1}]},&quot;7&quot;:{&quot;1&quot;:[{&quot;1&quot;:2,&quot;2&quot;:0,&quot;5&quot;:{&quot;1&quot;:2,&quot;2&quot;:0}},{&quot;1&quot;:0,&quot;2&quot;:0,&quot;3&quot;:3},{&quot;1&quot;:1,&quot;2&quot;:0,&quot;4&quot;:1}]},&quot;8&quot;:{&quot;1&quot;:[{&quot;1&quot;:2,&quot;2&quot;:0,&quot;5&quot;:{&quot;1&quot;:2,&quot;2&quot;:0}},{&quot;1&quot;:0,&quot;2&quot;:0,&quot;3&quot;:3},{&quot;1&quot;:1,&quot;2&quot;:0,&quot;4&quot;:1}]},&quot;9&quot;:0,&quot;10&quot;:1,&quot;11&quot;:4,&quot;12&quot;:0,&quot;14&quot;:{&quot;1&quot;:2,&quot;2&quot;:0},&quot;15&quot;:&quot;Calibri&quot;,&quot;16&quot;:10}\">Le premier cigare de l&rsquo;offre est le Arturo Fuente Gran Reserva Rothschilds Natural. Il est dot&eacute; d&rsquo;une cape camerounaise associ&eacute;e &agrave; une sous-cape et une tripe dominicaine. Vous allez adorer leur construction sup&eacute;rieure qui procure une combustion r&eacute;guli&egrave;re, un tirage excellent et une saveur constante. <br \/>C&rsquo;est un Robusto d&rsquo; une longueur de 114 mm pour un diam&egrave;tre de 19.8 mm. Le temps de fum&eacute;e de ce cigare est d&rsquo;environ 35 minutes.&nbsp;<\/span><\/p>\n<p><span data-sheets-value=\"{&quot;1&quot;:2,&quot;2&quot;:&quot;L&rsquo;offre d&eacute;couverte &laquo; s&eacute;lection du d&eacute;butant &raquo; est compos&eacute;e de 6 cigares diff&eacute;rents en format Robusto.nLe premier cigare de l&rsquo;offre est le Hoyo de Monterrey Epicure N&deg; 2, il s&rsquo;agit d&rsquo; un Robusto qui mesure 124 mm de longueur pour un diam&egrave;tre de 19.8 mm. Il s&rsquo;agit d&rsquo;un puro cubain car tous les tabacs qui le composent viennent de Cuba. Son temps, de fum&eacute;e est d&rsquo;environ 45 minutes.nnLe deuxi&egrave;me cigare de l&rsquo;offre est le AVO XO Intermezzo, il s&rsquo;agit d&rsquo;un Robusto qui mesure 127 mm de longueur pour un diam&egrave;tre de 19.8 mm. Le AVO XO Intermezzo est produit en R&eacute;publique Dominicaine par le groupe Davidoff. Les tabacs utilis&eacute;s pour la cape sont cultiv&eacute;s en Equateur tandis que la sous-cape et le tripe sont compos&eacute;es de tabacs cultiv&eacute;s en R&eacute;publique Dominicaine. Le temps de fum&eacute;e de ce cigare est d&rsquo;environ 45 minutes.nnLe troisi&egrave;me cigare de l&rsquo;offre est le Arturo Fuente Ch&acirc;teau Fuente, c&rsquo;est un Petit Robusto d&rsquo; une longueur de 114 mm pour un diam&egrave;tre de 19.8 mm. Le Arturo Fuente Ch&acirc;teau Fuente est produit en R&eacute;publique Dominicaine par la Tabacalera A. Fuente. Ce cigare est compos&eacute; de tabacs de R&eacute;publique Dominicaine pour la sous-cape et la tripe et est envelopp&eacute; dans une cape connecticut. Le temps de fum&eacute;e de ce cigare est d&rsquo;environ 35 minutes.nnLe quatri&egrave;me cigare de l&rsquo;offre est le Flor De Selva 20 Aniversario Robusto. C&rsquo;est un Robusto qui mesure 121 mm de longueur pour un diam&egrave;tre de 19.8 mm. ce cigare est compos&eacute; &agrave; 100 % de tabacs du Honduras. Il est fabriqu&eacute; au Honduras. Le temps de fum&eacute;e du Flor De Selva 20 Aniversario Robusto est d&rsquo;environ 45 minutes.nnLe cinqui&egrave;me cigare de l&rsquo;offre est le Gilbert de Montsalvat classic Robusto. C&rsquo;est un Robusto qui mesure 127 mm de longueur pour un diam&egrave;tre de 19.8 mm. Le Gilbert de Montsalvat classic Robusto est produit au Nicaragua avec une feuille de cape cultiv&eacute;e en Equateur et des tabacs du Nicaragua pour la sous-cape et un m&eacute;lange de tabacs du Nicaragua et du Panama pour la tripe. Le temps de fum&eacute;e de ce cigare est de 45 minutes.nnLe sixi&egrave;me cigare de l&rsquo;offre est le Camacho Connecticut Robusto. C&rsquo;est un Robusto qui mesure 127 mm de longueur pour un diam&egrave;tre de 19.8 mm. Le Camacho Connecticut Robusto est roul&eacute; dans une manufacture filiale du groupe Davidoff au Honduras. Ce cigare est envelopp&eacute; d&rsquo;une cape connecticut cultiv&eacute;e en Equateur, d&rsquo; une sous-cape du Honduras et d&rsquo;une tripe compos&eacute;e de tabacs de R&eacute;publique Dominicaine et du Honduras. Le temps de fum&eacute;e de ce cigare est de 45 minutes.&quot;}\" data-sheets-userformat=\"{&quot;2&quot;:15357,&quot;3&quot;:{&quot;1&quot;:0},&quot;5&quot;:{&quot;1&quot;:[{&quot;1&quot;:2,&quot;2&quot;:0,&quot;5&quot;:{&quot;1&quot;:2,&quot;2&quot;:0}},{&quot;1&quot;:0,&quot;2&quot;:0,&quot;3&quot;:3},{&quot;1&quot;:1,&quot;2&quot;:0,&quot;4&quot;:1}]},&quot;6&quot;:{&quot;1&quot;:[{&quot;1&quot;:2,&quot;2&quot;:0,&quot;5&quot;:{&quot;1&quot;:2,&quot;2&quot;:0}},{&quot;1&quot;:0,&quot;2&quot;:0,&quot;3&quot;:3},{&quot;1&quot;:1,&quot;2&quot;:0,&quot;4&quot;:1}]},&quot;7&quot;:{&quot;1&quot;:[{&quot;1&quot;:2,&quot;2&quot;:0,&quot;5&quot;:{&quot;1&quot;:2,&quot;2&quot;:0}},{&quot;1&quot;:0,&quot;2&quot;:0,&quot;3&quot;:3},{&quot;1&quot;:1,&quot;2&quot;:0,&quot;4&quot;:1}]},&quot;8&quot;:{&quot;1&quot;:[{&quot;1&quot;:2,&quot;2&quot;:0,&quot;5&quot;:{&quot;1&quot;:2,&quot;2&quot;:0}},{&quot;1&quot;:0,&quot;2&quot;:0,&quot;3&quot;:3},{&quot;1&quot;:1,&quot;2&quot;:0,&quot;4&quot;:1}]},&quot;9&quot;:0,&quot;10&quot;:1,&quot;11&quot;:4,&quot;12&quot;:0,&quot;14&quot;:{&quot;1&quot;:2,&quot;2&quot;:0},&quot;15&quot;:&quot;Calibri&quot;,&quot;16&quot;:10}\">Le deuxi&egrave;me cigare de l&rsquo;offre est le Gilbert de Montsalvat classic Robusto. C&rsquo;est un Robusto qui mesure 127 mm de longueur pour un diam&egrave;tre de 19.8 mm. Le Gilbert de Montsalvat classic Robusto est produit au Nicaragua avec une feuille de cape cultiv&eacute;e en Equateur et des tabacs du Nicaragua pour la sous-cape et un m&eacute;lange de tabacs du Nicaragua et du Panama pour la tripe. Le temps de fum&eacute;e de ce cigare est de 45 minutes.<\/span><\/p>\n<p>Le troisi&egrave;me cigare de l&rsquo;offre est le Camacho Connecticut Robusto. C&rsquo;est un Robusto qui mesure 127 mm de longueur pour un diam&egrave;tre de 19.8 mm. Le Camacho Connecticut Robusto est roul&eacute; dans une manufacture filiale du groupe Davidoff au Honduras. Ce cigare est envelopp&eacute; d&rsquo;une cape connecticut cultiv&eacute;e en Equateur, d&rsquo; une sous-cape du Honduras et d&rsquo;une tripe compos&eacute;e de tabacs de R&eacute;publique Dominicaine et du Honduras. Le temps de fum&eacute;e de ce cigare est de 45 minutes.<\/p>\n<p>Le quatri&egrave;me cigare de l&rsquo;offre est le Hoyo de Monterrey Epicure N&deg; 2, il s&rsquo;agit d&rsquo; un Robusto qui mesure 124 mm de longueur pour un diam&egrave;tre de 19.8 mm. Il s&rsquo;agit d&rsquo;un puro cubain car tous les tabacs qui le composent viennent de Cuba. Son temps, de fum&eacute;e est d&rsquo;environ 45 minutes.<\/p>\n<p><span data-sheets-value=\"{&quot;1&quot;:2,&quot;2&quot;:&quot;L&rsquo;offre d&eacute;couverte &laquo; s&eacute;lection du d&eacute;butant &raquo; est compos&eacute;e de 6 cigares diff&eacute;rents en format Robusto.nLe premier cigare de l&rsquo;offre est le Hoyo de Monterrey Epicure N&deg; 2, il s&rsquo;agit d&rsquo; un Robusto qui mesure 124 mm de longueur pour un diam&egrave;tre de 19.8 mm. Il s&rsquo;agit d&rsquo;un puro cubain car tous les tabacs qui le composent viennent de Cuba. Son temps, de fum&eacute;e est d&rsquo;environ 45 minutes.nnLe deuxi&egrave;me cigare de l&rsquo;offre est le AVO XO Intermezzo, il s&rsquo;agit d&rsquo;un Robusto qui mesure 127 mm de longueur pour un diam&egrave;tre de 19.8 mm. Le AVO XO Intermezzo est produit en R&eacute;publique Dominicaine par le groupe Davidoff. Les tabacs utilis&eacute;s pour la cape sont cultiv&eacute;s en Equateur tandis que la sous-cape et le tripe sont compos&eacute;es de tabacs cultiv&eacute;s en R&eacute;publique Dominicaine. Le temps de fum&eacute;e de ce cigare est d&rsquo;environ 45 minutes.nnLe troisi&egrave;me cigare de l&rsquo;offre est le Arturo Fuente Ch&acirc;teau Fuente, c&rsquo;est un Petit Robusto d&rsquo; une longueur de 114 mm pour un diam&egrave;tre de 19.8 mm. Le Arturo Fuente Ch&acirc;teau Fuente est produit en R&eacute;publique Dominicaine par la Tabacalera A. Fuente. Ce cigare est compos&eacute; de tabacs de R&eacute;publique Dominicaine pour la sous-cape et la tripe et est envelopp&eacute; dans une cape connecticut. Le temps de fum&eacute;e de ce cigare est d&rsquo;environ 35 minutes.nnLe quatri&egrave;me cigare de l&rsquo;offre est le Flor De Selva 20 Aniversario Robusto. C&rsquo;est un Robusto qui mesure 121 mm de longueur pour un diam&egrave;tre de 19.8 mm. ce cigare est compos&eacute; &agrave; 100 % de tabacs du Honduras. Il est fabriqu&eacute; au Honduras. Le temps de fum&eacute;e du Flor De Selva 20 Aniversario Robusto est d&rsquo;environ 45 minutes.nnLe cinqui&egrave;me cigare de l&rsquo;offre est le Gilbert de Montsalvat classic Robusto. C&rsquo;est un Robusto qui mesure 127 mm de longueur pour un diam&egrave;tre de 19.8 mm. Le Gilbert de Montsalvat classic Robusto est produit au Nicaragua avec une feuille de cape cultiv&eacute;e en Equateur et des tabacs du Nicaragua pour la sous-cape et un m&eacute;lange de tabacs du Nicaragua et du Panama pour la tripe. Le temps de fum&eacute;e de ce cigare est de 45 minutes.nnLe sixi&egrave;me cigare de l&rsquo;offre est le Camacho Connecticut Robusto. C&rsquo;est un Robusto qui mesure 127 mm de longueur pour un diam&egrave;tre de 19.8 mm. Le Camacho Connecticut Robusto est roul&eacute; dans une manufacture filiale du groupe Davidoff au Honduras. Ce cigare est envelopp&eacute; d&rsquo;une cape connecticut cultiv&eacute;e en Equateur, d&rsquo; une sous-cape du Honduras et d&rsquo;une tripe compos&eacute;e de tabacs de R&eacute;publique Dominicaine et du Honduras. Le temps de fum&eacute;e de ce cigare est de 45 minutes.&quot;}\" data-sheets-userformat=\"{&quot;2&quot;:15357,&quot;3&quot;:{&quot;1&quot;:0},&quot;5&quot;:{&quot;1&quot;:[{&quot;1&quot;:2,&quot;2&quot;:0,&quot;5&quot;:{&quot;1&quot;:2,&quot;2&quot;:0}},{&quot;1&quot;:0,&quot;2&quot;:0,&quot;3&quot;:3},{&quot;1&quot;:1,&quot;2&quot;:0,&quot;4&quot;:1}]},&quot;6&quot;:{&quot;1&quot;:[{&quot;1&quot;:2,&quot;2&quot;:0,&quot;5&quot;:{&quot;1&quot;:2,&quot;2&quot;:0}},{&quot;1&quot;:0,&quot;2&quot;:0,&quot;3&quot;:3},{&quot;1&quot;:1,&quot;2&quot;:0,&quot;4&quot;:1}]},&quot;7&quot;:{&quot;1&quot;:[{&quot;1&quot;:2,&quot;2&quot;:0,&quot;5&quot;:{&quot;1&quot;:2,&quot;2&quot;:0}},{&quot;1&quot;:0,&quot;2&quot;:0,&quot;3&quot;:3},{&quot;1&quot;:1,&quot;2&quot;:0,&quot;4&quot;:1}]},&quot;8&quot;:{&quot;1&quot;:[{&quot;1&quot;:2,&quot;2&quot;:0,&quot;5&quot;:{&quot;1&quot;:2,&quot;2&quot;:0}},{&quot;1&quot;:0,&quot;2&quot;:0,&quot;3&quot;:3},{&quot;1&quot;:1,&quot;2&quot;:0,&quot;4&quot;:1}]},&quot;9&quot;:0,&quot;10&quot;:1,&quot;11&quot;:4,&quot;12&quot;:0,&quot;14&quot;:{&quot;1&quot;:2,&quot;2&quot;:0},&quot;15&quot;:&quot;Calibri&quot;,&quot;16&quot;:10}\">Le cinqui&egrave;me cigare de l&rsquo;offre est le AVO XO Intermezzo, il s&rsquo;agit d&rsquo;un Robusto qui mesure 127 mm de longueur pour un diam&egrave;tre de 19.8 mm. Le AVO XO Intermezzo est produit en R&eacute;publique Dominicaine par le groupe Davidoff. Les tabacs utilis&eacute;s pour la cape sont cultiv&eacute;s en Equateur tandis que la sous-cape et le tripe sont compos&eacute;es de tabacs cultiv&eacute;s en R&eacute;publique Dominicaine. Le temps de fum&eacute;e de ce cigare est d&rsquo;environ 45 minutes.<\/span><\/p>\n<p><span data-sheets-value=\"{&quot;1&quot;:2,&quot;2&quot;:&quot;L&rsquo;offre d&eacute;couverte &laquo; s&eacute;lection du d&eacute;butant &raquo; est compos&eacute;e de 6 cigares diff&eacute;rents en format Robusto.nLe premier cigare de l&rsquo;offre est le Hoyo de Monterrey Epicure N&deg; 2, il s&rsquo;agit d&rsquo; un Robusto qui mesure 124 mm de longueur pour un diam&egrave;tre de 19.8 mm. Il s&rsquo;agit d&rsquo;un puro cubain car tous les tabacs qui le composent viennent de Cuba. Son temps, de fum&eacute;e est d&rsquo;environ 45 minutes.nnLe deuxi&egrave;me cigare de l&rsquo;offre est le AVO XO Intermezzo, il s&rsquo;agit d&rsquo;un Robusto qui mesure 127 mm de longueur pour un diam&egrave;tre de 19.8 mm. Le AVO XO Intermezzo est produit en R&eacute;publique Dominicaine par le groupe Davidoff. Les tabacs utilis&eacute;s pour la cape sont cultiv&eacute;s en Equateur tandis que la sous-cape et le tripe sont compos&eacute;es de tabacs cultiv&eacute;s en R&eacute;publique Dominicaine. Le temps de fum&eacute;e de ce cigare est d&rsquo;environ 45 minutes.nnLe troisi&egrave;me cigare de l&rsquo;offre est le Arturo Fuente Ch&acirc;teau Fuente, c&rsquo;est un Petit Robusto d&rsquo; une longueur de 114 mm pour un diam&egrave;tre de 19.8 mm. Le Arturo Fuente Ch&acirc;teau Fuente est produit en R&eacute;publique Dominicaine par la Tabacalera A. Fuente. Ce cigare est compos&eacute; de tabacs de R&eacute;publique Dominicaine pour la sous-cape et la tripe et est envelopp&eacute; dans une cape connecticut. Le temps de fum&eacute;e de ce cigare est d&rsquo;environ 35 minutes.nnLe quatri&egrave;me cigare de l&rsquo;offre est le Flor De Selva 20 Aniversario Robusto. C&rsquo;est un Robusto qui mesure 121 mm de longueur pour un diam&egrave;tre de 19.8 mm. ce cigare est compos&eacute; &agrave; 100 % de tabacs du Honduras. Il est fabriqu&eacute; au Honduras. Le temps de fum&eacute;e du Flor De Selva 20 Aniversario Robusto est d&rsquo;environ 45 minutes.nnLe cinqui&egrave;me cigare de l&rsquo;offre est le Gilbert de Montsalvat classic Robusto. C&rsquo;est un Robusto qui mesure 127 mm de longueur pour un diam&egrave;tre de 19.8 mm. Le Gilbert de Montsalvat classic Robusto est produit au Nicaragua avec une feuille de cape cultiv&eacute;e en Equateur et des tabacs du Nicaragua pour la sous-cape et un m&eacute;lange de tabacs du Nicaragua et du Panama pour la tripe. Le temps de fum&eacute;e de ce cigare est de 45 minutes.nnLe sixi&egrave;me cigare de l&rsquo;offre est le Camacho Connecticut Robusto. C&rsquo;est un Robusto qui mesure 127 mm de longueur pour un diam&egrave;tre de 19.8 mm. Le Camacho Connecticut Robusto est roul&eacute; dans une manufacture filiale du groupe Davidoff au Honduras. Ce cigare est envelopp&eacute; d&rsquo;une cape connecticut cultiv&eacute;e en Equateur, d&rsquo; une sous-cape du Honduras et d&rsquo;une tripe compos&eacute;e de tabacs de R&eacute;publique Dominicaine et du Honduras. Le temps de fum&eacute;e de ce cigare est de 45 minutes.&quot;}\" data-sheets-userformat=\"{&quot;2&quot;:15357,&quot;3&quot;:{&quot;1&quot;:0},&quot;5&quot;:{&quot;1&quot;:[{&quot;1&quot;:2,&quot;2&quot;:0,&quot;5&quot;:{&quot;1&quot;:2,&quot;2&quot;:0}},{&quot;1&quot;:0,&quot;2&quot;:0,&quot;3&quot;:3},{&quot;1&quot;:1,&quot;2&quot;:0,&quot;4&quot;:1}]},&quot;6&quot;:{&quot;1&quot;:[{&quot;1&quot;:2,&quot;2&quot;:0,&quot;5&quot;:{&quot;1&quot;:2,&quot;2&quot;:0}},{&quot;1&quot;:0,&quot;2&quot;:0,&quot;3&quot;:3},{&quot;1&quot;:1,&quot;2&quot;:0,&quot;4&quot;:1}]},&quot;7&quot;:{&quot;1&quot;:[{&quot;1&quot;:2,&quot;2&quot;:0,&quot;5&quot;:{&quot;1&quot;:2,&quot;2&quot;:0}},{&quot;1&quot;:0,&quot;2&quot;:0,&quot;3&quot;:3},{&quot;1&quot;:1,&quot;2&quot;:0,&quot;4&quot;:1}]},&quot;8&quot;:{&quot;1&quot;:[{&quot;1&quot;:2,&quot;2&quot;:0,&quot;5&quot;:{&quot;1&quot;:2,&quot;2&quot;:0}},{&quot;1&quot;:0,&quot;2&quot;:0,&quot;3&quot;:3},{&quot;1&quot;:1,&quot;2&quot;:0,&quot;4&quot;:1}]},&quot;9&quot;:0,&quot;10&quot;:1,&quot;11&quot;:4,&quot;12&quot;:0,&quot;14&quot;:{&quot;1&quot;:2,&quot;2&quot;:0},&quot;15&quot;:&quot;Calibri&quot;,&quot;16&quot;:10}\">Le sixi&egrave;me cigare de l&rsquo;offre est le Flor De Selva 20 Aniversario Robusto. C&rsquo;est un Robusto qui mesure 121 mm de longueur pour un diam&egrave;tre de 19.8 mm. ce cigare est compos&eacute; &agrave; 100 % de tabacs du Honduras. Il est fabriqu&eacute; au Honduras. Le temps de fum&eacute;e du Flor De Selva 20 Aniversario Robusto est d&rsquo;environ 45 minutes.<\/span><\/p>\n","protected":false},"excerpt":{"rendered":"<p>Freshpack of 18 cigars.<\/p>","protected":false},"featured_media":78249,"template":"","meta":{"_acf_changed":false},"product_brand":[],"product_cat":[19809,34935,42528,42527,45770],"product_tag":[],"class_list":{"0":"post-77861","1":"product","2":"type-product","3":"status-publish","4":"has-post-thumbnail","6":"product_cat-cigares","7":"product_cat-pack-decouverte-cigare","8":"product_cat-pack-decouverte-cigare-multi-terroir","9":"product_cat-pack-decouverte-cigare-par-module","10":"product_cat-pack-decouverte-initiation","11":"product_shipping_class-cigares","13":"first","14":"instock","15":"taxable","16":"shipping-taxable","17":"purchasable","18":"product-type-simple"},"acf":[],"_links":{"self":[{"href":"https:\/\/cigarquality.com\/en\/wp-json\/wp\/v2\/product\/77861","targetHints":{"allow":["GET"]}}],"collection":[{"href":"https:\/\/cigarquality.com\/en\/wp-json\/wp\/v2\/product"}],"about":[{"href":"https:\/\/cigarquality.com\/en\/wp-json\/wp\/v2\/types\/product"}],"wp:featuredmedia":[{"embeddable":true,"href":"https:\/\/cigarquality.com\/en\/wp-json\/wp\/v2\/media\/78249"}],"wp:attachment":[{"href":"https:\/\/cigarquality.com\/en\/wp-json\/wp\/v2\/media?parent=77861"}],"wp:term":[{"taxonomy":"product_brand","embeddable":true,"href":"https:\/\/cigarquality.com\/en\/wp-json\/wp\/v2\/product_brand?post=77861"},{"taxonomy":"product_cat","embeddable":true,"href":"https:\/\/cigarquality.com\/en\/wp-json\/wp\/v2\/product_cat?post=77861"},{"taxonomy":"product_tag","embeddable":true,"href":"https:\/\/cigarquality.com\/en\/wp-json\/wp\/v2\/product_tag?post=77861"}],"curies":[{"name":"wp","href":"https:\/\/api.w.org\/{rel}","templated":true}]}}