{"id":77622,"date":"2022-08-03T10:34:03","date_gmt":"2022-08-03T09:34:03","guid":{"rendered":"https:\/\/cigarquality.com\/?post_type=product&#038;p=77622"},"modified":"2025-09-11T11:45:09","modified_gmt":"2025-09-11T09:45:09","slug":"don-tomas-bundle-rothschild-10","status":"publish","type":"product","link":"https:\/\/cigarquality.com\/en\/boutique\/cigares-dominicains\/don-tomas-cigares-dominicain\/don-tomas-bundle-rothschild-10\/","title":{"rendered":"Don Tomas Bundle Rothschild (10)"},"content":{"rendered":"<p><span data-sheets-value=\"{&quot;1&quot;:2,&quot;2&quot;:&quot;Le Don Tomas Bundle Rothschild est un cigare doux-moyen, produit en R\u00e9publique Dominicaine. Ce cigare est roul\u00e9 dans une cape scintillante \u00c9quatorienne, une sous-cape Connecticut des \u00c9tats-Unis et utilise un m\u00e9lange de tabac de R\u00e9publique Dominicaine et du Mexique en guise de tripe.nnLors de la d\u00e9gustation, vous sentirez des ar\u00f4mes de chocolat, de caf\u00e9 et de noix avec un peu de poivre sur la fin. Il s'agit du cigare id\u00e9al pour les d\u00e9butants ou les amateurs de cigares.nnCe Bundle est fourni en pack de 10 cigares. Module au format Rothschild, ce Don Tomas Rothschild mesure 140 mm de longueur pour 19,8 mm de diam\u00e8tre (bague 50). Il n\u00e9cessitera environ 40 minutes pour \u00eatre d\u00e9gust\u00e9 convenablement.&quot;}\" data-sheets-userformat=\"{&quot;2&quot;:13181,&quot;3&quot;:{&quot;1&quot;:0},&quot;5&quot;:{&quot;1&quot;:[{&quot;1&quot;:2,&quot;2&quot;:0,&quot;5&quot;:{&quot;1&quot;:2,&quot;2&quot;:0}},{&quot;1&quot;:0,&quot;2&quot;:0,&quot;3&quot;:3},{&quot;1&quot;:1,&quot;2&quot;:0,&quot;4&quot;:1}]},&quot;6&quot;:{&quot;1&quot;:[{&quot;1&quot;:2,&quot;2&quot;:0,&quot;5&quot;:{&quot;1&quot;:2,&quot;2&quot;:0}},{&quot;1&quot;:0,&quot;2&quot;:0,&quot;3&quot;:3},{&quot;1&quot;:1,&quot;2&quot;:0,&quot;4&quot;:1}]},&quot;7&quot;:{&quot;1&quot;:[{&quot;1&quot;:2,&quot;2&quot;:0,&quot;5&quot;:{&quot;1&quot;:2,&quot;2&quot;:0}},{&quot;1&quot;:0,&quot;2&quot;:0,&quot;3&quot;:3},{&quot;1&quot;:1,&quot;2&quot;:0,&quot;4&quot;:1}]},&quot;8&quot;:{&quot;1&quot;:[{&quot;1&quot;:2,&quot;2&quot;:0,&quot;5&quot;:{&quot;1&quot;:2,&quot;2&quot;:0}},{&quot;1&quot;:0,&quot;2&quot;:0,&quot;3&quot;:3},{&quot;1&quot;:1,&quot;2&quot;:0,&quot;4&quot;:1}]},&quot;9&quot;:0,&quot;11&quot;:4,&quot;12&quot;:0,&quot;15&quot;:&quot;Calibri&quot;,&quot;16&quot;:10}\">Le <strong>Don Tomas Bundle Rothschild<\/strong> est un cigare doux-moyen, produit en R\u00e9publique Dominicaine. Ce cigare est roul\u00e9 dans une cape scintillante \u00c9quatorienne, une sous-cape Connecticut des \u00c9tats-Unis et utilise un m\u00e9lange de tabac de R\u00e9publique Dominicaine et du Mexique en guise de tripe.<\/span><\/p>\n<p>Lors de la d\u00e9gustation, vous sentirez des ar\u00f4mes de chocolat, de caf\u00e9 et de noix avec un peu de poivre sur la fin. Il s&rsquo;agit du cigare id\u00e9al pour les d\u00e9butants ou les amateurs de cigares.<\/p>\n<p>Ce Bundle est fourni en pack de 10 cigares. Module au format Rothschild, ce Don Tomas Rothschild mesure 140 mm de longueur pour 19,8 mm de diam\u00e8tre (bague 50). Il n\u00e9cessitera environ 40 minutes pour \u00eatre d\u00e9gust\u00e9 convenablement.<\/p>\n","protected":false},"excerpt":{"rendered":"<p>Box of 10 cigars.<\/p>","protected":false},"featured_media":77786,"template":"","meta":{"_acf_changed":false},"product_brand":[],"product_cat":[19809,19812,40615],"product_tag":[],"class_list":{"0":"post-77622","1":"product","2":"type-product","3":"status-publish","4":"has-post-thumbnail","6":"product_cat-cigares","7":"product_cat-cigares-dominicains","8":"product_cat-don-tomas-cigares-dominicain","9":"product_shipping_class-cigares","11":"first","12":"outofstock","13":"sale","14":"taxable","15":"shipping-taxable","16":"purchasable","17":"product-type-simple"},"acf":[],"_links":{"self":[{"href":"https:\/\/cigarquality.com\/en\/wp-json\/wp\/v2\/product\/77622","targetHints":{"allow":["GET"]}}],"collection":[{"href":"https:\/\/cigarquality.com\/en\/wp-json\/wp\/v2\/product"}],"about":[{"href":"https:\/\/cigarquality.com\/en\/wp-json\/wp\/v2\/types\/product"}],"wp:featuredmedia":[{"embeddable":true,"href":"https:\/\/cigarquality.com\/en\/wp-json\/wp\/v2\/media\/77786"}],"wp:attachment":[{"href":"https:\/\/cigarquality.com\/en\/wp-json\/wp\/v2\/media?parent=77622"}],"wp:term":[{"taxonomy":"product_brand","embeddable":true,"href":"https:\/\/cigarquality.com\/en\/wp-json\/wp\/v2\/product_brand?post=77622"},{"taxonomy":"product_cat","embeddable":true,"href":"https:\/\/cigarquality.com\/en\/wp-json\/wp\/v2\/product_cat?post=77622"},{"taxonomy":"product_tag","embeddable":true,"href":"https:\/\/cigarquality.com\/en\/wp-json\/wp\/v2\/product_tag?post=77622"}],"curies":[{"name":"wp","href":"https:\/\/api.w.org\/{rel}","templated":true}]}}