{"id":77565,"date":"2022-08-02T14:34:17","date_gmt":"2022-08-02T13:34:17","guid":{"rendered":"https:\/\/cigarquality.com\/boutique\/non%20class\u00e9\/oliva-serie-v-melanio-maduro-robusto-10\/"},"modified":"2025-07-25T13:43:04","modified_gmt":"2025-07-25T11:43:04","slug":"oliva-serie-v-melanio-maduro-robusto-10","status":"publish","type":"product","link":"https:\/\/cigarquality.com\/en\/boutique\/cigares-nicaraguayens\/oliva\/oliva-serie-v\/oliva-serie-v-melanio-maduro\/oliva-serie-v-melanio-maduro-robusto-10\/","title":{"rendered":"Oliva Serie V Melanio Maduro Robusto (10)"},"content":{"rendered":"<p><span data-sheets-value=\"{&quot;1&quot;:2,&quot;2&quot;:&quot;Le grand succ\u00e8s de la variante classique a incit\u00e9 la famille Oliva \u00e0 poursuivre avec une s\u00e9rie sombre avec une enveloppe mexicaine San Andres Maduro. Le nom remonte \u00e0 Melanio Oliva, grand-p\u00e8re de Gilberto Oliva, qui est aujourd'hui consid\u00e9r\u00e9 comme le patriarche de la famille. Il cultivait d\u00e9j\u00e0 le tabac \u00e0 Cuba en 1886, et son fils Hipolito l'a suivi pendant plusieurs d\u00e9cennies.nnLe Oliva Serie V Melanio Maduro Robusto est un beau cigare qui, d'une longueur de 127 mm et d'un diam\u00e8tre de 20,6 mm (module Robusto et bague 52), garantit un excellent plaisir de fumer pendant 45 \u00e0 75 minutes.nnLe p\u00e8re de la g\u00e9n\u00e9ration actuelle d'Oliva, Gilberto Senior, qui repr\u00e9sente encore aujourd'hui l'\u00e9minence grise dans les foires du tabac aux \u00c9tats-Unis, a eu la t\u00e2che difficile de trouver des conditions de culture aussi appropri\u00e9es apr\u00e8s l'exode de Cuba. Apr\u00e8s plusieurs ann\u00e9es de recherche au Panama, aux Philippines, au Honduras et au Mexique, entre autres, il a finalement trouv\u00e9 au Nicaragua un sol parfaitement adapt\u00e9 qui r\u00e9pondait \u00e0 ses exigences.nnDes tons terreux et un haut niveau de complexit\u00e9 g\u00e2tent l'aficionado vers la fin du cigare et vous font en redemander.&quot;}\" data-sheets-userformat=\"{&quot;2&quot;:15357,&quot;3&quot;:{&quot;1&quot;:0},&quot;5&quot;:{&quot;1&quot;:[{&quot;1&quot;:2,&quot;2&quot;:0,&quot;5&quot;:{&quot;1&quot;:2,&quot;2&quot;:0}},{&quot;1&quot;:0,&quot;2&quot;:0,&quot;3&quot;:3},{&quot;1&quot;:1,&quot;2&quot;:0,&quot;4&quot;:1}]},&quot;6&quot;:{&quot;1&quot;:[{&quot;1&quot;:2,&quot;2&quot;:0,&quot;5&quot;:{&quot;1&quot;:2,&quot;2&quot;:0}},{&quot;1&quot;:0,&quot;2&quot;:0,&quot;3&quot;:3},{&quot;1&quot;:1,&quot;2&quot;:0,&quot;4&quot;:1}]},&quot;7&quot;:{&quot;1&quot;:[{&quot;1&quot;:2,&quot;2&quot;:0,&quot;5&quot;:{&quot;1&quot;:2,&quot;2&quot;:0}},{&quot;1&quot;:0,&quot;2&quot;:0,&quot;3&quot;:3},{&quot;1&quot;:1,&quot;2&quot;:0,&quot;4&quot;:1}]},&quot;8&quot;:{&quot;1&quot;:[{&quot;1&quot;:2,&quot;2&quot;:0,&quot;5&quot;:{&quot;1&quot;:2,&quot;2&quot;:0}},{&quot;1&quot;:0,&quot;2&quot;:0,&quot;3&quot;:3},{&quot;1&quot;:1,&quot;2&quot;:0,&quot;4&quot;:1}]},&quot;9&quot;:0,&quot;10&quot;:1,&quot;11&quot;:4,&quot;12&quot;:0,&quot;14&quot;:{&quot;1&quot;:2,&quot;2&quot;:0},&quot;15&quot;:&quot;Calibri&quot;,&quot;16&quot;:10}\">Le <strong>Oliva Serie V Melanio Maduro Robusto<\/strong> est un beau cigare qui, d&rsquo;une longueur de 127 mm et d&rsquo;un diam\u00e8tre de 20,6 mm (module Robusto et bague 52), garantit un excellent plaisir de fumer pendant 45 \u00e0 75 minutes. Des tons terreux et un haut niveau de complexit\u00e9 g\u00e2tent l&rsquo;aficionado vers la fin du cigare et vous font en redemander.<\/span><\/p>\n<p><span data-sheets-value=\"{&quot;1&quot;:2,&quot;2&quot;:&quot;Le grand succ\u00e8s de la variante classique a incit\u00e9 la famille Oliva \u00e0 poursuivre avec une s\u00e9rie sombre avec une enveloppe mexicaine San Andres Maduro. Le nom remonte \u00e0 Melanio Oliva, grand-p\u00e8re de Gilberto Oliva, qui est aujourd'hui consid\u00e9r\u00e9 comme le patriarche de la famille. Il cultivait d\u00e9j\u00e0 le tabac \u00e0 Cuba en 1886, et son fils Hipolito l'a suivi pendant plusieurs d\u00e9cennies.nnLe Oliva Serie V Melanio Maduro Robusto est un beau cigare qui, d'une longueur de 127 mm et d'un diam\u00e8tre de 20,6 mm (module Robusto et bague 52), garantit un excellent plaisir de fumer pendant 45 \u00e0 75 minutes.nnLe p\u00e8re de la g\u00e9n\u00e9ration actuelle d'Oliva, Gilberto Senior, qui repr\u00e9sente encore aujourd'hui l'\u00e9minence grise dans les foires du tabac aux \u00c9tats-Unis, a eu la t\u00e2che difficile de trouver des conditions de culture aussi appropri\u00e9es apr\u00e8s l'exode de Cuba. Apr\u00e8s plusieurs ann\u00e9es de recherche au Panama, aux Philippines, au Honduras et au Mexique, entre autres, il a finalement trouv\u00e9 au Nicaragua un sol parfaitement adapt\u00e9 qui r\u00e9pondait \u00e0 ses exigences.nnDes tons terreux et un haut niveau de complexit\u00e9 g\u00e2tent l'aficionado vers la fin du cigare et vous font en redemander.&quot;}\" data-sheets-userformat=\"{&quot;2&quot;:15357,&quot;3&quot;:{&quot;1&quot;:0},&quot;5&quot;:{&quot;1&quot;:[{&quot;1&quot;:2,&quot;2&quot;:0,&quot;5&quot;:{&quot;1&quot;:2,&quot;2&quot;:0}},{&quot;1&quot;:0,&quot;2&quot;:0,&quot;3&quot;:3},{&quot;1&quot;:1,&quot;2&quot;:0,&quot;4&quot;:1}]},&quot;6&quot;:{&quot;1&quot;:[{&quot;1&quot;:2,&quot;2&quot;:0,&quot;5&quot;:{&quot;1&quot;:2,&quot;2&quot;:0}},{&quot;1&quot;:0,&quot;2&quot;:0,&quot;3&quot;:3},{&quot;1&quot;:1,&quot;2&quot;:0,&quot;4&quot;:1}]},&quot;7&quot;:{&quot;1&quot;:[{&quot;1&quot;:2,&quot;2&quot;:0,&quot;5&quot;:{&quot;1&quot;:2,&quot;2&quot;:0}},{&quot;1&quot;:0,&quot;2&quot;:0,&quot;3&quot;:3},{&quot;1&quot;:1,&quot;2&quot;:0,&quot;4&quot;:1}]},&quot;8&quot;:{&quot;1&quot;:[{&quot;1&quot;:2,&quot;2&quot;:0,&quot;5&quot;:{&quot;1&quot;:2,&quot;2&quot;:0}},{&quot;1&quot;:0,&quot;2&quot;:0,&quot;3&quot;:3},{&quot;1&quot;:1,&quot;2&quot;:0,&quot;4&quot;:1}]},&quot;9&quot;:0,&quot;10&quot;:1,&quot;11&quot;:4,&quot;12&quot;:0,&quot;14&quot;:{&quot;1&quot;:2,&quot;2&quot;:0},&quot;15&quot;:&quot;Calibri&quot;,&quot;16&quot;:10}\">Le grand succ\u00e8s de la variante classique a incit\u00e9 la famille Oliva \u00e0 poursuivre avec une s\u00e9rie sombre avec une enveloppe mexicaine San Andres Maduro. Le nom remonte \u00e0 Melanio Oliva, grand-p\u00e8re de Gilberto Oliva, qui est aujourd&rsquo;hui consid\u00e9r\u00e9 comme le patriarche de la famille. Il cultivait d\u00e9j\u00e0 le tabac \u00e0 Cuba en 1886, et son fils Hipolito l&rsquo;a suivi pendant plusieurs d\u00e9cennies.<\/span><\/p>\n<p>Le p\u00e8re de la g\u00e9n\u00e9ration actuelle d&rsquo;Oliva, Gilberto Senior, qui repr\u00e9sente encore aujourd&rsquo;hui l&rsquo;\u00e9minence grise dans les foires du tabac aux \u00c9tats-Unis, a eu la t\u00e2che difficile de trouver des conditions de culture aussi appropri\u00e9es apr\u00e8s l&rsquo;exode de Cuba. Apr\u00e8s plusieurs ann\u00e9es de recherche au Panama, aux Philippines, au Honduras et au Mexique, entre autres, il a finalement trouv\u00e9 au Nicaragua un sol parfaitement adapt\u00e9 qui r\u00e9pondait \u00e0 ses exigences.<\/p>\n<p>&nbsp;<\/p>\n","protected":false},"excerpt":{"rendered":"<p>Box of 10 cigars.<\/p>","protected":false},"featured_media":77562,"template":"","meta":{"_acf_changed":false},"product_brand":[],"product_cat":[19809,24833,31451,31511,34767],"product_tag":[],"class_list":{"0":"post-77565","1":"product","2":"type-product","3":"status-publish","4":"has-post-thumbnail","6":"product_cat-cigares","7":"product_cat-cigares-nicaraguayens","8":"product_cat-oliva","9":"product_cat-oliva-serie-v","10":"product_cat-oliva-serie-v-melanio-maduro","11":"product_shipping_class-cigares","13":"first","14":"instock","15":"sale","16":"taxable","17":"shipping-taxable","18":"purchasable","19":"product-type-simple"},"acf":[],"_links":{"self":[{"href":"https:\/\/cigarquality.com\/en\/wp-json\/wp\/v2\/product\/77565","targetHints":{"allow":["GET"]}}],"collection":[{"href":"https:\/\/cigarquality.com\/en\/wp-json\/wp\/v2\/product"}],"about":[{"href":"https:\/\/cigarquality.com\/en\/wp-json\/wp\/v2\/types\/product"}],"wp:featuredmedia":[{"embeddable":true,"href":"https:\/\/cigarquality.com\/en\/wp-json\/wp\/v2\/media\/77562"}],"wp:attachment":[{"href":"https:\/\/cigarquality.com\/en\/wp-json\/wp\/v2\/media?parent=77565"}],"wp:term":[{"taxonomy":"product_brand","embeddable":true,"href":"https:\/\/cigarquality.com\/en\/wp-json\/wp\/v2\/product_brand?post=77565"},{"taxonomy":"product_cat","embeddable":true,"href":"https:\/\/cigarquality.com\/en\/wp-json\/wp\/v2\/product_cat?post=77565"},{"taxonomy":"product_tag","embeddable":true,"href":"https:\/\/cigarquality.com\/en\/wp-json\/wp\/v2\/product_tag?post=77565"}],"curies":[{"name":"wp","href":"https:\/\/api.w.org\/{rel}","templated":true}]}}