{"id":77192,"date":"2022-07-29T14:59:57","date_gmt":"2022-07-29T13:59:57","guid":{"rendered":"https:\/\/cigarquality.com\/?post_type=product&#038;p=77192"},"modified":"2025-10-07T12:29:20","modified_gmt":"2025-10-07T10:29:20","slug":"perdomo-fresco-connecticut-torpedo-25","status":"publish","type":"product","link":"https:\/\/cigarquality.com\/en\/boutique\/cigares-nicaraguayens\/perdomo\/perdomo-fresco\/perdomo-fresco-connecticut-torpedo-25\/","title":{"rendered":"Perdomo Fresco Connecticut Torpedo (25)"},"content":{"rendered":"<p><span data-sheets-value=\"{&quot;1&quot;:2,&quot;2&quot;:&quot;Le Perdomo Fresco Connecticut Torpedo est un cigare doux \u00e0 moyennement cors\u00e9 fabriqu\u00e9 \u00e0 la main dans la c\u00e9l\u00e8bre usine Perdomo au Nicaragua. Ce m\u00e9lange est compos\u00e9 de Nicaraguayens issu de graines cubaines et d'une cape en Connecticut Shade d'Equateur. Il en r\u00e9sulte des saveurs riches et cr\u00e9meuses avec des notes de c\u00e8dre en finale, qui se marient parfaitement avec un cappuccino. Perdomo Fresco Connecticut Torpedo est un cigare de 165mm par 21,26mm et est disponible en paquet de 25 cigares. Il vous faudra environ 60 \u00e0 90 minutes pour d\u00e9guster ce Perdomo Fresco Connecticut Torpedo.n&quot;}\" data-sheets-userformat=\"{&quot;2&quot;:15231,&quot;3&quot;:{&quot;1&quot;:0},&quot;4&quot;:{&quot;1&quot;:2,&quot;2&quot;:16777215},&quot;5&quot;:{&quot;1&quot;:[{&quot;1&quot;:2,&quot;2&quot;:0,&quot;5&quot;:{&quot;1&quot;:2,&quot;2&quot;:0}},{&quot;1&quot;:0,&quot;2&quot;:0,&quot;3&quot;:3},{&quot;1&quot;:1,&quot;2&quot;:0,&quot;4&quot;:1}]},&quot;6&quot;:{&quot;1&quot;:[{&quot;1&quot;:2,&quot;2&quot;:0,&quot;5&quot;:{&quot;1&quot;:2,&quot;2&quot;:0}},{&quot;1&quot;:0,&quot;2&quot;:0,&quot;3&quot;:3},{&quot;1&quot;:1,&quot;2&quot;:0,&quot;4&quot;:1}]},&quot;7&quot;:{&quot;1&quot;:[{&quot;1&quot;:2,&quot;2&quot;:0,&quot;5&quot;:{&quot;1&quot;:2,&quot;2&quot;:0}},{&quot;1&quot;:0,&quot;2&quot;:0,&quot;3&quot;:3},{&quot;1&quot;:1,&quot;2&quot;:0,&quot;4&quot;:1}]},&quot;8&quot;:{&quot;1&quot;:[{&quot;1&quot;:2,&quot;2&quot;:0,&quot;5&quot;:{&quot;1&quot;:2,&quot;2&quot;:0}},{&quot;1&quot;:0,&quot;2&quot;:0,&quot;3&quot;:3},{&quot;1&quot;:1,&quot;2&quot;:0,&quot;4&quot;:1}]},&quot;9&quot;:0,&quot;11&quot;:4,&quot;12&quot;:0,&quot;14&quot;:{&quot;1&quot;:2,&quot;2&quot;:0},&quot;15&quot;:&quot;Calibri&quot;,&quot;16&quot;:10}\">Le <strong>Perdomo Fresco Connecticut Torpedo<\/strong> est un cigare doux \u00e0 moyennement cors\u00e9 fabriqu\u00e9 \u00e0 la main dans la c\u00e9l\u00e8bre usine Perdomo au Nicaragua. Ce m\u00e9lange est compos\u00e9 de Nicaraguayens issu de graines cubaines et d&rsquo;une cape en Connecticut Shade d&rsquo;Equateur. Il en r\u00e9sulte des saveurs riches et cr\u00e9meuses avec des notes de c\u00e8dre en finale, qui se marient parfaitement avec un cappuccino. <\/span><\/p>\n<p><span data-sheets-value=\"{&quot;1&quot;:2,&quot;2&quot;:&quot;Le Perdomo Fresco Connecticut Torpedo est un cigare doux \u00e0 moyennement cors\u00e9 fabriqu\u00e9 \u00e0 la main dans la c\u00e9l\u00e8bre usine Perdomo au Nicaragua. Ce m\u00e9lange est compos\u00e9 de Nicaraguayens issu de graines cubaines et d'une cape en Connecticut Shade d'Equateur. Il en r\u00e9sulte des saveurs riches et cr\u00e9meuses avec des notes de c\u00e8dre en finale, qui se marient parfaitement avec un cappuccino. Perdomo Fresco Connecticut Torpedo est un cigare de 165mm par 21,26mm et est disponible en paquet de 25 cigares. Il vous faudra environ 60 \u00e0 90 minutes pour d\u00e9guster ce Perdomo Fresco Connecticut Torpedo.n&quot;}\" data-sheets-userformat=\"{&quot;2&quot;:15231,&quot;3&quot;:{&quot;1&quot;:0},&quot;4&quot;:{&quot;1&quot;:2,&quot;2&quot;:16777215},&quot;5&quot;:{&quot;1&quot;:[{&quot;1&quot;:2,&quot;2&quot;:0,&quot;5&quot;:{&quot;1&quot;:2,&quot;2&quot;:0}},{&quot;1&quot;:0,&quot;2&quot;:0,&quot;3&quot;:3},{&quot;1&quot;:1,&quot;2&quot;:0,&quot;4&quot;:1}]},&quot;6&quot;:{&quot;1&quot;:[{&quot;1&quot;:2,&quot;2&quot;:0,&quot;5&quot;:{&quot;1&quot;:2,&quot;2&quot;:0}},{&quot;1&quot;:0,&quot;2&quot;:0,&quot;3&quot;:3},{&quot;1&quot;:1,&quot;2&quot;:0,&quot;4&quot;:1}]},&quot;7&quot;:{&quot;1&quot;:[{&quot;1&quot;:2,&quot;2&quot;:0,&quot;5&quot;:{&quot;1&quot;:2,&quot;2&quot;:0}},{&quot;1&quot;:0,&quot;2&quot;:0,&quot;3&quot;:3},{&quot;1&quot;:1,&quot;2&quot;:0,&quot;4&quot;:1}]},&quot;8&quot;:{&quot;1&quot;:[{&quot;1&quot;:2,&quot;2&quot;:0,&quot;5&quot;:{&quot;1&quot;:2,&quot;2&quot;:0}},{&quot;1&quot;:0,&quot;2&quot;:0,&quot;3&quot;:3},{&quot;1&quot;:1,&quot;2&quot;:0,&quot;4&quot;:1}]},&quot;9&quot;:0,&quot;11&quot;:4,&quot;12&quot;:0,&quot;14&quot;:{&quot;1&quot;:2,&quot;2&quot;:0},&quot;15&quot;:&quot;Calibri&quot;,&quot;16&quot;:10}\">Perdomo Fresco Connecticut Torpedo est un cigare de 165mm par 21,26mm et est disponible en paquet de 25 cigares. Il vous faudra environ 60 \u00e0 90 minutes pour d\u00e9guster ce Perdomo Fresco Connecticut Torpedo.<br \/>\n<\/span><\/p>\n","protected":false},"excerpt":{"rendered":"<p>Box of 25 cigars.<\/p>","protected":false},"featured_media":77190,"template":"","meta":{"_acf_changed":false},"product_brand":[],"product_cat":[19809,24833,34761,40225],"product_tag":[],"class_list":{"0":"post-77192","1":"product","2":"type-product","3":"status-publish","4":"has-post-thumbnail","6":"product_cat-cigares","7":"product_cat-cigares-nicaraguayens","8":"product_cat-perdomo","9":"product_cat-perdomo-fresco","10":"product_shipping_class-cigares","12":"first","13":"instock","14":"taxable","15":"shipping-taxable","16":"purchasable","17":"product-type-simple"},"acf":[],"_links":{"self":[{"href":"https:\/\/cigarquality.com\/en\/wp-json\/wp\/v2\/product\/77192","targetHints":{"allow":["GET"]}}],"collection":[{"href":"https:\/\/cigarquality.com\/en\/wp-json\/wp\/v2\/product"}],"about":[{"href":"https:\/\/cigarquality.com\/en\/wp-json\/wp\/v2\/types\/product"}],"wp:featuredmedia":[{"embeddable":true,"href":"https:\/\/cigarquality.com\/en\/wp-json\/wp\/v2\/media\/77190"}],"wp:attachment":[{"href":"https:\/\/cigarquality.com\/en\/wp-json\/wp\/v2\/media?parent=77192"}],"wp:term":[{"taxonomy":"product_brand","embeddable":true,"href":"https:\/\/cigarquality.com\/en\/wp-json\/wp\/v2\/product_brand?post=77192"},{"taxonomy":"product_cat","embeddable":true,"href":"https:\/\/cigarquality.com\/en\/wp-json\/wp\/v2\/product_cat?post=77192"},{"taxonomy":"product_tag","embeddable":true,"href":"https:\/\/cigarquality.com\/en\/wp-json\/wp\/v2\/product_tag?post=77192"}],"curies":[{"name":"wp","href":"https:\/\/api.w.org\/{rel}","templated":true}]}}