{"id":77128,"date":"2022-07-29T12:32:41","date_gmt":"2022-07-29T11:32:41","guid":{"rendered":"https:\/\/cigarquality.com\/?post_type=product&#038;p=77128"},"modified":"2025-10-29T08:53:23","modified_gmt":"2025-10-29T07:53:23","slug":"oliva-serie-o-robusto-20","status":"publish","type":"product","link":"https:\/\/cigarquality.com\/en\/boutique\/cigares-nicaraguayens\/oliva\/oliva-serie-o\/oliva-serie-o-robusto-20\/","title":{"rendered":"Oliva Serie O Robusto (20)"},"content":{"rendered":"<p><span data-sheets-value=\"{&quot;1&quot;:2,&quot;2&quot;:&quot;Le Oliva S\u00e9rie O Robusto est fabriqu\u00e9 dans la plus pure tradition cubaine consistant \u00e0 faire pousser la m\u00eame graine de Habano dans diverses r\u00e9gions du pays pour produire un m\u00e9lange prononc\u00e9.nnLe m\u00e9lange du cigare Oliva S\u00e9rie O Robusto a \u00e9t\u00e9 obtenu en faisant pousser le Habano dans les r\u00e9gions d\u2019Esteli, de Condega et la vall\u00e9e de Jalapa.nnCe cigare au module Robusto mesure 127 mm de longueur pour 20 mm de diam\u00e8tre. C'est un cigare puissant not\u00e9 3\/5 vendu en bo\u00eete de 20 cigares. Il faut compter 45 \u00e0 60 minutes pour le d\u00e9guster convenablement.&quot;}\" data-sheets-userformat=\"{&quot;2&quot;:15357,&quot;3&quot;:{&quot;1&quot;:0},&quot;5&quot;:{&quot;1&quot;:[{&quot;1&quot;:2,&quot;2&quot;:0,&quot;5&quot;:{&quot;1&quot;:2,&quot;2&quot;:0}},{&quot;1&quot;:0,&quot;2&quot;:0,&quot;3&quot;:3},{&quot;1&quot;:1,&quot;2&quot;:0,&quot;4&quot;:1}]},&quot;6&quot;:{&quot;1&quot;:[{&quot;1&quot;:2,&quot;2&quot;:0,&quot;5&quot;:{&quot;1&quot;:2,&quot;2&quot;:0}},{&quot;1&quot;:0,&quot;2&quot;:0,&quot;3&quot;:3},{&quot;1&quot;:1,&quot;2&quot;:0,&quot;4&quot;:1}]},&quot;7&quot;:{&quot;1&quot;:[{&quot;1&quot;:2,&quot;2&quot;:0,&quot;5&quot;:{&quot;1&quot;:2,&quot;2&quot;:0}},{&quot;1&quot;:0,&quot;2&quot;:0,&quot;3&quot;:3},{&quot;1&quot;:1,&quot;2&quot;:0,&quot;4&quot;:1}]},&quot;8&quot;:{&quot;1&quot;:[{&quot;1&quot;:2,&quot;2&quot;:0,&quot;5&quot;:{&quot;1&quot;:2,&quot;2&quot;:0}},{&quot;1&quot;:0,&quot;2&quot;:0,&quot;3&quot;:3},{&quot;1&quot;:1,&quot;2&quot;:0,&quot;4&quot;:1}]},&quot;9&quot;:0,&quot;10&quot;:1,&quot;11&quot;:4,&quot;12&quot;:0,&quot;14&quot;:{&quot;1&quot;:2,&quot;2&quot;:0},&quot;15&quot;:&quot;Calibri&quot;,&quot;16&quot;:10}\">Le Oliva S\u00e9rie O Robusto est fabriqu\u00e9 dans la plus pure tradition cubaine consistant \u00e0 faire pousser la m\u00eame graine de Habano dans diverses r\u00e9gions du pays pour produire un m\u00e9lange prononc\u00e9.<\/span><\/p>\n<p>Le m\u00e9lange du cigare Oliva S\u00e9rie O Robusto a \u00e9t\u00e9 obtenu en faisant pousser le Habano dans les r\u00e9gions d\u2019Esteli, de Condega et la vall\u00e9e de Jalapa.<\/p>\n<p>Ce cigare au module Robusto mesure 127 mm de longueur pour 20 mm de diam\u00e8tre. C&rsquo;est un cigare puissant not\u00e9 3\/5 vendu en bo\u00eete de 20 cigares. Il faut compter 45 \u00e0 60 minutes pour le d\u00e9guster convenablement.<\/p>\n","protected":false},"excerpt":{"rendered":"<p>Box of 20 cigars.<\/p>","protected":false},"featured_media":77125,"template":"","meta":{"_acf_changed":false},"product_brand":[],"product_cat":[19809,24833,31451,31538],"product_tag":[],"class_list":{"0":"post-77128","1":"product","2":"type-product","3":"status-publish","4":"has-post-thumbnail","6":"product_cat-cigares","7":"product_cat-cigares-nicaraguayens","8":"product_cat-oliva","9":"product_cat-oliva-serie-o","10":"product_shipping_class-cigares","12":"first","13":"outofstock","14":"sale","15":"taxable","16":"shipping-taxable","17":"purchasable","18":"product-type-simple"},"acf":[],"_links":{"self":[{"href":"https:\/\/cigarquality.com\/en\/wp-json\/wp\/v2\/product\/77128","targetHints":{"allow":["GET"]}}],"collection":[{"href":"https:\/\/cigarquality.com\/en\/wp-json\/wp\/v2\/product"}],"about":[{"href":"https:\/\/cigarquality.com\/en\/wp-json\/wp\/v2\/types\/product"}],"wp:featuredmedia":[{"embeddable":true,"href":"https:\/\/cigarquality.com\/en\/wp-json\/wp\/v2\/media\/77125"}],"wp:attachment":[{"href":"https:\/\/cigarquality.com\/en\/wp-json\/wp\/v2\/media?parent=77128"}],"wp:term":[{"taxonomy":"product_brand","embeddable":true,"href":"https:\/\/cigarquality.com\/en\/wp-json\/wp\/v2\/product_brand?post=77128"},{"taxonomy":"product_cat","embeddable":true,"href":"https:\/\/cigarquality.com\/en\/wp-json\/wp\/v2\/product_cat?post=77128"},{"taxonomy":"product_tag","embeddable":true,"href":"https:\/\/cigarquality.com\/en\/wp-json\/wp\/v2\/product_tag?post=77128"}],"curies":[{"name":"wp","href":"https:\/\/api.w.org\/{rel}","templated":true}]}}