{"id":77122,"date":"2022-07-29T12:13:28","date_gmt":"2022-07-29T11:13:28","guid":{"rendered":"https:\/\/cigarquality.com\/?post_type=product&#038;p=77122"},"modified":"2025-10-14T08:28:09","modified_gmt":"2025-10-14T06:28:09","slug":"oliva-serie-o-double-toro-10","status":"publish","type":"product","link":"https:\/\/cigarquality.com\/en\/boutique\/cigares-nicaraguayens\/oliva\/oliva-serie-o\/oliva-serie-o-double-toro-10\/","title":{"rendered":"Oliva Serie O Double Toro (10)"},"content":{"rendered":"<p><span data-sheets-value=\"{&quot;1&quot;:2,&quot;2&quot;:&quot;Le Oliva S\u00e9rie O Double Toro est fabriqu\u00e9 dans la plus pure tradition cubaine consistant \u00e0 faire pousser la m\u00eame graine de Habano dans diverses r\u00e9gions du pays pour produire un m\u00e9lange prononc\u00e9.nnLe m\u00e9lange du cigare Oliva S\u00e9rie O Double Toro a \u00e9t\u00e9 obtenu en faisant pousser le Habano dans les r\u00e9gions d\u2019Esteli, de Condega et la vall\u00e9e de Jalapa.nnCe cigare au module Double Toro mesure 152 mm de longueur pour 24 mm de diam\u00e8tre. C'est un cigare puissant not\u00e9 3\/5 vendu en bo\u00eete de 10 cigares. Il faut compter 60 \u00e0 75 minutes pour le d\u00e9guster convenablement.&quot;}\" data-sheets-userformat=\"{&quot;2&quot;:15357,&quot;3&quot;:{&quot;1&quot;:0},&quot;5&quot;:{&quot;1&quot;:[{&quot;1&quot;:2,&quot;2&quot;:0,&quot;5&quot;:{&quot;1&quot;:2,&quot;2&quot;:0}},{&quot;1&quot;:0,&quot;2&quot;:0,&quot;3&quot;:3},{&quot;1&quot;:1,&quot;2&quot;:0,&quot;4&quot;:1}]},&quot;6&quot;:{&quot;1&quot;:[{&quot;1&quot;:2,&quot;2&quot;:0,&quot;5&quot;:{&quot;1&quot;:2,&quot;2&quot;:0}},{&quot;1&quot;:0,&quot;2&quot;:0,&quot;3&quot;:3},{&quot;1&quot;:1,&quot;2&quot;:0,&quot;4&quot;:1}]},&quot;7&quot;:{&quot;1&quot;:[{&quot;1&quot;:2,&quot;2&quot;:0,&quot;5&quot;:{&quot;1&quot;:2,&quot;2&quot;:0}},{&quot;1&quot;:0,&quot;2&quot;:0,&quot;3&quot;:3},{&quot;1&quot;:1,&quot;2&quot;:0,&quot;4&quot;:1}]},&quot;8&quot;:{&quot;1&quot;:[{&quot;1&quot;:2,&quot;2&quot;:0,&quot;5&quot;:{&quot;1&quot;:2,&quot;2&quot;:0}},{&quot;1&quot;:0,&quot;2&quot;:0,&quot;3&quot;:3},{&quot;1&quot;:1,&quot;2&quot;:0,&quot;4&quot;:1}]},&quot;9&quot;:0,&quot;10&quot;:1,&quot;11&quot;:4,&quot;12&quot;:0,&quot;14&quot;:{&quot;1&quot;:2,&quot;2&quot;:0},&quot;15&quot;:&quot;Calibri&quot;,&quot;16&quot;:10}\">Le Oliva S\u00e9rie O Double Toro est fabriqu\u00e9 dans la plus pure tradition cubaine consistant \u00e0 faire pousser la m\u00eame graine de Habano dans diverses r\u00e9gions du pays pour produire un m\u00e9lange prononc\u00e9.<\/span><\/p>\n<p>Le m\u00e9lange du cigare Oliva S\u00e9rie O Double Toro a \u00e9t\u00e9 obtenu en faisant pousser le Habano dans les r\u00e9gions d\u2019Esteli, de Condega et la vall\u00e9e de Jalapa.<\/p>\n<p>Ce cigare au module Double Toro mesure 152 mm de longueur pour 24 mm de diam\u00e8tre. C&rsquo;est un cigare puissant not\u00e9 3\/5 vendu en bo\u00eete de 10 cigares. Il faut compter 60 \u00e0 75 minutes pour le d\u00e9guster convenablement.<\/p>\n","protected":false},"excerpt":{"rendered":"<p>Box of 10 cigars.<\/p>","protected":false},"featured_media":77119,"template":"","meta":{"_acf_changed":false},"product_brand":[],"product_cat":[19809,24833,31451,31538],"product_tag":[],"class_list":{"0":"post-77122","1":"product","2":"type-product","3":"status-publish","4":"has-post-thumbnail","6":"product_cat-cigares","7":"product_cat-cigares-nicaraguayens","8":"product_cat-oliva","9":"product_cat-oliva-serie-o","10":"product_shipping_class-cigares","12":"first","13":"outofstock","14":"sale","15":"taxable","16":"shipping-taxable","17":"purchasable","18":"product-type-simple"},"acf":[],"_links":{"self":[{"href":"https:\/\/cigarquality.com\/en\/wp-json\/wp\/v2\/product\/77122","targetHints":{"allow":["GET"]}}],"collection":[{"href":"https:\/\/cigarquality.com\/en\/wp-json\/wp\/v2\/product"}],"about":[{"href":"https:\/\/cigarquality.com\/en\/wp-json\/wp\/v2\/types\/product"}],"wp:featuredmedia":[{"embeddable":true,"href":"https:\/\/cigarquality.com\/en\/wp-json\/wp\/v2\/media\/77119"}],"wp:attachment":[{"href":"https:\/\/cigarquality.com\/en\/wp-json\/wp\/v2\/media?parent=77122"}],"wp:term":[{"taxonomy":"product_brand","embeddable":true,"href":"https:\/\/cigarquality.com\/en\/wp-json\/wp\/v2\/product_brand?post=77122"},{"taxonomy":"product_cat","embeddable":true,"href":"https:\/\/cigarquality.com\/en\/wp-json\/wp\/v2\/product_cat?post=77122"},{"taxonomy":"product_tag","embeddable":true,"href":"https:\/\/cigarquality.com\/en\/wp-json\/wp\/v2\/product_tag?post=77122"}],"curies":[{"name":"wp","href":"https:\/\/api.w.org\/{rel}","templated":true}]}}