{"id":77117,"date":"2022-07-29T12:09:19","date_gmt":"2022-07-29T11:09:19","guid":{"rendered":"https:\/\/cigarquality.com\/?post_type=product&#038;p=77117"},"modified":"2025-07-25T13:42:49","modified_gmt":"2025-07-25T11:42:49","slug":"oliva-connecticut-reserve-toro-tubos-10","status":"publish","type":"product","link":"https:\/\/cigarquality.com\/en\/boutique\/cigares-nicaraguayens\/oliva\/oliva-connecticut-reserve\/oliva-connecticut-reserve-toro-tubos-10\/","title":{"rendered":"Oliva Connecticut Reserve Toro Tubos (10)"},"content":{"rendered":"<p><span data-sheets-value=\"{&quot;1&quot;:2,&quot;2&quot;:&quot;Les cigares Oliva Connecticut Reserve Toro Tubos sont m\u00e9lang\u00e9s \u00e0 partir de longues tripes et de sous-capes nicaraguayennes de choix, finis uniquement avec la meilleure cape brune dor\u00e9e du Connecticut \u00e9quatorien. nnLe Oliva Connecticut Reserve Toro Tubos de corps moyen d\u00e9gage un riche profil de saveur dans une fum\u00e9e douce et soyeuse. C\u2019est un excellent cigare avec beaucoup de saveur mais pas trop puissant. Ces cigares vous apportent un go\u00fbt de douceur, d\u2019amandes grill\u00e9es et de beurre cr\u00e9meux. nnCe cigare magnifiquement construit offre un profil conforme \u00e0 la qualit\u00e9 exceptionnelle que nous attendons d\u2019Oliva.nnCe cigare au module Toro mesure 152 mm de longueur pour 19,8 mm de diam\u00e8tre. C'est un cigare puissant not\u00e9 2\/5 vendu en bo\u00eete de 10 cigares. Il faut compter 50 \u00e0 70 minutes pour le d\u00e9guster convenablement.&quot;}\" data-sheets-userformat=\"{&quot;2&quot;:15357,&quot;3&quot;:{&quot;1&quot;:0},&quot;5&quot;:{&quot;1&quot;:[{&quot;1&quot;:2,&quot;2&quot;:0,&quot;5&quot;:{&quot;1&quot;:2,&quot;2&quot;:0}},{&quot;1&quot;:0,&quot;2&quot;:0,&quot;3&quot;:3},{&quot;1&quot;:1,&quot;2&quot;:0,&quot;4&quot;:1}]},&quot;6&quot;:{&quot;1&quot;:[{&quot;1&quot;:2,&quot;2&quot;:0,&quot;5&quot;:{&quot;1&quot;:2,&quot;2&quot;:0}},{&quot;1&quot;:0,&quot;2&quot;:0,&quot;3&quot;:3},{&quot;1&quot;:1,&quot;2&quot;:0,&quot;4&quot;:1}]},&quot;7&quot;:{&quot;1&quot;:[{&quot;1&quot;:2,&quot;2&quot;:0,&quot;5&quot;:{&quot;1&quot;:2,&quot;2&quot;:0}},{&quot;1&quot;:0,&quot;2&quot;:0,&quot;3&quot;:3},{&quot;1&quot;:1,&quot;2&quot;:0,&quot;4&quot;:1}]},&quot;8&quot;:{&quot;1&quot;:[{&quot;1&quot;:2,&quot;2&quot;:0,&quot;5&quot;:{&quot;1&quot;:2,&quot;2&quot;:0}},{&quot;1&quot;:0,&quot;2&quot;:0,&quot;3&quot;:3},{&quot;1&quot;:1,&quot;2&quot;:0,&quot;4&quot;:1}]},&quot;9&quot;:0,&quot;10&quot;:1,&quot;11&quot;:4,&quot;12&quot;:0,&quot;14&quot;:{&quot;1&quot;:2,&quot;2&quot;:0},&quot;15&quot;:&quot;Calibri&quot;,&quot;16&quot;:10}\">Les cigares Oliva Connecticut Reserve Toro Tubos sont m\u00e9lang\u00e9s \u00e0 partir de longues tripes et de sous-capes nicaraguayennes de choix, finis uniquement avec la meilleure cape brune dor\u00e9e du Connecticut \u00e9quatorien. <\/span><\/p>\n<p>Le Oliva Connecticut Reserve Toro Tubos de corps moyen d\u00e9gage un riche profil de saveur dans une fum\u00e9e douce et soyeuse. C\u2019est un excellent cigare avec beaucoup de saveur mais pas trop puissant. Ces cigares vous apportent un go\u00fbt de douceur, d\u2019amandes grill\u00e9es et de beurre cr\u00e9meux.<\/p>\n<p>Ce cigare magnifiquement construit offre un profil conforme \u00e0 la qualit\u00e9 exceptionnelle que nous attendons d\u2019Oliva.<\/p>\n<p>Ce cigare au module Toro mesure 152 mm de longueur pour 19,8 mm de diam\u00e8tre. C&rsquo;est un cigare puissant not\u00e9 2\/5 vendu en bo\u00eete de 10 cigares. Il faut compter 50 \u00e0 70 minutes pour le d\u00e9guster convenablement.<\/p>\n","protected":false},"excerpt":{"rendered":"<p>Box of 10 cigars.<\/p>","protected":false},"featured_media":77113,"template":"","meta":{"_acf_changed":false},"product_brand":[],"product_cat":[19809,24833,31451,39979],"product_tag":[],"class_list":{"0":"post-77117","1":"product","2":"type-product","3":"status-publish","4":"has-post-thumbnail","6":"product_cat-cigares","7":"product_cat-cigares-nicaraguayens","8":"product_cat-oliva","9":"product_cat-oliva-connecticut-reserve","10":"product_shipping_class-cigares","12":"first","13":"instock","14":"sale","15":"taxable","16":"shipping-taxable","17":"purchasable","18":"product-type-simple"},"acf":[],"_links":{"self":[{"href":"https:\/\/cigarquality.com\/en\/wp-json\/wp\/v2\/product\/77117","targetHints":{"allow":["GET"]}}],"collection":[{"href":"https:\/\/cigarquality.com\/en\/wp-json\/wp\/v2\/product"}],"about":[{"href":"https:\/\/cigarquality.com\/en\/wp-json\/wp\/v2\/types\/product"}],"wp:featuredmedia":[{"embeddable":true,"href":"https:\/\/cigarquality.com\/en\/wp-json\/wp\/v2\/media\/77113"}],"wp:attachment":[{"href":"https:\/\/cigarquality.com\/en\/wp-json\/wp\/v2\/media?parent=77117"}],"wp:term":[{"taxonomy":"product_brand","embeddable":true,"href":"https:\/\/cigarquality.com\/en\/wp-json\/wp\/v2\/product_brand?post=77117"},{"taxonomy":"product_cat","embeddable":true,"href":"https:\/\/cigarquality.com\/en\/wp-json\/wp\/v2\/product_cat?post=77117"},{"taxonomy":"product_tag","embeddable":true,"href":"https:\/\/cigarquality.com\/en\/wp-json\/wp\/v2\/product_tag?post=77117"}],"curies":[{"name":"wp","href":"https:\/\/api.w.org\/{rel}","templated":true}]}}